{"id":1955,"date":"2025-09-23T14:28:54","date_gmt":"2025-09-23T12:28:54","guid":{"rendered":"https:\/\/www.swiss-streethockey.ch\/?page_id=1955"},"modified":"2026-01-26T09:06:17","modified_gmt":"2026-01-26T08:06:17","slug":"sponsoring","status":"publish","type":"page","link":"https:\/\/www.swiss-streethockey.ch\/fr\/national-teams\/sponsoring\/","title":{"rendered":"SPONSORING DE L&rsquo;\u00c9QUIPE NATIONALE SUISSE DE STREETHOCKEY"},"content":{"rendered":"<div class=\"wpb-content-wrapper\"><p>[vc_row rowmarginbottom=\u00a0\u00bbrow-mb-standard\u00a0\u00bb][vc_column]\r\n              <div class=\"modul--headline \"><h2 class=\"text-start\">SPONSORING DE L'\u00c9QUIPE NATIONALE SUISSE DE STREETHOCKEY - WARM-UP SHIRT<\/h2><\/div>[vc_column_text css=\u00a0\u00bb.vc_custom_1759129481055{margin-bottom: 0px !important;}\u00a0\u00bb]Rien ne lie davantage un joueur ou une joueuse de l&rsquo;\u00e9quipe nationale que le fait de rev\u00eatir les couleurs de son pays. Swiss Streethockey offre la possibilit\u00e9 d&rsquo;\u00eatre aux premi\u00e8res loges pour suivre l&rsquo;\u00e9quipe nationale et vivre ses \u00e9motions.<\/p>\n<p><b><strong>Offre:<\/strong><\/b><\/p>\n<ul>\n<li>En \u00e9change d&rsquo;une contribution financi\u00e8re de 300 CHF \u00e0 la mission masculine ou f\u00e9minine pour la Coupe du monde 2026 \u00e0 Ostrava ou la Coupe du monde U18 2026 (lieu encore inconnu), votre logo ornera le maillot d&rsquo;entr\u00e9e de notre \u00e9quipe nationale.<\/li>\n<li>En \u00e9change d&rsquo;une contribution financi\u00e8re de 400 CHF \u00e0 la mission masculine ou f\u00e9minine pour la Coupe du monde 2026 \u00e0 Ostrava ou la Coupe du monde U18 2026 (lieu encore inconnu), votre logo ornera le maillot d&rsquo;entr\u00e9e de notre \u00e9quipe nationale et vous recevrez un maillot d&rsquo;entr\u00e9e personnalis\u00e9.<\/li>\n<\/ul>\n<p>[\/vc_column_text]\r\n              <div class=\"modul--headline \"><h2 class=\"text-start\">Proc\u00e9dure<\/h2><\/div>[vc_column_text css=\u00a0\u00bb\u00a0\u00bb]Si vous souhaitez devenir sponsor de l&rsquo;une de nos \u00e9quipes nationales, veuillez remplir le formulaire et s\u00e9lectionner l&rsquo;\u00e9quipe que vous souhaitez soutenir ainsi que le montant du sponsoring.<\/p>\n<p>Le secr\u00e9tariat vous enverra ensuite la facture correspondant au montant du sponsoring et vous demandera de lui fournir le logo vectoris\u00e9 de votre entreprise. Si vous avez choisi la deuxi\u00e8me offre de sponsoring (400,00 CHF), vous recevrez par la poste avant fin juin 2026 un exemplaire fra\u00eechement imprim\u00e9 du maillot d&rsquo;entr\u00e9e avec votre logo.[\/vc_column_text][\/vc_column][\/vc_row][vc_row full_width=\u00a0\u00bbstretch_row\u00a0\u00bb custom_row_class=\u00a0\u00bbsolidgrey\u00a0\u00bb rowmarginbottom=\u00a0\u00bbrow-mb-standard\u00a0\u00bb][vc_column]\r\n              <div class=\"modul--headline \"><h2 class=\"text-start\">Formulaire<\/h2><\/div>\n<div class=\"wpcf7 no-js\" id=\"wpcf7-f1974-o1\" lang=\"de-DE\" dir=\"ltr\" data-wpcf7-id=\"1974\">\n<div class=\"screen-reader-response\"><p role=\"status\" aria-live=\"polite\" aria-atomic=\"true\"><\/p> <ul><\/ul><\/div>\n<form action=\"\/fr\/wp-json\/wp\/v2\/pages\/1955#wpcf7-f1974-o1\" method=\"post\" class=\"wpcf7-form init\" aria-label=\"Kontaktformular\" novalidate=\"novalidate\" data-status=\"init\">\n<fieldset class=\"hidden-fields-container\"><input type=\"hidden\" name=\"_wpcf7\" value=\"1974\" \/><input type=\"hidden\" name=\"_wpcf7_version\" value=\"6.1.5\" \/><input type=\"hidden\" name=\"_wpcf7_locale\" value=\"de_DE\" \/><input type=\"hidden\" name=\"_wpcf7_unit_tag\" value=\"wpcf7-f1974-o1\" \/><input type=\"hidden\" name=\"_wpcf7_container_post\" value=\"0\" \/><input type=\"hidden\" name=\"_wpcf7_posted_data_hash\" value=\"\" \/>\n<\/fieldset>\n<div class=\"\">\n  <div class=\"row\">\n    <div class=\"col-md-6 mb-3\"><span class=\"wpcf7-form-control-wrap\" data-name=\"firstname\"><input size=\"40\" maxlength=\"400\" class=\"wpcf7-form-control wpcf7-text wpcf7-validates-as-required form-control\" aria-required=\"true\" aria-invalid=\"false\" placeholder=\"Pr\u00e9nom*\" value=\"\" type=\"text\" name=\"firstname\" \/><\/span><\/div>\n    <div class=\"col-md-6 mb-3\"><span class=\"wpcf7-form-control-wrap\" data-name=\"lastname\"><input size=\"40\" maxlength=\"400\" class=\"wpcf7-form-control wpcf7-text wpcf7-validates-as-required form-control\" aria-required=\"true\" aria-invalid=\"false\" placeholder=\"Nom*\" value=\"\" type=\"text\" name=\"lastname\" \/><\/span><\/div>\n    <div class=\"col-md-12 mb-3\"><span class=\"wpcf7-form-control-wrap\" data-name=\"address\"><input size=\"40\" maxlength=\"400\" class=\"wpcf7-form-control wpcf7-text wpcf7-validates-as-required form-control\" aria-required=\"true\" aria-invalid=\"false\" placeholder=\"Adresse*\" value=\"\" type=\"text\" name=\"address\" \/><\/span><\/div>\n    <div class=\"col-md-6 mb-3\"><span class=\"wpcf7-form-control-wrap\" data-name=\"zip\"><input size=\"40\" maxlength=\"400\" class=\"wpcf7-form-control wpcf7-text wpcf7-validates-as-required form-control\" aria-required=\"true\" aria-invalid=\"false\" placeholder=\"Code postal*\" value=\"\" type=\"text\" name=\"zip\" \/><\/span><\/div>\n    <div class=\"col-md-6 mb-3\"><span class=\"wpcf7-form-control-wrap\" data-name=\"city\"><input size=\"40\" maxlength=\"400\" class=\"wpcf7-form-control wpcf7-text wpcf7-validates-as-required form-control\" aria-required=\"true\" aria-invalid=\"false\" placeholder=\"Lieu de r\u00e9sidence*\" value=\"\" type=\"text\" name=\"city\" \/><\/span><\/div>\n    <div class=\"col-md-12 mb-3\"><span class=\"wpcf7-form-control-wrap\" data-name=\"club\"><input size=\"40\" maxlength=\"400\" class=\"wpcf7-form-control wpcf7-text wpcf7-validates-as-required form-control\" aria-required=\"true\" aria-invalid=\"false\" placeholder=\"Entreprise*\" value=\"\" type=\"text\" name=\"club\" \/><\/span><\/div>\n    <div class=\"col-md-6 mb-3\"><span class=\"wpcf7-form-control-wrap\" data-name=\"yourmail\"><input size=\"40\" maxlength=\"400\" class=\"wpcf7-form-control wpcf7-email wpcf7-validates-as-required wpcf7-text wpcf7-validates-as-email form-control\" aria-required=\"true\" aria-invalid=\"false\" placeholder=\"E-Mail*\" value=\"\" type=\"email\" name=\"yourmail\" \/><\/span><\/div>\n    <div class=\"col-md-6 mb-3\"><span class=\"wpcf7-form-control-wrap\" data-name=\"phone\"><input size=\"40\" maxlength=\"400\" class=\"wpcf7-form-control wpcf7-text wpcf7-validates-as-required form-control\" aria-required=\"true\" aria-invalid=\"false\" placeholder=\"T\u00e9l\u00e9phone*\" value=\"\" type=\"text\" name=\"phone\" \/><\/span><\/div>\nNationalteam:\n    <div class=\"col-md-12 mb-3\"><span class=\"wpcf7-form-control-wrap\" data-name=\"radio-564\"><span class=\"wpcf7-form-control wpcf7-radio\"><span class=\"wpcf7-list-item first\"><label><input type=\"radio\" name=\"radio-564\" value=\"\u00c9quipe nationale f\u00e9minine\" \/><span class=\"wpcf7-list-item-label\">\u00c9quipe nationale f\u00e9minine<\/span><\/label><\/span><span class=\"wpcf7-list-item\"><label><input type=\"radio\" name=\"radio-564\" value=\"\u00c9quipe nationale masculine\" \/><span class=\"wpcf7-list-item-label\">\u00c9quipe nationale masculine<\/span><\/label><\/span><span class=\"wpcf7-list-item last\"><label><input type=\"radio\" name=\"radio-564\" value=\"\u00c9quipe nationale U18\" \/><span class=\"wpcf7-list-item-label\">\u00c9quipe nationale U18<\/span><\/label><\/span><\/span><\/span>\n    <\/div> \nMontant du sponsoring:\n<span class=\"wpcf7-form-control-wrap\" data-name=\"Sponsoring-Betrag\"><span class=\"wpcf7-form-control wpcf7-radio\"><span class=\"wpcf7-list-item first\"><label><input type=\"radio\" name=\"Sponsoring-Betrag\" value=\"Fr. 300.00 Logo sur le t-shirt d&#039;entr\u00e9e\" \/><span class=\"wpcf7-list-item-label\">Fr. 300.00 Logo sur le t-shirt d&#039;entr\u00e9e<\/span><\/label><\/span><span class=\"wpcf7-list-item last\"><label><input type=\"radio\" name=\"Sponsoring-Betrag\" value=\"Fr. 400.00 Logo sur le t-shirt d&#039;entr\u00e9e \/ 1 exemplaire livr\u00e9\" \/><span class=\"wpcf7-list-item-label\">Fr. 400.00 Logo sur le t-shirt d&#039;entr\u00e9e \/ 1 exemplaire livr\u00e9<\/span><\/label><\/span><\/span><\/span>   \n<div class=\"col-md-12 mb-3\"><div class=\"cf7-cf-turnstile\" style=\"margin-top: 0px; margin-bottom: -15px;\"> <div id=\"cf-turnstile-cf7-474521526\" class=\"cf-turnstile\" data-sitekey=\"0x4AAAAAABeIFOIzKHQlqEKC\" data-theme=\"dark\" data-language=\"auto\" data-size=\"normal\" data-retry=\"auto\" data-retry-interval=\"1000\" data-refresh-expired=\"auto\" data-refresh-timeout=\"auto\" data-action=\"contact-form-7\" data-callback=\"turnstileCF7Callback\" data-appearance=\"always\"><\/div> <script>document.addEventListener(\"DOMContentLoaded\", function() { setTimeout(function(){ var e=document.getElementById(\"cf-turnstile-cf7-474521526\"); if(e&&!e.innerHTML.trim()){turnstile.render(e, {sitekey:\"0x4AAAAAABeIFOIzKHQlqEKC\"});} }, 200); });<\/script> <br class=\"cf-turnstile-br cf-turnstile-br-cf7-474521526\"> <style>#cf-turnstile-cf7-474521526 { margin-left: -15px; }<\/style> <script>document.addEventListener(\"DOMContentLoaded\",function(){document.querySelectorAll('.wpcf7-form').forEach(function(e){e.addEventListener('submit',function(){if(document.getElementById('cf-turnstile-cf7-474521526')){setTimeout(function(){turnstile.reset('#cf-turnstile-cf7-474521526');},1000)}})})});<\/script> <\/div><\/div>\n    <div class=\"col-md-12 mb-3\"><input class=\"wpcf7-form-control wpcf7-submit has-spinner form-control\" type=\"submit\" value=\"Envoyer\" \/><\/div>\n  <\/div>\n<\/div><div class=\"wpcf7-response-output\" aria-hidden=\"true\"><\/div>\n<\/form>\n<\/div>\n[\/vc_column][\/vc_row][vc_row full_width=\u00a0\u00bbstretch_row\u00a0\u00bb custom_row_class=\u00a0\u00bbsolidgrey\u00a0\u00bb rowmarginbottom=\u00a0\u00bbrow-mb-standard\u00a0\u00bb][vc_column]\r\n              <div class=\"modul--headline \"><h2 class=\"text-start\">Parrainer un montant d'argent libre<\/h2><\/div>[vc_single_image image=\u00a0\u00bb2035&Prime; img_size=\u00a0\u00bbmedium\u00a0\u00bb alignment=\u00a0\u00bbcenter\u00a0\u00bb css=\u00a0\u00bb\u00a0\u00bb][\/vc_column][\/vc_row][vc_row full_width=\u00a0\u00bbstretch_row\u00a0\u00bb custom_row_class=\u00a0\u00bbsolidgrey\u00a0\u00bb rowmarginbottom=\u00a0\u00bbrow-mb-standard\u00a0\u00bb][vc_column]\r\n              <div class=\"modul--headline \"><h2 class=\"text-start\">Crowd-Funding Men's Nationalteam<\/h2><\/div>\r\n            <div class=\"module-button text-left\" style=\"margin-bottom: 1rem\">\r\n                <a href=\"https:\/\/www.ibelieveinyou.ch\/de\/project\/3863\/mission-ostrava-streethockey-wm\" target=\"_blank\"  class=\"btn btn-primary\">\r\n                    Cliquez ici pour acc\u00e9der \u00e0 la plateforme \r\n                    <svg width=\"11\" height=\"18\" viewBox=\"0 0 11 18\" fill=\"none\" xmlns=\"http:\/\/www.w3.org\/2000\/svg\">\r\n                        <path d=\"M1.48511 18L11 9.00344L1.48511 0L0 1.40528L8.02978 9.00344L0 16.6016L1.48511 18Z\" fill=\"white\"\/>\r\n                    <\/svg>\r\n                <\/a>\r\n            <\/div>\r\n            [\/vc_column][\/vc_row][vc_row full_width=\u00a0\u00bbstretch_row\u00a0\u00bb custom_row_class=\u00a0\u00bbsolidgrey\u00a0\u00bb rowmarginbottom=\u00a0\u00bbrow-mb-standard\u00a0\u00bb][vc_column]\r\n              <div class=\"modul--headline \"><h2 class=\"text-start\">Crowd-Funding Women's Nationalteam<\/h2><\/div>\r\n            <div class=\"module-button text-left\" style=\"margin-bottom: 1rem\">\r\n                <a href=\"https:\/\/www.ibelieveinyou.ch\/de\/project\/3903\/damen-wm-streethockey\" target=\"_blank\"  class=\"btn btn-primary\">\r\n                    Cliquez ici pour acc\u00e9der \u00e0 la plateforme \r\n                    <svg width=\"11\" height=\"18\" viewBox=\"0 0 11 18\" fill=\"none\" xmlns=\"http:\/\/www.w3.org\/2000\/svg\">\r\n                        <path d=\"M1.48511 18L11 9.00344L1.48511 0L0 1.40528L8.02978 9.00344L0 16.6016L1.48511 18Z\" fill=\"white\"\/>\r\n                    <\/svg>\r\n                <\/a>\r\n            <\/div>\r\n            [\/vc_column][\/vc_row]<\/p>\n<\/div>","protected":false},"excerpt":{"rendered":"<p>[vc_row rowmarginbottom=\u00a0\u00bbrow-mb-standard\u00a0\u00bb][vc_column][vc_column_text css=\u00a0\u00bb.vc_custom_1759129481055{margin-bottom: 0px !important;}\u00a0\u00bb]Rien ne lie davantage un joueur ou une joueuse de l&rsquo;\u00e9quipe nationale que le fait de rev\u00eatir les couleurs de son pays. Swiss Streethockey offre la possibilit\u00e9 d&rsquo;\u00eatre aux premi\u00e8res loges pour suivre l&rsquo;\u00e9quipe nationale et vivre ses \u00e9motions. Offre: En \u00e9change d&rsquo;une contribution financi\u00e8re de 300 CHF \u00e0 la mission [&hellip;]<\/p>\n","protected":false},"author":3,"featured_media":0,"parent":1403,"menu_order":10,"comment_status":"closed","ping_status":"closed","template":"","meta":{"_acf_changed":false,"footnotes":""},"class_list":["post-1955","page","type-page","status-publish","hentry"],"acf":[],"_links":{"self":[{"href":"https:\/\/www.swiss-streethockey.ch\/fr\/wp-json\/wp\/v2\/pages\/1955","targetHints":{"allow":["GET"]}}],"collection":[{"href":"https:\/\/www.swiss-streethockey.ch\/fr\/wp-json\/wp\/v2\/pages"}],"about":[{"href":"https:\/\/www.swiss-streethockey.ch\/fr\/wp-json\/wp\/v2\/types\/page"}],"author":[{"embeddable":true,"href":"https:\/\/www.swiss-streethockey.ch\/fr\/wp-json\/wp\/v2\/users\/3"}],"replies":[{"embeddable":true,"href":"https:\/\/www.swiss-streethockey.ch\/fr\/wp-json\/wp\/v2\/comments?post=1955"}],"version-history":[{"count":11,"href":"https:\/\/www.swiss-streethockey.ch\/fr\/wp-json\/wp\/v2\/pages\/1955\/revisions"}],"predecessor-version":[{"id":2084,"href":"https:\/\/www.swiss-streethockey.ch\/fr\/wp-json\/wp\/v2\/pages\/1955\/revisions\/2084"}],"up":[{"embeddable":true,"href":"https:\/\/www.swiss-streethockey.ch\/fr\/wp-json\/wp\/v2\/pages\/1403"}],"wp:attachment":[{"href":"https:\/\/www.swiss-streethockey.ch\/fr\/wp-json\/wp\/v2\/media?parent=1955"}],"curies":[{"name":"wp","href":"https:\/\/api.w.org\/{rel}","templated":true}]}}