{"id":1458,"date":"2025-05-05T10:05:11","date_gmt":"2025-05-05T08:05:11","guid":{"rendered":"https:\/\/www.swiss-streethockey.ch\/schiedsrichter\/"},"modified":"2025-08-20T11:30:15","modified_gmt":"2025-08-20T09:30:15","slug":"schiedsrichter","status":"publish","type":"page","link":"https:\/\/www.swiss-streethockey.ch\/fr\/ausbildung\/schiedsrichter\/","title":{"rendered":"Arbitre"},"content":{"rendered":"<div class=\"wpb-content-wrapper\"><p>[vc_row rowmarginbottom=\u00a0\u00bbrow-mb-standard\u00a0\u00bb][vc_column]\r\n              <div class=\"modul--headline \"><h2 class=\"text-start\">Formation des arbitres<\/h2><\/div>[vc_column_text css=\u00a0\u00bb.vc_custom_1752157177606{margin-bottom: 0px !important;}\u00a0\u00bb]Les arbitres sont r\u00e9partis dans les cat\u00e9gories suivantes :<\/p>\n<ul>\n<li>Responsable de jeu<\/li>\n<li>Joueurs actifs ou entra\u00eeneurs pour diriger des matchs M9, M12 et M15<\/li>\n<li>Arbitre petit terrain<\/li>\n<li>Avoir suivi le cours de base et avoir pass\u00e9 l&rsquo;examen de base pour diriger des matchs de CL 1 et CL 2<\/li>\n<li>Arbitre grand terrain<\/li>\n<li>Avoir suivi la formation continue 2 et avoir pass\u00e9 l&rsquo;examen professionnel pour diriger des matchs de NL et de M18 grand terrain.<\/li>\n<\/ul>\n<p>La commission des arbitres de Swiss Streethockey est responsable de la formation et de la formation continue des arbitres. Les cours de formation ont lieu en \u00e9t\u00e9, la partie pratique et la formation continue peuvent avoir lieu en automne avec des matchs de pr\u00e9paration.[\/vc_column_text][\/vc_column][\/vc_row][vc_row full_width=\u00a0\u00bbstretch_row\u00a0\u00bb custom_row_class=\u00a0\u00bbsolidgrey\u00a0\u00bb rowmarginbottom=\u00a0\u00bbrow-mb-standard\u00a0\u00bb][vc_column]\r\n              <div class=\"modul--headline \"><h2 class=\"text-start\">Inscription au cours de base (arbitre petit terrain)<\/h2><\/div>[vc_column_text css=\u00a0\u00bb\u00a0\u00bb]Veuillez indiquer votre propre adresse e-mail et votre num\u00e9ro de t\u00e9l\u00e9phone pour chaque inscription (pas d&rsquo;adresse e-mail d&rsquo;association).<\/p>\n<p><strong>Les cours ne sont organis\u00e9s qu&rsquo;en cas d&rsquo;inscriptions suffisantes et sont donn\u00e9s en allemand. Les cours en fran\u00e7ais sont organis\u00e9s sur demande.<\/strong><\/p>\n<p>Lieu : les cours ont lieu \u00e0 la Maison du Sport (Talgut-Zentrum 27, 3063 Ittigen pr\u00e8s de Berne, www.hausdessports.ch).<\/p>\n<ul>\n<li>Direction du cours en allemand : Patrick Aerni, Marco Friedli<\/li>\n<li>Direction du cours en fran\u00e7ais : Alexandre Varca, Andr\u00e9as Sakkas<\/li>\n<li>Prix par participant (test en ligne et d\u00e9jeuner inclus) : 80.-<\/li>\n<li>Le nombre de participants par date de cours est limit\u00e9 \u00e0 16.<\/li>\n<li>Le d\u00e9lai d&rsquo;inscription est de 10 jours avant le cours.<\/li>\n<\/ul>\n<p>Responsable du cours : Jo\u00ebl Kr\u00e4henb\u00fchl \/\/ schiedsrichter@swiss-streethockey.ch<\/p>\n<p><strong>Lieu du cours de base<\/strong><\/p>\n<p>Maison du sport, centre Talgut 27, 3063 Ittigen pr\u00e8s de Berne<\/p>\n<p><strong>Information<\/strong><\/p>\n<p>Lors de l&rsquo;inscription, il n&rsquo;y a pas de confirmation automatique du cours. Tous les participants re\u00e7oivent avant le d\u00e9but du cours un e-mail de confirmation et des informations suppl\u00e9mentaires sur le cours de la part de la direction du cours.[\/vc_column_text][\/vc_column][\/vc_row][vc_row rowmarginbottom=\u00a0\u00bbrow-mb-standard\u00a0\u00bb][vc_column]\r\n              <div class=\"modul--headline \"><h2 class=\"text-start\">Plateforme d'exercices<\/h2><\/div>\r\n            <div class=\"module-button text-left\" style=\"margin-bottom: 1rem\">\r\n                <a href=\"https:\/\/e-learning.swiss-streethockey.ch\/public\/demo\/793d758a2a28b8d67770ece6b34d0ed07f7a68c4\" target=\"_blank\"  class=\"btn btn-primary\">\r\n                    Plateforme d'exercices en allemand \r\n                    <svg width=\"11\" height=\"18\" viewBox=\"0 0 11 18\" fill=\"none\" xmlns=\"http:\/\/www.w3.org\/2000\/svg\">\r\n                        <path d=\"M1.48511 18L11 9.00344L1.48511 0L0 1.40528L8.02978 9.00344L0 16.6016L1.48511 18Z\" fill=\"white\"\/>\r\n                    <\/svg>\r\n                <\/a>\r\n            <\/div>\r\n            \r\n            <div class=\"module-button text-left\" style=\"margin-bottom: 1rem\">\r\n                <a href=\"https:\/\/e-learning.swiss-streethockey.ch\/public\/demo\/a721a910ea3efaf3ae018e2ee14c3ea6f08b0ab0\" target=\"_blank\"  class=\"btn btn-primary\">\r\n                    Plateforme d'exercices en fran\u00e7ais \r\n                    <svg width=\"11\" height=\"18\" viewBox=\"0 0 11 18\" fill=\"none\" xmlns=\"http:\/\/www.w3.org\/2000\/svg\">\r\n                        <path d=\"M1.48511 18L11 9.00344L1.48511 0L0 1.40528L8.02978 9.00344L0 16.6016L1.48511 18Z\" fill=\"white\"\/>\r\n                    <\/svg>\r\n                <\/a>\r\n            <\/div>\r\n            [\/vc_column][\/vc_row]<\/p>\n<\/div>","protected":false},"excerpt":{"rendered":"<p>[vc_row rowmarginbottom=\u00a0\u00bbrow-mb-standard\u00a0\u00bb][vc_column][vc_column_text css=\u00a0\u00bb.vc_custom_1752157177606{margin-bottom: 0px !important;}\u00a0\u00bb]Les arbitres sont r\u00e9partis dans les cat\u00e9gories suivantes : Responsable de jeu Joueurs actifs ou entra\u00eeneurs pour diriger des matchs M9, M12 et M15 Arbitre petit terrain Avoir suivi le cours de base et avoir pass\u00e9 l&rsquo;examen de base pour diriger des matchs de CL 1 et CL 2 Arbitre grand [&hellip;]<\/p>\n","protected":false},"author":1,"featured_media":0,"parent":1459,"menu_order":10,"comment_status":"closed","ping_status":"closed","template":"","meta":{"_acf_changed":false,"footnotes":""},"class_list":["post-1458","page","type-page","status-publish","hentry"],"acf":[],"_links":{"self":[{"href":"https:\/\/www.swiss-streethockey.ch\/fr\/wp-json\/wp\/v2\/pages\/1458","targetHints":{"allow":["GET"]}}],"collection":[{"href":"https:\/\/www.swiss-streethockey.ch\/fr\/wp-json\/wp\/v2\/pages"}],"about":[{"href":"https:\/\/www.swiss-streethockey.ch\/fr\/wp-json\/wp\/v2\/types\/page"}],"author":[{"embeddable":true,"href":"https:\/\/www.swiss-streethockey.ch\/fr\/wp-json\/wp\/v2\/users\/1"}],"replies":[{"embeddable":true,"href":"https:\/\/www.swiss-streethockey.ch\/fr\/wp-json\/wp\/v2\/comments?post=1458"}],"version-history":[{"count":6,"href":"https:\/\/www.swiss-streethockey.ch\/fr\/wp-json\/wp\/v2\/pages\/1458\/revisions"}],"predecessor-version":[{"id":1850,"href":"https:\/\/www.swiss-streethockey.ch\/fr\/wp-json\/wp\/v2\/pages\/1458\/revisions\/1850"}],"up":[{"embeddable":true,"href":"https:\/\/www.swiss-streethockey.ch\/fr\/wp-json\/wp\/v2\/pages\/1459"}],"wp:attachment":[{"href":"https:\/\/www.swiss-streethockey.ch\/fr\/wp-json\/wp\/v2\/media?parent=1458"}],"curies":[{"name":"wp","href":"https:\/\/api.w.org\/{rel}","templated":true}]}}