{"id":1457,"date":"2025-05-05T10:05:28","date_gmt":"2025-05-05T08:05:28","guid":{"rendered":"https:\/\/www.swiss-streethockey.ch\/js-ausbildung\/"},"modified":"2025-07-11T09:12:44","modified_gmt":"2025-07-11T07:12:44","slug":"js-ausbildung","status":"publish","type":"page","link":"https:\/\/www.swiss-streethockey.ch\/fr\/ausbildung\/js-ausbildung\/","title":{"rendered":"Formation J+S"},"content":{"rendered":"<div class=\"wpb-content-wrapper\"><p>[vc_row rowmarginbottom=\u00a0\u00bbrow-mb-40&Prime;][vc_column][vc_column_text css=\u00a0\u00bb\u00a0\u00bb]<\/p>\n<h1 class=\"product_title entry-title\">Streethockey &#8211; Manuel enfants et adolescents<\/h1>\n<p>Le manuel Streethockey enfants et adolescents est un compagnon de route compact pour les futurs entra\u00eeneurs dans le cadre de la formation de base J+S. Il est disponible en allemand et en fran\u00e7ais. Con\u00e7u comme un outil p\u00e9dagogique proche de la pratique et sp\u00e9cifique \u00e0 la discipline sportive, il permet aux entra\u00eeneurs de se situer dans une premi\u00e8re approche th\u00e9matique et leur transmet un savoir-faire de base pour leur activit\u00e9.<\/p>\n<p>La compr\u00e9hension de la formation constitue le point de d\u00e9part du manuel Streethockey enfants et adolescents et est th\u00e9matis\u00e9e en introduction dans le chapitre \u00ab Se former en tant qu&rsquo;entra\u00eeneur de street hockey \u00bb. Le chapitre \u00ab Comprendre le street hockey \u00bb aborde les contenus de la discipline sportive. Il r\u00e9pond \u00e0 la question de savoir ce que les entra\u00eeneurs enseignent dans leur activit\u00e9 J+S. Le chapitre \u00ab Enseigner le street hockey \u00bb montre comment les entra\u00eeneurs enseignent les contenus. Dans le cadre de recommandations d&rsquo;action concr\u00e8tes, il aborde des questions p\u00e9dagogiques et m\u00e9thodologiques\/didactiques. Le chapitre final \u00ab Good Practice \u00bb contient un aper\u00e7u des formes de jeu, d&rsquo;exercice et d&rsquo;entra\u00eenement qui ont fait leurs preuves.[\/vc_column_text]\r\n            <div class=\"module-button text-left\" style=\"margin-bottom: 1rem\">\r\n                <a href=\"https:\/\/www.basposhop.ch\/produkt\/streethockey-manual-kinder-und-jugendliche\/\" target=\"_blank\"  class=\"btn btn-primary\">\r\n                    T\u00e9l\u00e9charger le manuel Streethockey en allemand OFSPO \r\n                    <svg width=\"11\" height=\"18\" viewBox=\"0 0 11 18\" fill=\"none\" xmlns=\"http:\/\/www.w3.org\/2000\/svg\">\r\n                        <path d=\"M1.48511 18L11 9.00344L1.48511 0L0 1.40528L8.02978 9.00344L0 16.6016L1.48511 18Z\" fill=\"white\"\/>\r\n                    <\/svg>\r\n                <\/a>\r\n            <\/div>\r\n            \r\n            <div class=\"module-button text-left\" style=\"margin-bottom: 1rem\">\r\n                <a href=\"https:\/\/www.jugendundsport.ch\/de\/streethockey\" target=\"_blank\"  class=\"btn btn-primary\">\r\n                    Streethockey J+S \r\n                    <svg width=\"11\" height=\"18\" viewBox=\"0 0 11 18\" fill=\"none\" xmlns=\"http:\/\/www.w3.org\/2000\/svg\">\r\n                        <path d=\"M1.48511 18L11 9.00344L1.48511 0L0 1.40528L8.02978 9.00344L0 16.6016L1.48511 18Z\" fill=\"white\"\/>\r\n                    <\/svg>\r\n                <\/a>\r\n            <\/div>\r\n            \r\n            <div class=\"module-button text-left\" style=\"margin-bottom: 1rem\">\r\n                <a href=\"https:\/\/www.nds.baspo.admin.ch\/publicArea\/cadreEducationStructure\/cadre\/education-structure\/6056262664250484825\/structure\" target=\"_blank\"  class=\"btn btn-primary\">\r\n                    Structure de formation \r\n                    <svg width=\"11\" height=\"18\" viewBox=\"0 0 11 18\" fill=\"none\" xmlns=\"http:\/\/www.w3.org\/2000\/svg\">\r\n                        <path d=\"M1.48511 18L11 9.00344L1.48511 0L0 1.40528L8.02978 9.00344L0 16.6016L1.48511 18Z\" fill=\"white\"\/>\r\n                    <\/svg>\r\n                <\/a>\r\n            <\/div>\r\n            \r\n            <div class=\"module-button text-left\" style=\"margin-bottom: 1rem\">\r\n                <a href=\"https:\/\/www.nds.baspo.admin.ch\/publicArea\/cadreEducationStructure\/cadre\/education-structure\/6056262664250484825\/schedule\" target=\"_blank\"  class=\"btn btn-primary\">\r\n                    Plan de cours \r\n                    <svg width=\"11\" height=\"18\" viewBox=\"0 0 11 18\" fill=\"none\" xmlns=\"http:\/\/www.w3.org\/2000\/svg\">\r\n                        <path d=\"M1.48511 18L11 9.00344L1.48511 0L0 1.40528L8.02978 9.00344L0 16.6016L1.48511 18Z\" fill=\"white\"\/>\r\n                    <\/svg>\r\n                <\/a>\r\n            <\/div>\r\n            [\/vc_column][\/vc_row][vc_row rowmarginbottom=\u00a0\u00bbrow-mb-standard\u00a0\u00bb][vc_column]<div class=\"overflow-x-auto\"><table class=\"table hippo-table\">\n                <thead>\n                    <tr><th scope=\"col\">Sujet<\/th><th scope=\"col\" class=\"text-md-center\">D\u00e9but<\/th><th scope=\"col\" class=\"text-md-center\">Fin<\/th><th scope=\"col\" class=\"text-md-center\">Langue<\/th><th scope=\"col\" class=\"text-md-center\">D\u00e9lai d'inscription<\/th><th scope=\"col\" class=\"text-md-center\">Lieu<\/th>\n                    <\/tr>\n                <\/thead>\n            <tbody><tr><td data-label=\"Sujet\">Ausbildung Leiter\/in - Leiterkurs 2025<\/td><td class=\"text-md-center\" data-label=\"D\u00e9but\">06.10.2025<\/td><td class=\"text-md-center\" data-label=\"Fin\">11.10.2025<\/td><td class=\"text-md-center\" data-label=\"Langue\">d\/f<\/td><td class=\"text-md-center\" data-label=\"D\u00e9lai d'inscription\">12.08.2025<\/td><td class=\"text-md-center\" data-label=\"Lieu\">Zug<\/td><\/tr><tr><td data-label=\"Sujet\">Ausbildung Leiter\/in - Leiterkurs 2026<\/td><td class=\"text-md-center\" data-label=\"D\u00e9but\">05.10.2026<\/td><td class=\"text-md-center\" data-label=\"Fin\">10.10.2026<\/td><td class=\"text-md-center\" data-label=\"Langue\">d\/f<\/td><td class=\"text-md-center\" data-label=\"D\u00e9lai d'inscription\">04.08.2026<\/td><td class=\"text-md-center\" data-label=\"Lieu\">Zug<\/td><\/tr><tr><td data-label=\"Sujet\">Leiter\/innen Weiterbildung 1 - Modul Fortbildung Leiter\/in<\/td><td class=\"text-md-center\" data-label=\"D\u00e9but\">30.08.2025<\/td><td class=\"text-md-center\" data-label=\"Fin\">30.08.2025<\/td><td class=\"text-md-center\" data-label=\"Langue\">d\/f<\/td><td class=\"text-md-center\" data-label=\"D\u00e9lai d'inscription\">30.07.2025<\/td><td class=\"text-md-center\" data-label=\"Lieu\">Belp<\/td><\/tr><tr><td data-label=\"Sujet\">Leiter\/innen Weiterbildung 1 - Modul Fortbildung Leiter\/in<\/td><td class=\"text-md-center\" data-label=\"D\u00e9but\">29.08.2026<\/td><td class=\"text-md-center\" data-label=\"Fin\">29.08.2026<\/td><td class=\"text-md-center\" data-label=\"Langue\">d\/f<\/td><td class=\"text-md-center\" data-label=\"D\u00e9lai d'inscription\">30.07.2026<\/td><td class=\"text-md-center\" data-label=\"Lieu\">Belp<\/td><\/tr><\/tbody><\/table><\/div>[\/vc_column][\/vc_row][vc_row][vc_column][vc_column_text css=\u00a0\u00bb\u00a0\u00bb]Weitere Informationen und Kursdaten sind auf der Streethockeyseite von J+S zu finden:[\/vc_column_text]\r\n            <div class=\"module-button text-left\" style=\"margin-bottom: 1rem\">\r\n                <a href=\"https:\/\/www.jugendundsport.ch\/de\/streethockey\" target=\"_blank\"  class=\"btn btn-primary\">\r\n                    Plus d'informations et dates de cours \r\n                    <svg width=\"11\" height=\"18\" viewBox=\"0 0 11 18\" fill=\"none\" xmlns=\"http:\/\/www.w3.org\/2000\/svg\">\r\n                        <path d=\"M1.48511 18L11 9.00344L1.48511 0L0 1.40528L8.02978 9.00344L0 16.6016L1.48511 18Z\" fill=\"white\"\/>\r\n                    <\/svg>\r\n                <\/a>\r\n            <\/div>\r\n            [\/vc_column][\/vc_row]<\/p>\n<\/div>","protected":false},"excerpt":{"rendered":"<p>[vc_row rowmarginbottom=\u00a0\u00bbrow-mb-40&Prime;][vc_column][vc_column_text css=\u00a0\u00bb\u00a0\u00bb] Streethockey &#8211; Manuel enfants et adolescents Le manuel Streethockey enfants et adolescents est un compagnon de route compact pour les futurs entra\u00eeneurs dans le cadre de la formation de base J+S. Il est disponible en allemand et en fran\u00e7ais. Con\u00e7u comme un outil p\u00e9dagogique proche de la pratique et sp\u00e9cifique \u00e0 la [&hellip;]<\/p>\n","protected":false},"author":1,"featured_media":0,"parent":1459,"menu_order":20,"comment_status":"closed","ping_status":"closed","template":"","meta":{"_acf_changed":false,"footnotes":""},"class_list":["post-1457","page","type-page","status-publish","hentry"],"acf":[],"_links":{"self":[{"href":"https:\/\/www.swiss-streethockey.ch\/fr\/wp-json\/wp\/v2\/pages\/1457","targetHints":{"allow":["GET"]}}],"collection":[{"href":"https:\/\/www.swiss-streethockey.ch\/fr\/wp-json\/wp\/v2\/pages"}],"about":[{"href":"https:\/\/www.swiss-streethockey.ch\/fr\/wp-json\/wp\/v2\/types\/page"}],"author":[{"embeddable":true,"href":"https:\/\/www.swiss-streethockey.ch\/fr\/wp-json\/wp\/v2\/users\/1"}],"replies":[{"embeddable":true,"href":"https:\/\/www.swiss-streethockey.ch\/fr\/wp-json\/wp\/v2\/comments?post=1457"}],"version-history":[{"count":3,"href":"https:\/\/www.swiss-streethockey.ch\/fr\/wp-json\/wp\/v2\/pages\/1457\/revisions"}],"predecessor-version":[{"id":1815,"href":"https:\/\/www.swiss-streethockey.ch\/fr\/wp-json\/wp\/v2\/pages\/1457\/revisions\/1815"}],"up":[{"embeddable":true,"href":"https:\/\/www.swiss-streethockey.ch\/fr\/wp-json\/wp\/v2\/pages\/1459"}],"wp:attachment":[{"href":"https:\/\/www.swiss-streethockey.ch\/fr\/wp-json\/wp\/v2\/media?parent=1457"}],"curies":[{"name":"wp","href":"https:\/\/api.w.org\/{rel}","templated":true}]}}