{"id":1442,"date":"2025-05-05T10:07:35","date_gmt":"2025-05-05T08:07:35","guid":{"rendered":"https:\/\/www.swiss-streethockey.ch\/organisation\/ethik\/"},"modified":"2025-08-06T11:15:13","modified_gmt":"2025-08-06T09:15:13","slug":"ethik","status":"publish","type":"page","link":"https:\/\/www.swiss-streethockey.ch\/fr\/organisation\/ethik\/","title":{"rendered":"\u00c9thique"},"content":{"rendered":"<div class=\"wpb-content-wrapper\"><p>[vc_row rowmarginbottom=\u00a0\u00bbrow-mb-standard\u00a0\u00bb][vc_column]\r\n              <div class=\"modul--headline \"><h2 class=\"text-start\">L'\u00e9thique chez Swiss Streethockey<\/h2><\/div>[vc_column_text css=\u00a0\u00bb\u00a0\u00bb]Swiss Streethockey s&rsquo;engage pour un sport sain, respectueux, loyal et couronn\u00e9 de succ\u00e8s. L&rsquo;association donne l&rsquo;exemple du fair-play en traitant &#8211; ainsi que ses organes et ses membres &#8211; l&rsquo;autre avec respect, en agissant et en communiquant de mani\u00e8re transparente. L&rsquo;association membre reconna\u00eet la \u00ab Charte d&rsquo;\u00e9thique \u00bb du sport suisse, le statut de dopage de la Swiss Olympic Association et diffuse les principes d&rsquo;\u00e9thique dans ses clubs membres.[\/vc_column_text][vc_empty_space]\r\n              <div class=\"modul--headline \"><h2 class=\"text-start\">Documents<\/h2><\/div>\r\n            <div class=\"module-ButtonDownloadGrid\" style=\"margin-bottom: 1rem\">\r\n            <div class=\"module-ButtonDownloadGrid--text\">Concept \u00e9thique<\/div>\r\n                <a href=\"https:\/\/www.swiss-streethockey.ch\/wp-content\/uploads\/Ethikkonzept-1.pdf\" target=\"_blank\"  class=\"btn btn-primary\">\r\n                    Concept \u00e9thique \r\n                    <svg width=\"18\" height=\"24\" viewBox=\"0 0 18 24\" fill=\"none\" xmlns=\"http:\/\/www.w3.org\/2000\/svg\">\r\n                        <path d=\"M-6.49162e-08 10.4851L8.99655 20L18 10.4851L16.5947 9L8.99655 17.0298L1.39839 9L-6.49162e-08 10.4851Z\" fill=\"white\"\/>\r\n                        <line x1=\"9\" y1=\"18\" x2=\"9\" y2=\"4.37114e-08\" stroke=\"white\" stroke-width=\"2\"\/>\r\n                        <line y1=\"23\" x2=\"18\" y2=\"23\" stroke=\"white\" stroke-width=\"2\"\/>\r\n                    <\/svg>\r\n                <\/a>\r\n            <\/div>\r\n            \r\n            <div class=\"module-ButtonDownloadGrid\" style=\"margin-bottom: 1rem\">\r\n            <div class=\"module-ButtonDownloadGrid--text\">Code de conduite de l'entra\u00eeneur<\/div>\r\n                <a href=\"https:\/\/www.swiss-streethockey.ch\/wp-content\/uploads\/Verhaltenskodex_Trainer-1.pdf\" target=\"_blank\"  class=\"btn btn-primary\">\r\n                    Code de conduite de l'entra\u00eeneur \r\n                    <svg width=\"18\" height=\"24\" viewBox=\"0 0 18 24\" fill=\"none\" xmlns=\"http:\/\/www.w3.org\/2000\/svg\">\r\n                        <path d=\"M-6.49162e-08 10.4851L8.99655 20L18 10.4851L16.5947 9L8.99655 17.0298L1.39839 9L-6.49162e-08 10.4851Z\" fill=\"white\"\/>\r\n                        <line x1=\"9\" y1=\"18\" x2=\"9\" y2=\"4.37114e-08\" stroke=\"white\" stroke-width=\"2\"\/>\r\n                        <line y1=\"23\" x2=\"18\" y2=\"23\" stroke=\"white\" stroke-width=\"2\"\/>\r\n                    <\/svg>\r\n                <\/a>\r\n            <\/div>\r\n            \r\n            <div class=\"module-ButtonDownloadGrid\" style=\"margin-bottom: 1rem\">\r\n            <div class=\"module-ButtonDownloadGrid--text\">Code de conduite des joueurs<\/div>\r\n                <a href=\"https:\/\/www.swiss-streethockey.ch\/wp-content\/uploads\/Verhaltenskodex_Spieler-1.pdf\" target=\"_blank\"  class=\"btn btn-primary\">\r\n                    Code de conduite des joueurs \r\n                    <svg width=\"18\" height=\"24\" viewBox=\"0 0 18 24\" fill=\"none\" xmlns=\"http:\/\/www.w3.org\/2000\/svg\">\r\n                        <path d=\"M-6.49162e-08 10.4851L8.99655 20L18 10.4851L16.5947 9L8.99655 17.0298L1.39839 9L-6.49162e-08 10.4851Z\" fill=\"white\"\/>\r\n                        <line x1=\"9\" y1=\"18\" x2=\"9\" y2=\"4.37114e-08\" stroke=\"white\" stroke-width=\"2\"\/>\r\n                        <line y1=\"23\" x2=\"18\" y2=\"23\" stroke=\"white\" stroke-width=\"2\"\/>\r\n                    <\/svg>\r\n                <\/a>\r\n            <\/div>\r\n            \r\n            <div class=\"module-ButtonDownloadGrid\" style=\"margin-bottom: 1rem\">\r\n            <div class=\"module-ButtonDownloadGrid--text\">Pr\u00e9vention des accidents<\/div>\r\n                <a href=\"https:\/\/www.swiss-streethockey.ch\/wp-content\/uploads\/mb_d_Streethockey.pdf\" target=\"_blank\"  class=\"btn btn-primary\">\r\n                    Pr\u00e9vention des accidents \r\n                    <svg width=\"18\" height=\"24\" viewBox=\"0 0 18 24\" fill=\"none\" xmlns=\"http:\/\/www.w3.org\/2000\/svg\">\r\n                        <path d=\"M-6.49162e-08 10.4851L8.99655 20L18 10.4851L16.5947 9L8.99655 17.0298L1.39839 9L-6.49162e-08 10.4851Z\" fill=\"white\"\/>\r\n                        <line x1=\"9\" y1=\"18\" x2=\"9\" y2=\"4.37114e-08\" stroke=\"white\" stroke-width=\"2\"\/>\r\n                        <line y1=\"23\" x2=\"18\" y2=\"23\" stroke=\"white\" stroke-width=\"2\"\/>\r\n                    <\/svg>\r\n                <\/a>\r\n            <\/div>\r\n            \r\n            <div class=\"module-ButtonDownloadGrid\" style=\"margin-bottom: 1rem\">\r\n            <div class=\"module-ButtonDownloadGrid--text\">Fiche d'information sur la pr\u00e9vention des accidents<\/div>\r\n                <a href=\"https:\/\/www.swiss-streethockey.ch\/wp-content\/uploads\/Merkblatt_Unfallpraevention-1.pdf\" target=\"_blank\"  class=\"btn btn-primary\">\r\n                    Fiche d'information sur la pr\u00e9vention des accidents \r\n                    <svg width=\"18\" height=\"24\" viewBox=\"0 0 18 24\" fill=\"none\" xmlns=\"http:\/\/www.w3.org\/2000\/svg\">\r\n                        <path d=\"M-6.49162e-08 10.4851L8.99655 20L18 10.4851L16.5947 9L8.99655 17.0298L1.39839 9L-6.49162e-08 10.4851Z\" fill=\"white\"\/>\r\n                        <line x1=\"9\" y1=\"18\" x2=\"9\" y2=\"4.37114e-08\" stroke=\"white\" stroke-width=\"2\"\/>\r\n                        <line y1=\"23\" x2=\"18\" y2=\"23\" stroke=\"white\" stroke-width=\"2\"\/>\r\n                    <\/svg>\r\n                <\/a>\r\n            <\/div>\r\n            \r\n            <div class=\"module-ButtonDownloadGrid\" style=\"margin-bottom: 1rem\">\r\n            <div class=\"module-ButtonDownloadGrid--text\">Liste des produits dopants 2025<\/div>\r\n                <a href=\"https:\/\/www.swiss-streethockey.ch\/wp-content\/uploads\/dopingliste_2025_de.pdf\" target=\"_blank\"  class=\"btn btn-primary\">\r\n                    Liste des produits dopants 2025 \r\n                    <svg width=\"18\" height=\"24\" viewBox=\"0 0 18 24\" fill=\"none\" xmlns=\"http:\/\/www.w3.org\/2000\/svg\">\r\n                        <path d=\"M-6.49162e-08 10.4851L8.99655 20L18 10.4851L16.5947 9L8.99655 17.0298L1.39839 9L-6.49162e-08 10.4851Z\" fill=\"white\"\/>\r\n                        <line x1=\"9\" y1=\"18\" x2=\"9\" y2=\"4.37114e-08\" stroke=\"white\" stroke-width=\"2\"\/>\r\n                        <line y1=\"23\" x2=\"18\" y2=\"23\" stroke=\"white\" stroke-width=\"2\"\/>\r\n                    <\/svg>\r\n                <\/a>\r\n            <\/div>\r\n            [vc_column_text css=\u00a0\u00bb\u00a0\u00bb]Le domaine de l&rsquo;\u00e9thique sur le site Internet de Swiss Olympic contient des informations compl\u00e8tes sur ce sujet.[\/vc_column_text]\r\n            <div class=\"module-button text-left\" style=\"margin-bottom: 1rem\">\r\n                <a href=\"https:\/\/www.sportintegrity.ch\" target=\"_blank\"  class=\"btn btn-primary\">\r\n                    Espace \u00e9thique de Swiss Olympic \r\n                    <svg width=\"11\" height=\"18\" viewBox=\"0 0 11 18\" fill=\"none\" xmlns=\"http:\/\/www.w3.org\/2000\/svg\">\r\n                        <path d=\"M1.48511 18L11 9.00344L1.48511 0L0 1.40528L8.02978 9.00344L0 16.6016L1.48511 18Z\" fill=\"white\"\/>\r\n                    <\/svg>\r\n                <\/a>\r\n            <\/div>\r\n            \r\n            <div class=\"module-button text-left\" style=\"margin-bottom: 1rem\">\r\n                <a href=\"https:\/\/www.swissolympic.ch\/verbaende\/werte-ethik\/ethik-statut\" target=\"_blank\"  class=\"btn btn-primary\">\r\n                    Statut \u00e9thique de Swiss Olympic \r\n                    <svg width=\"11\" height=\"18\" viewBox=\"0 0 11 18\" fill=\"none\" xmlns=\"http:\/\/www.w3.org\/2000\/svg\">\r\n                        <path d=\"M1.48511 18L11 9.00344L1.48511 0L0 1.40528L8.02978 9.00344L0 16.6016L1.48511 18Z\" fill=\"white\"\/>\r\n                    <\/svg>\r\n                <\/a>\r\n            <\/div>\r\n            [\/vc_column][\/vc_row][vc_row full_width=\u00a0\u00bbstretch_row\u00a0\u00bb custom_row_class=\u00a0\u00bbsolidgrey\u00a0\u00bb rowmarginbottom=\u00a0\u00bbrow-mb-standard\u00a0\u00bb][vc_column]\r\n              <div class=\"modul--headline \"><h2 class=\"text-start\">Dopage<\/h2><\/div>[vc_column_text css=\u00a0\u00bb\u00a0\u00bb]<strong>Ensemble pour un sport propre\u2028<\/strong><br \/>\nSwiss Streethockey s&rsquo;engage sans r\u00e9serve pour un sport sans dopage, soutient la pr\u00e9vention du dopage et entretient une collaboration active avec la fondation Swiss Sport Integrity. Un respect cons\u00e9quent des r\u00e8gles antidopage prot\u00e8ge les athl\u00e8tes, l&rsquo;association ainsi que l&rsquo;ensemble du sport streethockey. La direction de Swiss Streethockey tient \u00e0 ce que les athl\u00e8tes, les entra\u00eeneurs, les chefs d&rsquo;\u00e9quipe et le personnel m\u00e9dical connaissent les r\u00e8gles et s&rsquo;engagent pour un streethockey propre.<\/p>\n<p><strong>Qu&rsquo;entend-on par \u00ab dopage \u00bb ?<\/strong><br \/>\nCe ne sont pas seulement les substances interdites dans le corps qui sont interdites, mais aussi, par exemple, leur possession, le refus de se soumettre \u00e0 un contr\u00f4le ou le non-respect de l&rsquo;obligation de d\u00e9clarer, conform\u00e9ment au Statut concernant le dopage de Swiss Olympic.<br \/>\n<a href=\"https:\/\/www.sportintegrity.ch\/anti-doping\/recht\/doping-statut\">En savoir plus sur les onze faits concrets\u00a0<\/a><\/p>\n<p><strong>Les athl\u00e8tes sont responsables !<\/strong><br \/>\nLa Strict Liability est la base de la pr\u00e9vention du dopage. Elle stipule que les sportifs sont seuls responsables de l&rsquo;absence de substances interdites dans leur organisme ou de l&rsquo;utilisation de m\u00e9thodes interdites.<br \/>\n<a href=\"https:\/\/www.sportintegrity.ch\/anti-doping\/praevention\/athleten-knowhow\/rechte-und-pflichten\" target=\"_blank\" rel=\"noopener\">En savoir plus sur les droits et les obligations.<\/a><\/p>\n<p><strong>Toujours v\u00e9rifier les m\u00e9dicaments !\u2028<\/strong><br \/>\nAvant de prendre des m\u00e9dicaments, les athl\u00e8tes doivent toujours v\u00e9rifier qu&rsquo;ils ne contiennent pas de substances interdites. La consultation des m\u00e9dicaments Global DRO fournit des informations \u00e0 ce sujet de mani\u00e8re simple &#8211; via www.sportintegrity.ch ou sous forme d&rsquo;application mobile.<br \/>\n<a href=\"https:\/\/www.sportintegrity.ch\/anti-doping\/medizin\/medikamentenabfrage\" target=\"_blank\" rel=\"noopener\">T\u00e9l\u00e9chargez maintenant !<\/a><\/p>\n<p><strong>Risque de dopage des suppl\u00e9ments\u2028<\/strong><br \/>\nLes suppl\u00e9ments et les compl\u00e9ments alimentaires peuvent \u00eatre contamin\u00e9s par des substances interdites. Ils comportent donc un risque de dopage involontaire. Pour r\u00e9duire ce risque, une grande prudence est de mise dans le choix des produits.<br \/>\n<a href=\"https:\/\/www.sportintegrity.ch\/anti-doping\/medizin\/nahrungsergaenzungsmittel\" target=\"_blank\" rel=\"noopener\">Plus d&rsquo;informations sur les risques de dopage li\u00e9s aux suppl\u00e9ments.<\/a><\/p>\n<p><strong>Contr\u00f4les antidopage &#8211; voici comment \u00e7a se passe !<\/strong><br \/>\nLes contr\u00f4les antidopage peuvent avoir lieu \u00e0 tout moment et en tout lieu. Il est du devoir des athl\u00e8tes de se conformer \u00e0 la convocation et aux instructions du personnel charg\u00e9 des contr\u00f4les.<br \/>\n<a href=\"https:\/\/www.sportintegrity.ch\/anti-doping\/kontrollen\/kontrollablauf\" target=\"_blank\" rel=\"noopener\">D\u00e9tails sur le d\u00e9roulement d&rsquo;un contr\u00f4le antidopage.<\/a><\/p>\n<p>E-Learning &#8211; Comprendre les r\u00e8gles avec pr\u00e9cision<br \/>\nPlus le niveau de performance est \u00e9lev\u00e9, plus les sportifs et les personnes qui les encadrent doivent conna\u00eetre les r\u00e8gles antidopage. Les programmes d&rsquo;apprentissage en ligne de Swiss Sport Integrity s&rsquo;adressent aux athl\u00e8tes, aux entra\u00eeneurs, aux m\u00e9decins et \u00e0 tous ceux qui souhaitent prot\u00e9ger la propret\u00e9 du sport.<br \/>\n<a href=\"https:\/\/www.sportintegrity.ch\/anti-doping\/kontrollen\/kontrollablauf\" target=\"_blank\" rel=\"noopener\">Passez le test maintenant et obtenez le certificat antidopage !<\/a><\/p>\n<p><strong>Conseils importants dans la brochure actuelle<\/strong><br \/>\nLes informations les plus importantes et des conseils pratiques sur le th\u00e8me de la lutte contre le dopage dans la brochure \u00ab Ensemble pour un sport sain \u00bb &#8211; pour les athl\u00e8tes, les entra\u00eeneurs et les parents.<br \/>\n<a href=\"https:\/\/www.sportintegrity.ch\/anti-doping\/kontrollen\/kontrollablauf\" target=\"_blank\" rel=\"noopener\">D\u00e9couvrez la brochure maintenant !<\/a><\/p>\n<p><strong>Signaler les soup\u00e7ons !<\/strong><br \/>\nLes informations sur d&rsquo;\u00e9ventuelles infractions li\u00e9es au dopage peuvent sembler minimes, mais elles peuvent \u00eatre d&rsquo;une grande importance pour le travail d&rsquo;enqu\u00eate. Votre communication pourrait nous aider de mani\u00e8re d\u00e9cisive \u00e0 prot\u00e9ger le sport propre. Anonyme ou non, l&rsquo;information sera dans tous les cas trait\u00e9e de mani\u00e8re confidentielle.<br \/>\n<a href=\"https:\/\/www.sportintegrity.ch\/organisation\/vorfall-melden\" target=\"_blank\" rel=\"noopener\">Signaler les soup\u00e7ons afin de prot\u00e9ger le sport propre.<\/a>[\/vc_column_text][\/vc_column][\/vc_row][vc_row rowmarginbottom=\u00a0\u00bbrow-mb-40&Prime;][vc_column]\r\n              <div class=\"modul--headline \"><h2 class=\"text-start\">Int\u00e9grit\u00e9<\/h2><\/div>[vc_column_text css=\u00a0\u00bb\u00a0\u00bb]<b>Swiss Sport Integrity \u2013 Point de contact pour les incidents \u00e9thiques dans le sport suisse<\/b><\/p>\n<p><a href=\"https:\/\/www.sportintegrity.ch\/\"><u>Swiss Sport Integrity<\/u><\/a> est un organisme ind\u00e9pendant et s\u00e9curis\u00e9 charg\u00e9 de signaler et d&rsquo;enqu\u00eater sur les cas de dopage, les violations de l&rsquo;\u00e9thique et les irr\u00e9gularit\u00e9s dans le sport suisse afin qu&rsquo;ils soient d\u00e9tect\u00e9s et \u00e9limin\u00e9s le plus rapidement possible. Vous \u00eates concern\u00e9 ou vous avez \u00e9t\u00e9 t\u00e9moin d&rsquo;un incident ? N&rsquo;h\u00e9sitez pas \u00e0 en parler ! Le service de signalement de Swiss Sport Integrity est ouvert \u00e0 toute personne souhaitant signaler d&rsquo;\u00e9ventuelles infractions ou irr\u00e9gularit\u00e9s, m\u00eame de mani\u00e8re anonyme ! L&rsquo;ind\u00e9pendance de la fondation garantit un traitement confidentiel et un suivi rigoureux des signalements.<\/p>\n<p><a href=\"https:\/\/www.sportintegrity.ch\/organisation\/vorfall-melden\"><u>Signaler un incident<\/u><\/a>[\/vc_column_text][\/vc_column][\/vc_row][vc_row full_width=\u00a0\u00bbstretch_row\u00a0\u00bb custom_row_class=\u00a0\u00bbsolidgrey\u00a0\u00bb][vc_column]\r\n              <div class=\"modul--headline \"><h2 class=\"text-start\">Agressions sexuelles<\/h2><\/div>[vc_column_text css=\u00a0\u00bb\u00a0\u00bb]Tol\u00e9rance z\u00e9ro pour les abus sexuels !<br \/>\nEn tant que membre de Swiss Olympic, Swiss Streethockey est soumis \u00e0 sa charte \u00e9thique et soutient donc sans r\u00e9serve le programme \u00ab Pas d&rsquo;abus sexuels dans le sport \u00bb.<\/p>\n<p>L&rsquo;objectif principal de Swiss Streethockey est que chaque acteur et chaque actrice de la sc\u00e8ne du street hockey sache que Swiss Streethockey poursuit une strat\u00e9gie de tol\u00e9rance z\u00e9ro. Cela signifie notamment qu&rsquo;en tant qu&rsquo;association, nous nous sommes impos\u00e9s les engagements suivants :<\/p>\n<ol>\n<li>Swiss Streethockey respecte et prot\u00e8ge l&rsquo;int\u00e9grit\u00e9 sexuelle, psychique et physique des enfants, des jeunes et des adultes. Les violations des limites et les abus sexuels ne sont pas tol\u00e9r\u00e9s.<\/li>\n<li>En cas de soup\u00e7ons d&rsquo;abus sexuels, Swiss Streethockey contribue activement, avec ses membres, \u00e0 la clarification de ces cas.<\/li>\n<li>Swiss Streethockey informe ses membres de mani\u00e8re transparente sur tous les incidents av\u00e9r\u00e9s dans le domaine des abus sexuels ainsi que sur les cons\u00e9quences d\u00e9cid\u00e9es par Swiss Streethockey pour les personnes impliqu\u00e9es, dans la mesure o\u00f9 cela est l\u00e9galement admissible.<\/li>\n<li>Swiss Streethockey consid\u00e8re la pr\u00e9vention des abus sexuels et le conseil aux clubs concern\u00e9s comme une t\u00e2che centrale de l&rsquo;association. En tant que membre de l&rsquo;association fa\u00eeti\u00e8re Swiss Olympic, Swiss Streethockey s&rsquo;appuie sur les documents et les liens compl\u00e9mentaires disponibles sur <a href=\"http:\/\/www.swissolympic.ch\/Ethik\">www.swissolympic.ch\/Ethik<\/a>. En outre, la responsable de l&rsquo;\u00e9thique, Claudia Nessier, se tient \u00e0 la disposition de toutes les personnes concern\u00e9es \u00e0 l&rsquo;adresse <a href=\"mailto:sekretariat@swiss-streethockey.ch\">sekretariat@swiss-streethockey.ch<\/a> ou par t\u00e9l\u00e9phone au +41 77 411 04 90.<\/li>\n<\/ol>\n<p>Pour Swiss Streethockey, la tol\u00e9rance z\u00e9ro signifie \u00e9galement qu&rsquo;aucune plateforme d&rsquo;acc\u00e8s ou de contact direct ou indirect avec des jeunes ne doit \u00eatre offerte \u00e0 des d\u00e9linquants sexuels condamn\u00e9s, que ce soit en tant que collaborateurs, arbitres, fonctionnaires ou entra\u00eeneurs. L&rsquo;application syst\u00e9matique de cette position est une priorit\u00e9 absolue pour la f\u00e9d\u00e9ration.<\/p>\n<p>Nous attendons le m\u00eame engagement de la part de nos clubs membres. Les abus sexuels ne doivent pas avoir leur place dans notre magnifique sport. Il faut emp\u00eacher par tous les moyens de tels actes r\u00e9pugnants. Regardons donc ensemble et agissons ensemble !<\/p>\n<p>L&rsquo;une des \u00e9tapes les plus importantes pour \u00e9viter d&rsquo;\u00eatre confront\u00e9 \u00e0 une situation d&rsquo;abus sexuel dans votre club est de mettre en place une pr\u00e9vention globale. En nous appuyant sur les recommandations de Swiss Olympic, nous recommandons donc \u00e0 nos membres de mettre en \u0153uvre et d&rsquo;ancrer dans leur club les mesures d\u00e9crites dans la fiche d&rsquo;information suivante, si ce n&rsquo;est d\u00e9j\u00e0 fait.<\/p>\n<p><a href=\"https:\/\/www.swiss-streethockey.ch\/Portals\/0\/Dokumente\/Merkblatt_Pr%E4vention%DCbergriffe.pdf\" target=\"_blank\" rel=\"noopener\">Fiche d&rsquo;information : pr\u00e9venir les abus sexuels<\/a><\/p>\n<p>De plus amples informations sont disponibles aupr\u00e8s de Swiss Olympic: <a href=\"https:\/\/www.swissolympic.ch\/verbaende\/praevention\/sexuelle-uebergriffe?searchQuery=sexuelle%20%C3%BCbergriffe\" target=\"_blank\" rel=\"noopener\">Pas d&rsquo;abus sexuels dans le sport -&gt; Swiss Olympic<\/a>[\/vc_column_text][\/vc_column][\/vc_row]<\/p>\n<\/div>","protected":false},"excerpt":{"rendered":"<p>[vc_row rowmarginbottom=\u00a0\u00bbrow-mb-standard\u00a0\u00bb][vc_column][vc_column_text css=\u00a0\u00bb\u00a0\u00bb]Swiss Streethockey s&rsquo;engage pour un sport sain, respectueux, loyal et couronn\u00e9 de succ\u00e8s. L&rsquo;association donne l&rsquo;exemple du fair-play en traitant &#8211; ainsi que ses organes et ses membres &#8211; l&rsquo;autre avec respect, en agissant et en communiquant de mani\u00e8re transparente. L&rsquo;association membre reconna\u00eet la \u00ab Charte d&rsquo;\u00e9thique \u00bb du sport suisse, le statut [&hellip;]<\/p>\n","protected":false},"author":1,"featured_media":0,"parent":1436,"menu_order":60,"comment_status":"closed","ping_status":"closed","template":"","meta":{"_acf_changed":false,"footnotes":""},"class_list":["post-1442","page","type-page","status-publish","hentry"],"acf":[],"_links":{"self":[{"href":"https:\/\/www.swiss-streethockey.ch\/fr\/wp-json\/wp\/v2\/pages\/1442","targetHints":{"allow":["GET"]}}],"collection":[{"href":"https:\/\/www.swiss-streethockey.ch\/fr\/wp-json\/wp\/v2\/pages"}],"about":[{"href":"https:\/\/www.swiss-streethockey.ch\/fr\/wp-json\/wp\/v2\/types\/page"}],"author":[{"embeddable":true,"href":"https:\/\/www.swiss-streethockey.ch\/fr\/wp-json\/wp\/v2\/users\/1"}],"replies":[{"embeddable":true,"href":"https:\/\/www.swiss-streethockey.ch\/fr\/wp-json\/wp\/v2\/comments?post=1442"}],"version-history":[{"count":5,"href":"https:\/\/www.swiss-streethockey.ch\/fr\/wp-json\/wp\/v2\/pages\/1442\/revisions"}],"predecessor-version":[{"id":1846,"href":"https:\/\/www.swiss-streethockey.ch\/fr\/wp-json\/wp\/v2\/pages\/1442\/revisions\/1846"}],"up":[{"embeddable":true,"href":"https:\/\/www.swiss-streethockey.ch\/fr\/wp-json\/wp\/v2\/pages\/1436"}],"wp:attachment":[{"href":"https:\/\/www.swiss-streethockey.ch\/fr\/wp-json\/wp\/v2\/media?parent=1442"}],"curies":[{"name":"wp","href":"https:\/\/api.w.org\/{rel}","templated":true}]}}