{"id":1438,"date":"2025-05-05T10:06:58","date_gmt":"2025-05-05T08:06:58","guid":{"rendered":"https:\/\/www.swiss-streethockey.ch\/organisation\/kommissionen\/"},"modified":"2025-07-10T15:50:49","modified_gmt":"2025-07-10T13:50:49","slug":"kommissionen","status":"publish","type":"page","link":"https:\/\/www.swiss-streethockey.ch\/fr\/organisation\/kommissionen\/","title":{"rendered":"Commissions"},"content":{"rendered":"<div class=\"wpb-content-wrapper\"><p>[vc_row rowmarginbottom=\u00a0\u00bbrow-mb-standard\u00a0\u00bb][vc_column]\r\n              <div class=\"modul--headline \"><h2 class=\"text-start\">Bureau<\/h2><\/div>\n            <div class=\"row\">\n                <div class=\"col-12 col-md-6 col-lg-4 mb-4 mb-md-0\">\n                \n                    <div class=\"commissions mb-5 mb-md-0\">\n                        <div class=\"commissions-image\"><img decoding=\"async\" src=\"https:\/\/www.swiss-streethockey.ch\/wp-content\/uploads\/Patricia-De-Luca-scaled.jpg\" alt=\"Patricia De Luca\" class=\"img-fluid\"><\/div>\n                        <div class=\"commissions-info\"><div class=\"commissions-position\">Directrice g\u00e9n\u00e9rale<\/div>\n                        <h3 class=\"commissions-name\">Patricia De Luca<\/h3><div class=\"commissions-email\"><a href=\"mailto:info@swiss-streethockey.ch\"><i class=\"fa fa-envelope\"><\/i> info@swiss-streethockey.ch<\/a><\/div><div class=\"commissions-phone\"><i class=\"fa fa-phone\"><\/i> +41 77 411 04 90<\/div>                    \n\n                        <\/div>\n                    <\/div>\n                <\/div>\n                <div class=\"commissions-tasks col-12 col-md-8 mb-4 mb-md-0\">\n                    <div class=\"commissions-tasks-members\"><h3 class=\"commissions-tasks-title\">Mitglieder<\/h3><div class=\"commissions-tasks-item commissions-tasks-itemmember\">Nathalie Gaschen<\/div><\/div>\n\n                    <div class=\"commissions-tasks-content\"><h3 class=\"commissions-tasks-title\">Aufgabenbereich<\/h3><div class=\"commissions-tasks-item commissions-tasks-itemtask\">- Repr\u00e9senter la f\u00e9d\u00e9ration \u00e0 l'ext\u00e9rieur<br \/>\n- Assure la collaboration avec Swiss Olympic et l'OFSPO<br \/>\n- Plaque tournante de la communication de tous les d\u00e9partements<br \/>\n- Responsable du fonctionnement du championnat<br \/>\n- Mise en \u0153uvre des activit\u00e9s de sponsoring<\/p>\n<p>Le d\u00e9partement Marketing &amp; Communication est divis\u00e9 en trois domaines et int\u00e9gr\u00e9 au secr\u00e9tariat :<\/p>\n<p>- Sponsoring<br \/>\n- Marketing<br \/>\n- Communication<\/p>\n<p>La t\u00e2che principale de ce d\u00e9partement est la commercialisation du sport vers l'ext\u00e9rieur. Cela comprend le suivi des partenaires de l'association et des \u00e9v\u00e9nements, la commercialisation des \u00e9v\u00e9nements et la garantie de la pr\u00e9sence de Swiss Streethockey. Le d\u00e9partement est \u00e9galement responsable de toutes les demandes des m\u00e9dias.<\/div><\/div>\n                    \n                <\/div>\n            <\/div>\n                        \n\n\n              \n                [\/vc_column][\/vc_row][vc_row full_width=\u00a0\u00bbstretch_row\u00a0\u00bb custom_row_class=\u00a0\u00bbsolidgrey\u00a0\u00bb rowmarginbottom=\u00a0\u00bbrow-mb-standard\u00a0\u00bb][vc_column]\r\n              <div class=\"modul--headline \"><h2 class=\"text-start\">Ressort Sport<\/h2><\/div>\n            <div class=\"row\">\n                <div class=\"col-12 col-md-6 col-lg-4 mb-4 mb-md-0\">\n                \n                    <div class=\"commissions mb-5 mb-md-0\">\n                        <div class=\"commissions-image\"><img decoding=\"async\" src=\"https:\/\/www.swiss-streethockey.ch\/wp-content\/uploads\/sven-buerki.jpg\" alt=\"Sven B\u00fcrki\" class=\"img-fluid\"><\/div>\n                        <div class=\"commissions-info\"><div class=\"commissions-position\">Sportchef<\/div>\n                        <h3 class=\"commissions-name\">Sven B\u00fcrki<\/h3><div class=\"commissions-email\"><a href=\"mailto:sport@swiss-streethockey.ch\"><i class=\"fa fa-envelope\"><\/i> sport@swiss-streethockey.ch<\/a><\/div>                    \n\n                        <\/div>\n                    <\/div>\n                <\/div>\n                <div class=\"commissions-tasks col-12 col-md-8 mb-4 mb-md-0\">\n                    <div class=\"commissions-tasks-members\"><h3 class=\"commissions-tasks-title\">Mitglieder<\/h3><div class=\"commissions-tasks-item commissions-tasks-itemmember\">Michel Liechti<\/div><div class=\"commissions-tasks-item commissions-tasks-itemmember\">Nathalie Gaschen<\/div><div class=\"commissions-tasks-item commissions-tasks-itemmember\">Livio Ammeter<\/div><\/div>\n\n                    <div class=\"commissions-tasks-content\"><h3 class=\"commissions-tasks-title\">Aufgabenbereich<\/h3><div class=\"commissions-tasks-item commissions-tasks-itemtask\">Le d\u00e9partement Sport est responsable de la garantie du bon d\u00e9roulement des matchs. Cela comprend l'inspection des infrastructures et la r\u00e9alisation d'enqu\u00eates de premi\u00e8re et deuxi\u00e8me instance sur des cas disciplinaires. En outre, le d\u00e9partement Sport est responsable du d\u00e9veloppement et de la promotion du sport, notamment de la promotion des dames et des juniors.<\/div><\/div>\n                    \n                <\/div>\n            <\/div>\n                        \n\n\n              \n                [\/vc_column][\/vc_row][vc_row full_width=\u00a0\u00bbstretch_row\u00a0\u00bb rowmarginbottom=\u00a0\u00bbrow-mb-standard\u00a0\u00bb][vc_column]\r\n              <div class=\"modul--headline \"><h2 class=\"text-start\">Ressort Arbitre<\/h2><\/div>\n            <div class=\"row\">\n                <div class=\"col-12 col-md-6 col-lg-4 mb-4 mb-md-0\">\n                \n                    <div class=\"commissions mb-5 mb-md-0\">\n                        <div class=\"commissions-image\"><img decoding=\"async\" src=\"https:\/\/www.swiss-streethockey.ch\/wp-content\/uploads\/joel-kraehenbuehl.jpg\" alt=\"Jo\u00ebl Kr\u00e4henb\u00fchl\" class=\"img-fluid\"><\/div>\n                        <div class=\"commissions-info\"><div class=\"commissions-position\">Chef de l&#039;arbitrage<\/div>\n                        <h3 class=\"commissions-name\">Jo\u00ebl Kr\u00e4henb\u00fchl<\/h3><div class=\"commissions-email\"><a href=\"mailto:schiedsrichter@swiss-streethockey.ch\"><i class=\"fa fa-envelope\"><\/i> schiedsrichter@swiss-streethockey.ch<\/a><\/div>                    \n\n                        <\/div>\n                    <\/div>\n                <\/div>\n                <div class=\"commissions-tasks col-12 col-md-8 mb-4 mb-md-0\">\n                    <div class=\"commissions-tasks-members\"><h3 class=\"commissions-tasks-title\">Mitglieder<\/h3><div class=\"commissions-tasks-item commissions-tasks-itemmember\">Marco Friedli<\/div><div class=\"commissions-tasks-item commissions-tasks-itemmember\">Patrick Aerni<\/div><\/div>\n\n                    <div class=\"commissions-tasks-content\"><h3 class=\"commissions-tasks-title\">Aufgabenbereich<\/h3><div class=\"commissions-tasks-item commissions-tasks-itemtask\">La formation et le perfectionnement des arbitres ainsi que leur planification sont les t\u00e2ches principales du d\u00e9partement des arbitres.<\/p>\n<p>Le d\u00e9partement est divis\u00e9 en trois domaines :<br \/>\n- Service de convocation<br \/>\n- Formation<br \/>\n- Inspection<\/div><\/div>\n                    \n                <\/div>\n            <\/div>\n                        \n\n\n              \n                [\/vc_column][\/vc_row][vc_row full_width=\u00a0\u00bbstretch_row\u00a0\u00bb custom_row_class=\u00a0\u00bbsolidgrey\u00a0\u00bb rowmarginbottom=\u00a0\u00bbrow-mb-standard\u00a0\u00bb][vc_column]\r\n              <div class=\"modul--headline \"><h2 class=\"text-start\">Ressort Sport de haut niveau<\/h2><\/div>\n            <div class=\"row\">\n                <div class=\"col-12 col-md-6 col-lg-4 mb-4 mb-md-0\">\n                \n                    <div class=\"commissions mb-5 mb-md-0\">\n                        <div class=\"commissions-image\"><img decoding=\"async\" src=\"https:\/\/www.swiss-streethockey.ch\/wp-content\/uploads\/oliver-schawohl-e1751290187741.jpg\" alt=\"Oliver Schawohl\" class=\"img-fluid\"><\/div>\n                        <div class=\"commissions-info\"><div class=\"commissions-position\">Chef Sport de haut niveau<\/div>\n                        <h3 class=\"commissions-name\">Oliver Schawohl<\/h3><div class=\"commissions-email\"><a href=\"mailto:leistungssport@swiss-streethockey.ch\"><i class=\"fa fa-envelope\"><\/i> leistungssport@swiss-streethockey.ch<\/a><\/div>                    \n\n                        <\/div>\n                    <\/div>\n                <\/div>\n                <div class=\"commissions-tasks col-12 col-md-8 mb-4 mb-md-0\">\n                    <div class=\"commissions-tasks-members\"><h3 class=\"commissions-tasks-title\">Mitglieder<\/h3><div class=\"commissions-tasks-item commissions-tasks-itemmember\">Men&#039;s Nationalteam<\/div><div class=\"commissions-tasks-item commissions-tasks-itemmember\">Women&#039;s Nationalteam<\/div><div class=\"commissions-tasks-item commissions-tasks-itemmember\">U20 Nationalteam<\/div><div class=\"commissions-tasks-item commissions-tasks-itemmember\">U18 Nationalteam<\/div><div class=\"commissions-tasks-item commissions-tasks-itemmember\">U16 Nationalteam<\/div><\/div>\n\n                    <div class=\"commissions-tasks-content\"><h3 class=\"commissions-tasks-title\">Aufgabenbereich<\/h3><div class=\"commissions-tasks-item commissions-tasks-itemtask\">Le d\u00e9veloppement du street hockey dans le domaine du sport de comp\u00e9tition et du sport d'\u00e9lite est l'objectif de ce d\u00e9partement. Il est responsable de l'organisation, de l'administration et de la coordination des \u00e9quipes nationales et repr\u00e9sente Swiss Streethockey au sein de la f\u00e9d\u00e9ration internationale ISBHF.<\/div><\/div>\n                    \n                <\/div>\n            <\/div>\n                        \n\n\n              \n                [\/vc_column][\/vc_row][vc_row rowmarginbottom=\u00a0\u00bbrow-mb-standard\u00a0\u00bb][vc_column]\r\n              <div class=\"modul--headline \"><h2 class=\"text-start\">Instance de recours<\/h2><\/div>\n            <div class=\"row\">\n                <div class=\"col-12 col-md-6 col-lg-4 mb-4 mb-md-0\">\n                \n                    <div class=\"commissions mb-5 mb-md-0\">\n                        <div class=\"commissions-image\"><img decoding=\"async\" src=\"https:\/\/www.swiss-streethockey.ch\/wp-content\/uploads\/imagelayer_placeholder.jpeg\" alt=\"Andreas Gerber\" class=\"img-fluid\"><\/div>\n                        <div class=\"commissions-info\"><div class=\"commissions-position\">Juge unique<\/div>\n                        <h3 class=\"commissions-name\">Andreas Gerber<\/h3><div class=\"commissions-email\"><a href=\"mailto:rekurs@swiss-streethockey.ch\"><i class=\"fa fa-envelope\"><\/i> rekurs@swiss-streethockey.ch<\/a><\/div>                    \n\n                        <\/div>\n                    <\/div>\n                <\/div>\n                <div class=\"commissions-tasks col-12 col-md-8 mb-4 mb-md-0\">\n                    <div class=\"commissions-tasks-members\"><h3 class=\"commissions-tasks-title\">Mitglieder<\/h3><div class=\"commissions-tasks-item commissions-tasks-itemmember\">Claudio Walker - Stellvertretung<\/div><\/div>\n\n                    <div class=\"commissions-tasks-content\"><h3 class=\"commissions-tasks-title\">Aufgabenbereich<\/h3><div class=\"commissions-tasks-item commissions-tasks-itemtask\">En tant qu'instance de recours, la commission p\u00e9nale statue d\u00e9finitivement sur les cas disciplinaires de Swiss Streethockey.<\/div><\/div>\n                    \n                <\/div>\n            <\/div>\n                        \n\n\n              \n                [\/vc_column][\/vc_row][vc_row full_width=\u00a0\u00bbstretch_row\u00a0\u00bb custom_row_class=\u00a0\u00bbsolidgrey\u00a0\u00bb][vc_column]\r\n              <div class=\"modul--headline \"><h2 class=\"text-start\">Ressort Formation &amp; Rel\u00e8ve<\/h2><\/div>\n            <div class=\"row\">\n                <div class=\"col-12 col-md-6 col-lg-4 mb-4 mb-md-0\">\n                \n                    <div class=\"commissions mb-5 mb-md-0\">\n                        <div class=\"commissions-image\"><img decoding=\"async\" src=\"https:\/\/www.swiss-streethockey.ch\/wp-content\/uploads\/imagelayer_placeholder.jpeg\" alt=\"Vacant\" class=\"img-fluid\"><\/div>\n                        <div class=\"commissions-info\"><div class=\"commissions-position\">Chef Formation &amp; Rel\u00e8ve<\/div>\n                        <h3 class=\"commissions-name\">Vacant<\/h3><div class=\"commissions-email\"><a href=\"mailto:info@swiss-streethockey.ch\"><i class=\"fa fa-envelope\"><\/i> info@swiss-streethockey.ch<\/a><\/div>                    \n\n                        <\/div>\n                    <\/div>\n                <\/div>\n                <div class=\"commissions-tasks col-12 col-md-8 mb-4 mb-md-0\">\n                    <div class=\"commissions-tasks-members\"><h3 class=\"commissions-tasks-title\">Mitglieder<\/h3><\/div>\n\n                    <div class=\"commissions-tasks-content\"><h3 class=\"commissions-tasks-title\">Aufgabenbereich<\/h3><div class=\"commissions-tasks-item commissions-tasks-itemtask\">Le d\u00e9partement Formation &amp; Rel\u00e8ve se compose de deux sous-domaines :<br \/>\n- Formation J+S :<br \/>\nOffre de formations et de formations continues pour les entra\u00eeneurs<\/p>\n<p>- Formation des clubs :<br \/>\nElaboration de moyens auxiliaires et d'outils pour soutenir le travail des clubs.<\/p>\n<p>L'objectif du d\u00e9partement Formation &amp; Rel\u00e8ve est de promouvoir la formation dans tous les domaines et \u00e0 tous les niveaux.<\/div><\/div>\n                    \n                <\/div>\n            <\/div>\n                        \n\n\n              \n                [\/vc_column][\/vc_row]<\/p>\n<\/div>","protected":false},"excerpt":{"rendered":"<p>[vc_row rowmarginbottom=\u00a0\u00bbrow-mb-standard\u00a0\u00bb][vc_column][\/vc_column][\/vc_row][vc_row full_width=\u00a0\u00bbstretch_row\u00a0\u00bb custom_row_class=\u00a0\u00bbsolidgrey\u00a0\u00bb rowmarginbottom=\u00a0\u00bbrow-mb-standard\u00a0\u00bb][vc_column][\/vc_column][\/vc_row][vc_row full_width=\u00a0\u00bbstretch_row\u00a0\u00bb rowmarginbottom=\u00a0\u00bbrow-mb-standard\u00a0\u00bb][vc_column][\/vc_column][\/vc_row][vc_row full_width=\u00a0\u00bbstretch_row\u00a0\u00bb custom_row_class=\u00a0\u00bbsolidgrey\u00a0\u00bb rowmarginbottom=\u00a0\u00bbrow-mb-standard\u00a0\u00bb][vc_column][\/vc_column][\/vc_row][vc_row rowmarginbottom=\u00a0\u00bbrow-mb-standard\u00a0\u00bb][vc_column][\/vc_column][\/vc_row][vc_row full_width=\u00a0\u00bbstretch_row\u00a0\u00bb custom_row_class=\u00a0\u00bbsolidgrey\u00a0\u00bb][vc_column][\/vc_column][\/vc_row]<\/p>\n","protected":false},"author":1,"featured_media":0,"parent":1436,"menu_order":20,"comment_status":"closed","ping_status":"closed","template":"","meta":{"_acf_changed":false,"footnotes":""},"class_list":["post-1438","page","type-page","status-publish","hentry"],"acf":[],"_links":{"self":[{"href":"https:\/\/www.swiss-streethockey.ch\/fr\/wp-json\/wp\/v2\/pages\/1438","targetHints":{"allow":["GET"]}}],"collection":[{"href":"https:\/\/www.swiss-streethockey.ch\/fr\/wp-json\/wp\/v2\/pages"}],"about":[{"href":"https:\/\/www.swiss-streethockey.ch\/fr\/wp-json\/wp\/v2\/types\/page"}],"author":[{"embeddable":true,"href":"https:\/\/www.swiss-streethockey.ch\/fr\/wp-json\/wp\/v2\/users\/1"}],"replies":[{"embeddable":true,"href":"https:\/\/www.swiss-streethockey.ch\/fr\/wp-json\/wp\/v2\/comments?post=1438"}],"version-history":[{"count":6,"href":"https:\/\/www.swiss-streethockey.ch\/fr\/wp-json\/wp\/v2\/pages\/1438\/revisions"}],"predecessor-version":[{"id":1778,"href":"https:\/\/www.swiss-streethockey.ch\/fr\/wp-json\/wp\/v2\/pages\/1438\/revisions\/1778"}],"up":[{"embeddable":true,"href":"https:\/\/www.swiss-streethockey.ch\/fr\/wp-json\/wp\/v2\/pages\/1436"}],"wp:attachment":[{"href":"https:\/\/www.swiss-streethockey.ch\/fr\/wp-json\/wp\/v2\/media?parent=1438"}],"curies":[{"name":"wp","href":"https:\/\/api.w.org\/{rel}","templated":true}]}}