{"id":1437,"date":"2025-05-05T10:06:09","date_gmt":"2025-05-05T08:06:09","guid":{"rendered":"https:\/\/www.swiss-streethockey.ch\/organisation\/vorstand\/"},"modified":"2025-07-10T15:39:22","modified_gmt":"2025-07-10T13:39:22","slug":"vorstand","status":"publish","type":"page","link":"https:\/\/www.swiss-streethockey.ch\/fr\/organisation\/vorstand\/","title":{"rendered":"Conseil d&rsquo;administration"},"content":{"rendered":"<div class=\"wpb-content-wrapper\"><p>[vc_row equal_height=\u00a0\u00bbyes\u00a0\u00bb rowmarginbottom=\u00a0\u00bbrow-mb-40&Prime;][vc_column width=\u00a0\u00bb1\/3&Prime;]\r\n            <div class=\"member mb-5 mb-md-0\">\r\n                <div class=\"member-image\"><img decoding=\"async\" src=\"https:\/\/www.swiss-streethockey.ch\/wp-content\/uploads\/stefan-kunz.jpg\" alt=\"Stefan Kunz\" class=\"img-fluid\"><\/div>\r\n                <div class=\"member-info\"><div class=\"member-position\">Pr\u00e9sident<\/div>\r\n                <h3 class=\"member-name\">Stefan Kunz<\/h3><div class=\"member-email\"><a href=\"mailto:praesident@swiss-streethockey.ch\"><i class=\"fa fa-envelope\"><\/i> praesident@swiss-streethockey.ch<\/a><\/div>                    \r\n\r\n                <\/div>\r\n            <\/div>\r\n                [vc_empty_space height=\u00a0\u00bb48px\u00a0\u00bb][\/vc_column][vc_column width=\u00a0\u00bb1\/3&Prime;]\r\n            <div class=\"member mb-5 mb-md-0\">\r\n                <div class=\"member-image\"><img decoding=\"async\" src=\"https:\/\/www.swiss-streethockey.ch\/wp-content\/uploads\/Patricia-De-Luca-scaled.jpg\" alt=\"Patricia De Luca\" class=\"img-fluid\"><\/div>\r\n                <div class=\"member-info\"><div class=\"member-position\">Vice-pr\u00e9sident \/ Direction<\/div>\r\n                <h3 class=\"member-name\">Patricia De Luca<\/h3><div class=\"member-email\"><a href=\"mailto:info@swiss-streethockey.ch\"><i class=\"fa fa-envelope\"><\/i> info@swiss-streethockey.ch<\/a><\/div><div class=\"member-phone\"><i class=\"fa fa-phone\"><\/i> +41 77 411 04 90<\/div>                    \r\n\r\n                <\/div>\r\n            <\/div>\r\n                [vc_empty_space height=\u00a0\u00bb48px\u00a0\u00bb][\/vc_column][vc_column width=\u00a0\u00bb1\/3&Prime;]\r\n            <div class=\"member mb-5 mb-md-0\">\r\n                <div class=\"member-image\"><img decoding=\"async\" src=\"https:\/\/www.swiss-streethockey.ch\/wp-content\/uploads\/amir-hanna-treuhand-geschaeftsfuehrer-treuhaender.png\" alt=\"Amir Hanna\" class=\"img-fluid\"><\/div>\r\n                <div class=\"member-info\"><div class=\"member-position\">Directeur financier<\/div>\r\n                <h3 class=\"member-name\">Amir Hanna<\/h3><div class=\"member-email\"><a href=\"mailto:finanzen@swiss-streethockey.ch\"><i class=\"fa fa-envelope\"><\/i> finanzen@swiss-streethockey.ch<\/a><\/div>                    \r\n\r\n                <\/div>\r\n            <\/div>\r\n                [vc_empty_space height=\u00a0\u00bb48px\u00a0\u00bb][\/vc_column][vc_column width=\u00a0\u00bb1\/3&Prime;]\r\n            <div class=\"member mb-5 mb-md-0\">\r\n                <div class=\"member-image\"><img decoding=\"async\" src=\"https:\/\/www.swiss-streethockey.ch\/wp-content\/uploads\/sven-buerki.jpg\" alt=\"Sven B\u00fcrki\" class=\"img-fluid\"><\/div>\r\n                <div class=\"member-info\"><div class=\"member-position\">Ressort Sport<\/div>\r\n                <h3 class=\"member-name\">Sven B\u00fcrki<\/h3><div class=\"member-email\"><a href=\"mailto:sport@swiss-streethockey.ch\"><i class=\"fa fa-envelope\"><\/i> sport@swiss-streethockey.ch<\/a><\/div>                    \r\n\r\n                <\/div>\r\n            <\/div>\r\n                [vc_empty_space height=\u00a0\u00bb48px\u00a0\u00bb][\/vc_column][vc_column width=\u00a0\u00bb1\/3&Prime;]\r\n            <div class=\"member mb-5 mb-md-0\">\r\n                <div class=\"member-image\"><img decoding=\"async\" src=\"https:\/\/www.swiss-streethockey.ch\/wp-content\/uploads\/joel-kraehenbuehl.jpg\" alt=\"Jo\u00ebl Kr\u00e4henb\u00fchl\" class=\"img-fluid\"><\/div>\r\n                <div class=\"member-info\"><div class=\"member-position\">Ressort arbitres<\/div>\r\n                <h3 class=\"member-name\">Jo\u00ebl Kr\u00e4henb\u00fchl<\/h3><div class=\"member-email\"><a href=\"mailto:schiedsrichter@swiss-streethockey.ch\"><i class=\"fa fa-envelope\"><\/i> schiedsrichter@swiss-streethockey.ch<\/a><\/div><div class=\"member-phone\"><i class=\"fa fa-phone\"><\/i> +41 79 216 59 61<\/div>                    \r\n\r\n                <\/div>\r\n            <\/div>\r\n                [vc_empty_space height=\u00a0\u00bb48px\u00a0\u00bb][\/vc_column][vc_column width=\u00a0\u00bb1\/3&Prime;]\r\n            <div class=\"member mb-5 mb-md-0\">\r\n                <div class=\"member-image\"><img decoding=\"async\" src=\"https:\/\/www.swiss-streethockey.ch\/wp-content\/uploads\/Patricia-De-Luca-scaled.jpg\" alt=\"Patricia De Luca\" class=\"img-fluid\"><\/div>\r\n                <div class=\"member-info\"><div class=\"member-position\">Ressort Marketing &amp; Communication<\/div>\r\n                <h3 class=\"member-name\">Patricia De Luca<\/h3><div class=\"member-email\"><a href=\"mailto:marketing@swiss-streethockey.ch\"><i class=\"fa fa-envelope\"><\/i> marketing@swiss-streethockey.ch<\/a><\/div>                    \r\n\r\n                <\/div>\r\n            <\/div>\r\n                [vc_empty_space height=\u00a0\u00bb48px\u00a0\u00bb][\/vc_column][vc_column width=\u00a0\u00bb1\/3&Prime;]\r\n            <div class=\"member mb-5 mb-md-0\">\r\n                <div class=\"member-image\"><img decoding=\"async\" src=\"https:\/\/www.swiss-streethockey.ch\/wp-content\/uploads\/oliver-schawohl-e1751290187741.jpg\" alt=\"Oliver Schawohl\" class=\"img-fluid\"><\/div>\r\n                <div class=\"member-info\"><div class=\"member-position\">Ressort sport de comp\u00e9tition<\/div>\r\n                <h3 class=\"member-name\">Oliver Schawohl<\/h3><div class=\"member-email\"><a href=\"mailto:leistungssport@swiss-streethockey.ch\"><i class=\"fa fa-envelope\"><\/i> leistungssport@swiss-streethockey.ch<\/a><\/div>                    \r\n\r\n                <\/div>\r\n            <\/div>\r\n                [vc_empty_space height=\u00a0\u00bb48px\u00a0\u00bb][\/vc_column][vc_column width=\u00a0\u00bb1\/3&Prime;]\r\n            <div class=\"member mb-5 mb-md-0\">\r\n                <div class=\"member-image\"><img decoding=\"async\" src=\"https:\/\/www.swiss-streethockey.ch\/wp-content\/uploads\/imagelayer_placeholder.jpeg\" alt=\"Vakant\" class=\"img-fluid\"><\/div>\r\n                <div class=\"member-info\"><div class=\"member-position\">Ressort Formation &amp; Rel\u00e8ve<\/div>\r\n                <h3 class=\"member-name\">Vakant<\/h3>                    \r\n\r\n                <\/div>\r\n            <\/div>\r\n                [vc_empty_space height=\u00a0\u00bb48px\u00a0\u00bb][\/vc_column][vc_column width=\u00a0\u00bb1\/3&Prime;][\/vc_column][\/vc_row]<\/p>\n<\/div>","protected":false},"excerpt":{"rendered":"<p>[vc_row equal_height=\u00a0\u00bbyes\u00a0\u00bb rowmarginbottom=\u00a0\u00bbrow-mb-40&Prime;][vc_column width=\u00a0\u00bb1\/3&Prime;][vc_empty_space height=\u00a0\u00bb48px\u00a0\u00bb][\/vc_column][vc_column width=\u00a0\u00bb1\/3&Prime;][vc_empty_space height=\u00a0\u00bb48px\u00a0\u00bb][\/vc_column][vc_column width=\u00a0\u00bb1\/3&Prime;][vc_empty_space height=\u00a0\u00bb48px\u00a0\u00bb][\/vc_column][vc_column width=\u00a0\u00bb1\/3&Prime;][vc_empty_space height=\u00a0\u00bb48px\u00a0\u00bb][\/vc_column][vc_column width=\u00a0\u00bb1\/3&Prime;][vc_empty_space height=\u00a0\u00bb48px\u00a0\u00bb][\/vc_column][vc_column width=\u00a0\u00bb1\/3&Prime;][vc_empty_space height=\u00a0\u00bb48px\u00a0\u00bb][\/vc_column][vc_column width=\u00a0\u00bb1\/3&Prime;][vc_empty_space height=\u00a0\u00bb48px\u00a0\u00bb][\/vc_column][vc_column width=\u00a0\u00bb1\/3&Prime;][vc_empty_space height=\u00a0\u00bb48px\u00a0\u00bb][\/vc_column][vc_column width=\u00a0\u00bb1\/3&Prime;][\/vc_column][\/vc_row]<\/p>\n","protected":false},"author":1,"featured_media":0,"parent":1436,"menu_order":10,"comment_status":"closed","ping_status":"closed","template":"","meta":{"_acf_changed":false,"footnotes":""},"class_list":["post-1437","page","type-page","status-publish","hentry"],"acf":[],"_links":{"self":[{"href":"https:\/\/www.swiss-streethockey.ch\/fr\/wp-json\/wp\/v2\/pages\/1437","targetHints":{"allow":["GET"]}}],"collection":[{"href":"https:\/\/www.swiss-streethockey.ch\/fr\/wp-json\/wp\/v2\/pages"}],"about":[{"href":"https:\/\/www.swiss-streethockey.ch\/fr\/wp-json\/wp\/v2\/types\/page"}],"author":[{"embeddable":true,"href":"https:\/\/www.swiss-streethockey.ch\/fr\/wp-json\/wp\/v2\/users\/1"}],"replies":[{"embeddable":true,"href":"https:\/\/www.swiss-streethockey.ch\/fr\/wp-json\/wp\/v2\/comments?post=1437"}],"version-history":[{"count":2,"href":"https:\/\/www.swiss-streethockey.ch\/fr\/wp-json\/wp\/v2\/pages\/1437\/revisions"}],"predecessor-version":[{"id":1772,"href":"https:\/\/www.swiss-streethockey.ch\/fr\/wp-json\/wp\/v2\/pages\/1437\/revisions\/1772"}],"up":[{"embeddable":true,"href":"https:\/\/www.swiss-streethockey.ch\/fr\/wp-json\/wp\/v2\/pages\/1436"}],"wp:attachment":[{"href":"https:\/\/www.swiss-streethockey.ch\/fr\/wp-json\/wp\/v2\/media?parent=1437"}],"curies":[{"name":"wp","href":"https:\/\/api.w.org\/{rel}","templated":true}]}}