{"id":1405,"date":"2025-05-05T10:11:12","date_gmt":"2025-05-05T08:11:12","guid":{"rendered":"https:\/\/www.swiss-streethockey.ch\/national-teams\/womens-national-team\/"},"modified":"2025-07-22T13:44:14","modified_gmt":"2025-07-22T11:44:14","slug":"womens-national-team","status":"publish","type":"page","link":"https:\/\/www.swiss-streethockey.ch\/fr\/national-teams\/womens-national-team\/","title":{"rendered":"\u00c9quipe nationale f\u00e9minine"},"content":{"rendered":"<div class=\"wpb-content-wrapper\"><p>[vc_row][vc_column]<div class=\"tabnav-wrapper\"><div class=\"tabnav-item pillnotactive\"><a href=\"\/national-teams\/mens-national-team\/\" >Hommes<\/a><\/div><div class=\"tabnav-item pillactive\"><a href=\"\/national-teams\/womens-national-team\/\" >Femmes<\/a><\/div><div class=\"tabnav-item pillnotactive\"><a href=\"\/national-teams\/u20-junior-national-team\/\" >U 20<\/a><\/div><div class=\"tabnav-item pillnotactive\"><a href=\"\/national-teams\/u18-junior-national-team\/\" >U 18<\/a><\/div><div class=\"tabnav-item pillnotactive\"><a href=\"\/national-teams\/u16-junior-national-team\/\" >U 16<\/a><\/div><\/div>[vc_empty_space]\r\n              <div class=\"modul--headline \"><h2 class=\"text-start\">Staff<\/h2><\/div>[vc_empty_space][\/vc_column][\/vc_row][vc_row equal_height=\u00a0\u00bbyes\u00a0\u00bb rowmarginbottom=\u00a0\u00bbrow-mb-40&Prime;][vc_column width=\u00a0\u00bb1\/4&Prime;]\r\n              <div class=\"member staff--wrapper mb-5\">\r\n              \r\n                  <div class=\"member-image\"><img decoding=\"async\" src=\"https:\/\/www.swiss-streethockey.ch\/wp-content\/uploads\/BONZON.png\" alt=\"Perrine\" class=\"img-fluid\"><\/div>\r\n                  <div class=\"member-info staff-info\">\r\n                  <div class=\"\"><div class=\"member-position\">Perrine<\/div>\r\n                  <h3 class=\"member-name mb-0\">Bonzon<\/h3><div class=\"member-email\">Head Coach<\/div>    \r\n                        <\/div>\r\n                    <div class=\"member-number\"><\/div>                \r\n                  <\/div>\r\n              <\/div>\r\n                  [\/vc_column][vc_column width=\u00a0\u00bb1\/4&Prime;]\r\n              <div class=\"member staff--wrapper mb-5\">\r\n              \r\n                  <div class=\"member-image\"><img decoding=\"async\" src=\"https:\/\/www.swiss-streethockey.ch\/wp-content\/uploads\/APOTHELOZ.png\" alt=\"C\u00e9line\" class=\"img-fluid\"><\/div>\r\n                  <div class=\"member-info staff-info\">\r\n                  <div class=\"\"><div class=\"member-position\">C\u00e9line<\/div>\r\n                  <h3 class=\"member-name mb-0\">Apotheloz<\/h3><div class=\"member-email\">Assistant Coach<\/div>    \r\n                        <\/div>\r\n                    <div class=\"member-number\"><\/div>                \r\n                  <\/div>\r\n              <\/div>\r\n                  [\/vc_column][vc_column width=\u00a0\u00bb1\/4&Prime;]\r\n              <div class=\"member staff--wrapper mb-5\">\r\n              \r\n                  <div class=\"member-image\"><img decoding=\"async\" src=\"https:\/\/www.swiss-streethockey.ch\/wp-content\/uploads\/COLUCCIA.png\" alt=\"Ilaria\" class=\"img-fluid\"><\/div>\r\n                  <div class=\"member-info staff-info\">\r\n                  <div class=\"\"><div class=\"member-position\">Ilaria<\/div>\r\n                  <h3 class=\"member-name mb-0\">Coluccia<\/h3><div class=\"member-email\">Assistant Coach<\/div>    \r\n                        <\/div>\r\n                    <div class=\"member-number\"><\/div>                \r\n                  <\/div>\r\n              <\/div>\r\n                  [\/vc_column][vc_column width=\u00a0\u00bb1\/4&Prime;]\r\n              <div class=\"member staff--wrapper mb-5\">\r\n              \r\n                  <div class=\"member-image\"><img decoding=\"async\" src=\"https:\/\/www.swiss-streethockey.ch\/wp-content\/uploads\/SEVERINA.png\" alt=\"Severina\" class=\"img-fluid\"><\/div>\r\n                  <div class=\"member-info staff-info\">\r\n                  <div class=\"\"><div class=\"member-position\">Severina<\/div>\r\n                  <h3 class=\"member-name mb-0\">Hegetschweiler<\/h3><div class=\"member-email\">General Manager<\/div>    \r\n                        <\/div>\r\n                    <div class=\"member-number\"><\/div>                \r\n                  <\/div>\r\n              <\/div>\r\n                  [\/vc_column][vc_column width=\u00a0\u00bb1\/4&Prime;]\r\n              <div class=\"member staff--wrapper mb-5\">\r\n              \r\n                  <div class=\"member-image\"><img decoding=\"async\" src=\"https:\/\/www.swiss-streethockey.ch\/wp-content\/uploads\/MOLL.png\" alt=\"Tanja\" class=\"img-fluid\"><\/div>\r\n                  <div class=\"member-info staff-info\">\r\n                  <div class=\"\"><div class=\"member-position\">Tanja<\/div>\r\n                  <h3 class=\"member-name mb-0\">Moll<\/h3><div class=\"member-email\">Mental Coach<\/div>    \r\n                        <\/div>\r\n                    <div class=\"member-number\"><\/div>                \r\n                  <\/div>\r\n              <\/div>\r\n                  [\/vc_column][vc_column width=\u00a0\u00bb1\/4&Prime;]\r\n              <div class=\"member staff--wrapper mb-5\">\r\n              \r\n                  <div class=\"member-image\"><img decoding=\"async\" src=\"https:\/\/www.swiss-streethockey.ch\/wp-content\/uploads\/IMBODEN.png\" alt=\"Nathan\" class=\"img-fluid\"><\/div>\r\n                  <div class=\"member-info staff-info\">\r\n                  <div class=\"\"><div class=\"member-position\">Nathan<\/div>\r\n                  <h3 class=\"member-name mb-0\">Imboden<\/h3><div class=\"member-email\">Physio<\/div>    \r\n                        <\/div>\r\n                    <div class=\"member-number\"><\/div>                \r\n                  <\/div>\r\n              <\/div>\r\n                  [\/vc_column][\/vc_row][vc_row equal_height=\u00a0\u00bbyes\u00a0\u00bb rowmarginbottom=\u00a0\u00bbrow-mb-40&Prime;][vc_column]\r\n              <div class=\"modul--headline \"><h2 class=\"text-start\">Convocation \u00e0 l'entra\u00eenement de d\u00e9tection : campagne Ostrava 2026<\/h2><\/div><div class=\"overflow-x-auto\"><table class=\"table hippo-table\">\n                <thead>\n                    <tr><th scope=\"col\">Nom \/ Pr\u00e9nom<\/th><th scope=\"col\" class=\"text-md-center\">Position<\/th><th scope=\"col\" class=\"text-md-center\">Association<\/th>\n                    <\/tr>\n                <\/thead>\n            <tbody><tr><td data-label=\"Nom \/ Pr\u00e9nom\">Nussbaum Lea<\/td><td class=\"text-md-center\" data-label=\"Position\">Goalie<\/td><td class=\"text-md-center\" data-label=\"Association\">SHC Bulldozers Kernenried-Zauggenried<\/td><\/tr><tr><td data-label=\"Nom \/ Pr\u00e9nom\">Fankhauser Sandra<\/td><td class=\"text-md-center\" data-label=\"Position\">Goalie<\/td><td class=\"text-md-center\" data-label=\"Association\">SHC Belpa 1107<\/td><\/tr><tr><td data-label=\"Nom \/ Pr\u00e9nom\">Fournier M\u00e9lanie<\/td><td class=\"text-md-center\" data-label=\"Position\">Goalie<\/td><td class=\"text-md-center\" data-label=\"Association\">SHC Valais F\u00e9minine \/ SHC Diabla<\/td><\/tr><tr><td data-label=\"Nom \/ Pr\u00e9nom\">Tschirren Anja<\/td><td class=\"text-md-center\" data-label=\"Position\">Goalie<\/td><td class=\"text-md-center\" data-label=\"Association\">SHC Grenchen-Limpachtal<\/td><\/tr><tr><td data-label=\"Nom \/ Pr\u00e9nom\">Kaiser Alina<\/td><td class=\"text-md-center\" data-label=\"Position\">Goalie<\/td><td class=\"text-md-center\" data-label=\"Association\">Horgenberg Hammers<\/td><\/tr><tr><td data-label=\"Nom \/ Pr\u00e9nom\">Guyot Savannah<\/td><td class=\"text-md-center\" data-label=\"Position\">Goalie<\/td><td class=\"text-md-center\" data-label=\"Association\">SHC La Chaux-de-Fonds<\/td><\/tr><tr><td data-label=\"Nom \/ Pr\u00e9nom\">Baumgartner Angela<\/td><td class=\"text-md-center\" data-label=\"Position\">Defense<\/td><td class=\"text-md-center\" data-label=\"Association\">SHC Bulldozers Kernenried-Zauggenried<\/td><\/tr><tr><td data-label=\"Nom \/ Pr\u00e9nom\">Kummer Stefanie<\/td><td class=\"text-md-center\" data-label=\"Position\">Defense<\/td><td class=\"text-md-center\" data-label=\"Association\">SHC Bulldozers Kernenried-Zauggenried<\/td><\/tr><tr><td data-label=\"Nom \/ Pr\u00e9nom\">Messer Olivia<\/td><td class=\"text-md-center\" data-label=\"Position\">Defense<\/td><td class=\"text-md-center\" data-label=\"Association\">SHC Bulldozers Kernenried-Zauggenried<\/td><\/tr><tr><td data-label=\"Nom \/ Pr\u00e9nom\">B\u00fctikofer Lynn<\/td><td class=\"text-md-center\" data-label=\"Position\">Defense<\/td><td class=\"text-md-center\" data-label=\"Association\">SHC Bulldozers Kernenried-Zauggenried<\/td><\/tr><tr><td data-label=\"Nom \/ Pr\u00e9nom\">Ben Othman Malika<\/td><td class=\"text-md-center\" data-label=\"Position\">Defense<\/td><td class=\"text-md-center\" data-label=\"Association\">SHC Valais F\u00e9minine \/ SHC Diabla<\/td><\/tr><tr><td data-label=\"Nom \/ Pr\u00e9nom\">Bregy Corin<\/td><td class=\"text-md-center\" data-label=\"Position\">Defense<\/td><td class=\"text-md-center\" data-label=\"Association\">SHC Valais F\u00e9minine \/ Sierre Lions<\/td><\/tr><tr><td data-label=\"Nom \/ Pr\u00e9nom\">Bohler Romy<\/td><td class=\"text-md-center\" data-label=\"Position\">Defense<\/td><td class=\"text-md-center\" data-label=\"Association\">SHC Valais F\u00e9minine \/ Sierre Lions<\/td><\/tr><tr><td data-label=\"Nom \/ Pr\u00e9nom\">Lugon Laetitia<\/td><td class=\"text-md-center\" data-label=\"Position\">Defense<\/td><td class=\"text-md-center\" data-label=\"Association\">SHC Valais F\u00e9minine \/ SHC Diabla<\/td><\/tr><tr><td data-label=\"Nom \/ Pr\u00e9nom\">Zbinden Vera<\/td><td class=\"text-md-center\" data-label=\"Position\">Defense<\/td><td class=\"text-md-center\" data-label=\"Association\">SHC Bettlach<\/td><\/tr><tr><td data-label=\"Nom \/ Pr\u00e9nom\">Schnider Sabrina<\/td><td class=\"text-md-center\" data-label=\"Position\">Defense<\/td><td class=\"text-md-center\" data-label=\"Association\">SHC Bettlach<\/td><\/tr><tr><td data-label=\"Nom \/ Pr\u00e9nom\">Lienhardt C\u00e9line<\/td><td class=\"text-md-center\" data-label=\"Position\">Defense<\/td><td class=\"text-md-center\" data-label=\"Association\">Horgenberg Hammers<\/td><\/tr><tr><td data-label=\"Nom \/ Pr\u00e9nom\">Affolter Leonie<\/td><td class=\"text-md-center\" data-label=\"Position\">Defense<\/td><td class=\"text-md-center\" data-label=\"Association\">SHC Grenchen-Limpachtal<\/td><\/tr><tr><td data-label=\"Nom \/ Pr\u00e9nom\">Gilomen Chanel<\/td><td class=\"text-md-center\" data-label=\"Position\">Defense<\/td><td class=\"text-md-center\" data-label=\"Association\">SHC La Chaux-de-Fonds<\/td><\/tr><tr><td data-label=\"Nom \/ Pr\u00e9nom\">Galley Aur\u00e9lie<\/td><td class=\"text-md-center\" data-label=\"Position\">Defense<\/td><td class=\"text-md-center\" data-label=\"Association\">SHC La Chaux-de-Fonds<\/td><\/tr><tr><td data-label=\"Nom \/ Pr\u00e9nom\">Hofer C\u00e9lie<\/td><td class=\"text-md-center\" data-label=\"Position\">Defense<\/td><td class=\"text-md-center\" data-label=\"Association\">SHC La Chaux-de-Fonds<\/td><\/tr><tr><td data-label=\"Nom \/ Pr\u00e9nom\">Solioz M\u00e9lanie<\/td><td class=\"text-md-center\" data-label=\"Position\">Defense<\/td><td class=\"text-md-center\" data-label=\"Association\">SHC La Chaux-de-Fonds<\/td><\/tr><tr><td data-label=\"Nom \/ Pr\u00e9nom\">Chopard Eva<\/td><td class=\"text-md-center\" data-label=\"Position\">Defense<\/td><td class=\"text-md-center\" data-label=\"Association\">SHC La Chaux-de-Fonds<\/td><\/tr><tr><td data-label=\"Nom \/ Pr\u00e9nom\">Arn Sabrina<\/td><td class=\"text-md-center\" data-label=\"Position\">Defense<\/td><td class=\"text-md-center\" data-label=\"Association\">SHC Grenchen-Limpachtal<\/td><\/tr><tr><td data-label=\"Nom \/ Pr\u00e9nom\">Trummer Sarah<\/td><td class=\"text-md-center\" data-label=\"Position\">Defense<\/td><td class=\"text-md-center\" data-label=\"Association\">SHC Grenchen-Limpachtal<\/td><\/tr><tr><td data-label=\"Nom \/ Pr\u00e9nom\">Berri Leila<\/td><td class=\"text-md-center\" data-label=\"Position\">Defense<\/td><td class=\"text-md-center\" data-label=\"Association\">SHC Grenchen-Limpachtal<\/td><\/tr><tr><td data-label=\"Nom \/ Pr\u00e9nom\">Burgdorfer Rebecca<\/td><td class=\"text-md-center\" data-label=\"Position\">Defense<\/td><td class=\"text-md-center\" data-label=\"Association\">SHC Grenchen-Limpachtal<\/td><\/tr><tr><td data-label=\"Nom \/ Pr\u00e9nom\">Kr\u00e4henb\u00fchl Stefanie<\/td><td class=\"text-md-center\" data-label=\"Position\">Defense<\/td><td class=\"text-md-center\" data-label=\"Association\">SHC Grenchen-Limpachtal<\/td><\/tr><tr><td data-label=\"Nom \/ Pr\u00e9nom\">Kisslig Marina<\/td><td class=\"text-md-center\" data-label=\"Position\">Defense<\/td><td class=\"text-md-center\" data-label=\"Association\">SHC La Chaux-de-Fonds<\/td><\/tr><tr><td data-label=\"Nom \/ Pr\u00e9nom\">L\u00fcthi Larissa<\/td><td class=\"text-md-center\" data-label=\"Position\">Defense<\/td><td class=\"text-md-center\" data-label=\"Association\">SHC Grenchen-Limpachtal<\/td><\/tr><tr><td data-label=\"Nom \/ Pr\u00e9nom\">R\u00e4tz Chantal <\/td><td class=\"text-md-center\" data-label=\"Position\">Forward<\/td><td class=\"text-md-center\" data-label=\"Association\">SHC Bulldozers Kernenried-Zauggenried<\/td><\/tr><tr><td data-label=\"Nom \/ Pr\u00e9nom\">Zbinden C\u00e9line<\/td><td class=\"text-md-center\" data-label=\"Position\">Forward<\/td><td class=\"text-md-center\" data-label=\"Association\">SHC Bulldozers Kernenried-Zauggenried<\/td><\/tr><tr><td data-label=\"Nom \/ Pr\u00e9nom\">Bissig Heike<\/td><td class=\"text-md-center\" data-label=\"Position\">Forward<\/td><td class=\"text-md-center\" data-label=\"Association\">SHC Valais F\u00e9minine \/ SHC Diabla<\/td><\/tr><tr><td data-label=\"Nom \/ Pr\u00e9nom\">Emmenegger Eloise<\/td><td class=\"text-md-center\" data-label=\"Position\">Forward<\/td><td class=\"text-md-center\" data-label=\"Association\">SHC La Chaux-de-Fonds<\/td><\/tr><tr><td data-label=\"Nom \/ Pr\u00e9nom\">Cohen Perrine<\/td><td class=\"text-md-center\" data-label=\"Position\">Forward<\/td><td class=\"text-md-center\" data-label=\"Association\">SHC La Chaux-de-Fonds<\/td><\/tr><tr><td data-label=\"Nom \/ Pr\u00e9nom\">Kunz Laura<\/td><td class=\"text-md-center\" data-label=\"Position\">Forward<\/td><td class=\"text-md-center\" data-label=\"Association\">SHC Grenchen-Limpachtal<\/td><\/tr><tr><td data-label=\"Nom \/ Pr\u00e9nom\">Berri Emma<\/td><td class=\"text-md-center\" data-label=\"Position\">Forward<\/td><td class=\"text-md-center\" data-label=\"Association\">SHC Grenchen-Limpachtal<\/td><\/tr><tr><td data-label=\"Nom \/ Pr\u00e9nom\">Bl\u00f6sch Jacqueline<\/td><td class=\"text-md-center\" data-label=\"Position\">Forward<\/td><td class=\"text-md-center\" data-label=\"Association\">SHC Grenchen-Limpachtal<\/td><\/tr><tr><td data-label=\"Nom \/ Pr\u00e9nom\">Leibundgut Mira<\/td><td class=\"text-md-center\" data-label=\"Position\">Forward<\/td><td class=\"text-md-center\" data-label=\"Association\">SHC Bettlach<\/td><\/tr><tr><td data-label=\"Nom \/ Pr\u00e9nom\">Walker Fabienne<\/td><td class=\"text-md-center\" data-label=\"Position\">Forward<\/td><td class=\"text-md-center\" data-label=\"Association\">SHC Bettlach<\/td><\/tr><tr><td data-label=\"Nom \/ Pr\u00e9nom\">Villiger Chiara<\/td><td class=\"text-md-center\" data-label=\"Position\">Forward<\/td><td class=\"text-md-center\" data-label=\"Association\">SHC Seetal Admirals<\/td><\/tr><tr><td data-label=\"Nom \/ Pr\u00e9nom\">Rey Manon<\/td><td class=\"text-md-center\" data-label=\"Position\">Forward<\/td><td class=\"text-md-center\" data-label=\"Association\">SHC Valais F\u00e9minine \/ Sierre Lions<\/td><\/tr><tr><td data-label=\"Nom \/ Pr\u00e9nom\">Janjic Marylin<\/td><td class=\"text-md-center\" data-label=\"Position\">Forward<\/td><td class=\"text-md-center\" data-label=\"Association\">SHC Valais F\u00e9minine \/ Sierre Lions<\/td><\/tr><tr><td data-label=\"Nom \/ Pr\u00e9nom\">Hunziker Martina<\/td><td class=\"text-md-center\" data-label=\"Position\">Forward<\/td><td class=\"text-md-center\" data-label=\"Association\">SHC Valais F\u00e9minine \/ Sierre Lions<\/td><\/tr><tr><td data-label=\"Nom \/ Pr\u00e9nom\">Granger Samantha<\/td><td class=\"text-md-center\" data-label=\"Position\">Forward<\/td><td class=\"text-md-center\" data-label=\"Association\">SHC Valais F\u00e9minine \/ SHC Diabla<\/td><\/tr><\/tbody><\/table><\/div>[\/vc_column][vc_column width=\u00a0\u00bb1\/3&Prime;][\/vc_column][vc_column width=\u00a0\u00bb1\/3&Prime;][\/vc_column][vc_column width=\u00a0\u00bb1\/3&Prime;][\/vc_column][vc_column width=\u00a0\u00bb1\/3&Prime;][\/vc_column][vc_column width=\u00a0\u00bb1\/3&Prime;][\/vc_column][vc_column width=\u00a0\u00bb1\/3&Prime;][\/vc_column][vc_column width=\u00a0\u00bb1\/3&Prime;][\/vc_column][vc_column width=\u00a0\u00bb1\/3&Prime;][\/vc_column][vc_column width=\u00a0\u00bb1\/3&Prime;][\/vc_column][\/vc_row]<\/p>\n<\/div>","protected":false},"excerpt":{"rendered":"<p>[vc_row][vc_column][vc_empty_space][vc_empty_space][\/vc_column][\/vc_row][vc_row equal_height=\u00a0\u00bbyes\u00a0\u00bb rowmarginbottom=\u00a0\u00bbrow-mb-40&Prime;][vc_column width=\u00a0\u00bb1\/4&Prime;][\/vc_column][vc_column width=\u00a0\u00bb1\/4&Prime;][\/vc_column][vc_column width=\u00a0\u00bb1\/4&Prime;][\/vc_column][vc_column width=\u00a0\u00bb1\/4&Prime;][\/vc_column][vc_column width=\u00a0\u00bb1\/4&Prime;][\/vc_column][vc_column width=\u00a0\u00bb1\/4&Prime;][\/vc_column][\/vc_row][vc_row equal_height=\u00a0\u00bbyes\u00a0\u00bb rowmarginbottom=\u00a0\u00bbrow-mb-40&Prime;][vc_column][\/vc_column][vc_column width=\u00a0\u00bb1\/3&Prime;][\/vc_column][vc_column width=\u00a0\u00bb1\/3&Prime;][\/vc_column][vc_column width=\u00a0\u00bb1\/3&Prime;][\/vc_column][vc_column width=\u00a0\u00bb1\/3&Prime;][\/vc_column][vc_column width=\u00a0\u00bb1\/3&Prime;][\/vc_column][vc_column width=\u00a0\u00bb1\/3&Prime;][\/vc_column][vc_column width=\u00a0\u00bb1\/3&Prime;][\/vc_column][vc_column width=\u00a0\u00bb1\/3&Prime;][\/vc_column][vc_column width=\u00a0\u00bb1\/3&Prime;][\/vc_column][\/vc_row]<\/p>\n","protected":false},"author":1,"featured_media":0,"parent":1403,"menu_order":20,"comment_status":"closed","ping_status":"closed","template":"","meta":{"_acf_changed":false,"footnotes":""},"class_list":["post-1405","page","type-page","status-publish","hentry"],"acf":[],"_links":{"self":[{"href":"https:\/\/www.swiss-streethockey.ch\/fr\/wp-json\/wp\/v2\/pages\/1405","targetHints":{"allow":["GET"]}}],"collection":[{"href":"https:\/\/www.swiss-streethockey.ch\/fr\/wp-json\/wp\/v2\/pages"}],"about":[{"href":"https:\/\/www.swiss-streethockey.ch\/fr\/wp-json\/wp\/v2\/types\/page"}],"author":[{"embeddable":true,"href":"https:\/\/www.swiss-streethockey.ch\/fr\/wp-json\/wp\/v2\/users\/1"}],"replies":[{"embeddable":true,"href":"https:\/\/www.swiss-streethockey.ch\/fr\/wp-json\/wp\/v2\/comments?post=1405"}],"version-history":[{"count":3,"href":"https:\/\/www.swiss-streethockey.ch\/fr\/wp-json\/wp\/v2\/pages\/1405\/revisions"}],"predecessor-version":[{"id":1826,"href":"https:\/\/www.swiss-streethockey.ch\/fr\/wp-json\/wp\/v2\/pages\/1405\/revisions\/1826"}],"up":[{"embeddable":true,"href":"https:\/\/www.swiss-streethockey.ch\/fr\/wp-json\/wp\/v2\/pages\/1403"}],"wp:attachment":[{"href":"https:\/\/www.swiss-streethockey.ch\/fr\/wp-json\/wp\/v2\/media?parent=1405"}],"curies":[{"name":"wp","href":"https:\/\/api.w.org\/{rel}","templated":true}]}}