{"id":1404,"date":"2025-05-05T10:10:34","date_gmt":"2025-05-05T08:10:34","guid":{"rendered":"https:\/\/www.swiss-streethockey.ch\/national-teams\/mens-national-team\/"},"modified":"2025-07-22T13:45:26","modified_gmt":"2025-07-22T11:45:26","slug":"mens-national-team","status":"publish","type":"page","link":"https:\/\/www.swiss-streethockey.ch\/fr\/national-teams\/mens-national-team\/","title":{"rendered":"\u00c9quipe nationale masculine"},"content":{"rendered":"<div class=\"wpb-content-wrapper\"><p>[vc_row][vc_column]<div class=\"tabnav-wrapper\"><div class=\"tabnav-item pillactive\"><a href=\"\/national-teams\/mens-national-team\/\" >Hommes<\/a><\/div><div class=\"tabnav-item pillnotactive\"><a href=\"\/national-teams\/womens-national-team\/\" >Femmes<\/a><\/div><div class=\"tabnav-item pillnotactive\"><a href=\"\/national-teams\/u20-junior-national-team\/\" >U 20<\/a><\/div><div class=\"tabnav-item pillnotactive\"><a href=\"\/national-teams\/u18-junior-national-team\/\" >U 18<\/a><\/div><div class=\"tabnav-item pillnotactive\"><a href=\"\/national-teams\/u16-junior-national-team\/\" >U 16<\/a><\/div><\/div>[vc_empty_space]\r\n              <div class=\"modul--headline \"><h2 class=\"text-start\">Staff<\/h2><\/div>[vc_empty_space][\/vc_column][\/vc_row][vc_row equal_height=\u00a0\u00bbyes\u00a0\u00bb rowmarginbottom=\u00a0\u00bbrow-mb-40&Prime;][vc_column width=\u00a0\u00bb1\/4&Prime;]\r\n              <div class=\"member staff--wrapper mb-5\">\r\n              \r\n                  <div class=\"member-image\"><img decoding=\"async\" src=\"https:\/\/www.swiss-streethockey.ch\/wp-content\/uploads\/KAPANEK.png\" alt=\"Tibor\" class=\"img-fluid\"><\/div>\r\n                  <div class=\"member-info staff-info\">\r\n                  <div class=\"\"><div class=\"member-position\">Tibor<\/div>\r\n                  <h3 class=\"member-name mb-0\">Kapanek<\/h3><div class=\"member-email\">Head Coach<\/div>    \r\n                        <\/div>\r\n                    <div class=\"member-number\"><\/div>                \r\n                  <\/div>\r\n              <\/div>\r\n                  [\/vc_column][vc_column width=\u00a0\u00bb1\/4&Prime;]\r\n              <div class=\"member staff--wrapper mb-5\">\r\n              \r\n                  <div class=\"member-image\"><img decoding=\"async\" src=\"https:\/\/www.swiss-streethockey.ch\/wp-content\/uploads\/AEGI.png\" alt=\"Marc\" class=\"img-fluid\"><\/div>\r\n                  <div class=\"member-info staff-info\">\r\n                  <div class=\"\"><div class=\"member-position\">Marc<\/div>\r\n                  <h3 class=\"member-name mb-0\">Aegerter<\/h3><div class=\"member-email\">Assistant Coach<\/div>    \r\n                        <\/div>\r\n                    <div class=\"member-number\"><\/div>                \r\n                  <\/div>\r\n              <\/div>\r\n                  [\/vc_column][vc_column width=\u00a0\u00bb1\/4&Prime;]\r\n              <div class=\"member staff--wrapper mb-5\">\r\n              \r\n                  <div class=\"member-image\"><img decoding=\"async\" src=\"https:\/\/www.swiss-streethockey.ch\/wp-content\/uploads\/nisevic.png\" alt=\"Goran\" class=\"img-fluid\"><\/div>\r\n                  <div class=\"member-info staff-info\">\r\n                  <div class=\"\"><div class=\"member-position\">Goran<\/div>\r\n                  <h3 class=\"member-name mb-0\">Nisevic<\/h3><div class=\"member-email\">Assistant<\/div>    \r\n                        <\/div>\r\n                    <div class=\"member-number\"><\/div>                \r\n                  <\/div>\r\n              <\/div>\r\n                  [\/vc_column][vc_column width=\u00a0\u00bb1\/4&Prime;][\/vc_column][vc_column width=\u00a0\u00bb1\/4&Prime;][\/vc_column][vc_column width=\u00a0\u00bb1\/4&Prime;][\/vc_column][\/vc_row][vc_row equal_height=\u00a0\u00bbyes\u00a0\u00bb rowmarginbottom=\u00a0\u00bbrow-mb-40&Prime;][vc_column]\r\n              <div class=\"modul--headline \"><h2 class=\"text-start\">Convocation \u00e0 la campagne d'entra\u00eenement des Championnats du monde d'Ostrava 2026<\/h2><\/div>[vc_empty_space]<div class=\"overflow-x-auto\"><table class=\"table hippo-table\">\n                <thead>\n                    <tr><th scope=\"col\">Nom \/ Pr\u00e9nom<\/th><th scope=\"col\" class=\"text-md-center\">Position<\/th><th scope=\"col\" class=\"text-md-center\">Association<\/th>\n                    <\/tr>\n                <\/thead>\n            <tbody><tr><td data-label=\"Nom \/ Pr\u00e9nom\">Brodard Dean<\/td><td class=\"text-md-center\" data-label=\"Position\">Goalie<\/td><td class=\"text-md-center\" data-label=\"Association\">SHC Bettlach<\/td><\/tr><tr><td data-label=\"Nom \/ Pr\u00e9nom\">Pont Alexandres<\/td><td class=\"text-md-center\" data-label=\"Position\">Goalie<\/td><td class=\"text-md-center\" data-label=\"Association\">Sierre Lions<\/td><\/tr><tr><td data-label=\"Nom \/ Pr\u00e9nom\">Messer Janik<\/td><td class=\"text-md-center\" data-label=\"Position\">Goalie<\/td><td class=\"text-md-center\" data-label=\"Association\">SHC Bulldozers Kernenried-Zauggenried<\/td><\/tr><tr><td data-label=\"Nom \/ Pr\u00e9nom\">Rebord Ren\u00e9<\/td><td class=\"text-md-center\" data-label=\"Position\">Defense<\/td><td class=\"text-md-center\" data-label=\"Association\">Sierre Lions<\/td><\/tr><tr><td data-label=\"Nom \/ Pr\u00e9nom\">Rodrigues Vasco<\/td><td class=\"text-md-center\" data-label=\"Position\">Defense<\/td><td class=\"text-md-center\" data-label=\"Association\">SHC La Chaux-de-Fonds<\/td><\/tr><tr><td data-label=\"Nom \/ Pr\u00e9nom\">Mermoud Alex<\/td><td class=\"text-md-center\" data-label=\"Position\">Defense<\/td><td class=\"text-md-center\" data-label=\"Association\">Sierre Lions<\/td><\/tr><tr><td data-label=\"Nom \/ Pr\u00e9nom\">Iten Aaron<\/td><td class=\"text-md-center\" data-label=\"Position\">Defense<\/td><td class=\"text-md-center\" data-label=\"Association\">Oberwil Rebells<\/td><\/tr><tr><td data-label=\"Nom \/ Pr\u00e9nom\">Hlubek Nick<\/td><td class=\"text-md-center\" data-label=\"Position\">Defense<\/td><td class=\"text-md-center\" data-label=\"Association\">Oberwil Rebells<\/td><\/tr><tr><td data-label=\"Nom \/ Pr\u00e9nom\">Grandjean Antoine<\/td><td class=\"text-md-center\" data-label=\"Position\">Defense<\/td><td class=\"text-md-center\" data-label=\"Association\">SHC La Chaux-de-Fonds<\/td><\/tr><tr><td data-label=\"Nom \/ Pr\u00e9nom\">Gisler Rafael<\/td><td class=\"text-md-center\" data-label=\"Position\">Defense<\/td><td class=\"text-md-center\" data-label=\"Association\">Oberwil Rebells<\/td><\/tr><tr><td data-label=\"Nom \/ Pr\u00e9nom\">Fund Serverin<\/td><td class=\"text-md-center\" data-label=\"Position\">Defense<\/td><td class=\"text-md-center\" data-label=\"Association\">SHC Bulldozers Kernenried-Zauggenried<\/td><\/tr><tr><td data-label=\"Nom \/ Pr\u00e9nom\">Eberle Yanik<\/td><td class=\"text-md-center\" data-label=\"Position\">Defense<\/td><td class=\"text-md-center\" data-label=\"Association\">Oberwil Rebells<\/td><\/tr><tr><td data-label=\"Nom \/ Pr\u00e9nom\">Enzler Raphael<\/td><td class=\"text-md-center\" data-label=\"Position\">Forward<\/td><td class=\"text-md-center\" data-label=\"Association\">Oberwil Rebells<\/td><\/tr><tr><td data-label=\"Nom \/ Pr\u00e9nom\">Paulik Mario<\/td><td class=\"text-md-center\" data-label=\"Position\">Forward<\/td><td class=\"text-md-center\" data-label=\"Association\">Sierre Lions<\/td><\/tr><tr><td data-label=\"Nom \/ Pr\u00e9nom\">Tschamper Pascal<\/td><td class=\"text-md-center\" data-label=\"Position\">Forward<\/td><td class=\"text-md-center\" data-label=\"Association\">SHC Bulldozers Kernenried-Zauggenried<\/td><\/tr><tr><td data-label=\"Nom \/ Pr\u00e9nom\">M\u00fcller Tim<\/td><td class=\"text-md-center\" data-label=\"Position\">Forward<\/td><td class=\"text-md-center\" data-label=\"Association\">Oberwil Rebells<\/td><\/tr><tr><td data-label=\"Nom \/ Pr\u00e9nom\">M\u00fcller Ken<\/td><td class=\"text-md-center\" data-label=\"Position\">Forward<\/td><td class=\"text-md-center\" data-label=\"Association\">Oberwil Rebells<\/td><\/tr><tr><td data-label=\"Nom \/ Pr\u00e9nom\">Mballa Manuel<\/td><td class=\"text-md-center\" data-label=\"Position\">Forward<\/td><td class=\"text-md-center\" data-label=\"Association\">SHC La Chaux-de-Fonds<\/td><\/tr><tr><td data-label=\"Nom \/ Pr\u00e9nom\">Lartey Benjamin<\/td><td class=\"text-md-center\" data-label=\"Position\">Forward<\/td><td class=\"text-md-center\" data-label=\"Association\">Oberwil Rebells<\/td><\/tr><tr><td data-label=\"Nom \/ Pr\u00e9nom\">Huber Nick<\/td><td class=\"text-md-center\" data-label=\"Position\">Forward<\/td><td class=\"text-md-center\" data-label=\"Association\">Oberwil Rebells<\/td><\/tr><tr><td data-label=\"Nom \/ Pr\u00e9nom\">Hausherr Moritz<\/td><td class=\"text-md-center\" data-label=\"Position\">Forward<\/td><td class=\"text-md-center\" data-label=\"Association\">Oberwil Rebells<\/td><\/tr><tr><td data-label=\"Nom \/ Pr\u00e9nom\">Gascon Joe<\/td><td class=\"text-md-center\" data-label=\"Position\">Forward<\/td><td class=\"text-md-center\" data-label=\"Association\">SHC La Chaux-de-Fonds<\/td><\/tr><tr><td data-label=\"Nom \/ Pr\u00e9nom\">Fairclough Mikel<\/td><td class=\"text-md-center\" data-label=\"Position\">Forward<\/td><td class=\"text-md-center\" data-label=\"Association\">SHC Belpa 1107<\/td><\/tr><tr><td data-label=\"Nom \/ Pr\u00e9nom\">B\u00fctikofer Loic<\/td><td class=\"text-md-center\" data-label=\"Position\">Forward<\/td><td class=\"text-md-center\" data-label=\"Association\">SHC Bulldozers Kernenried-Zauggenried<\/td><\/tr><\/tbody><\/table><\/div><div class=\"overflow-x-auto\"><table class=\"table hippo-table\">\n                <thead>\n                    <tr><th scope=\"col\">D\u00e9connect\u00e9<\/th>\n                    <\/tr>\n                <\/thead>\n            <tbody><tr><td data-label=\"D\u00e9connect\u00e9\">M\u00fcller Yanick (OWR), St\u00e4heli Lukas (BTT), Bardos Jan (SLI), Cioffo Raffaele (OWR), Filipek Robert (SLI), Jaussi Dominik (KRZ), M\u00fcller Max (OWR), Rohdewald Tobias (OWR), Wehrli Adrien (GAL), Wehrli Nicolas (GAL)<\/td><\/tr><\/tbody><\/table><\/div>[\/vc_column][vc_column width=\u00a0\u00bb1\/3&Prime;][\/vc_column][vc_column width=\u00a0\u00bb1\/3&Prime;][\/vc_column][vc_column width=\u00a0\u00bb1\/3&Prime;][\/vc_column][vc_column width=\u00a0\u00bb1\/3&Prime;][\/vc_column][vc_column width=\u00a0\u00bb1\/3&Prime;][\/vc_column][vc_column width=\u00a0\u00bb1\/3&Prime;][\/vc_column][vc_column width=\u00a0\u00bb1\/3&Prime;][\/vc_column][vc_column width=\u00a0\u00bb1\/3&Prime;][\/vc_column][vc_column width=\u00a0\u00bb1\/3&Prime;][\/vc_column][\/vc_row]<\/p>\n<\/div>","protected":false},"excerpt":{"rendered":"<p>[vc_row][vc_column][vc_empty_space][vc_empty_space][\/vc_column][\/vc_row][vc_row equal_height=\u00a0\u00bbyes\u00a0\u00bb rowmarginbottom=\u00a0\u00bbrow-mb-40&Prime;][vc_column width=\u00a0\u00bb1\/4&Prime;][\/vc_column][vc_column width=\u00a0\u00bb1\/4&Prime;][\/vc_column][vc_column width=\u00a0\u00bb1\/4&Prime;][\/vc_column][vc_column width=\u00a0\u00bb1\/4&Prime;][\/vc_column][vc_column width=\u00a0\u00bb1\/4&Prime;][\/vc_column][vc_column width=\u00a0\u00bb1\/4&Prime;][\/vc_column][\/vc_row][vc_row equal_height=\u00a0\u00bbyes\u00a0\u00bb rowmarginbottom=\u00a0\u00bbrow-mb-40&Prime;][vc_column][vc_empty_space][\/vc_column][vc_column width=\u00a0\u00bb1\/3&Prime;][\/vc_column][vc_column width=\u00a0\u00bb1\/3&Prime;][\/vc_column][vc_column width=\u00a0\u00bb1\/3&Prime;][\/vc_column][vc_column width=\u00a0\u00bb1\/3&Prime;][\/vc_column][vc_column width=\u00a0\u00bb1\/3&Prime;][\/vc_column][vc_column width=\u00a0\u00bb1\/3&Prime;][\/vc_column][vc_column width=\u00a0\u00bb1\/3&Prime;][\/vc_column][vc_column width=\u00a0\u00bb1\/3&Prime;][\/vc_column][vc_column width=\u00a0\u00bb1\/3&Prime;][\/vc_column][\/vc_row]<\/p>\n","protected":false},"author":1,"featured_media":0,"parent":1403,"menu_order":10,"comment_status":"closed","ping_status":"closed","template":"","meta":{"_acf_changed":false,"footnotes":""},"class_list":["post-1404","page","type-page","status-publish","hentry"],"acf":[],"_links":{"self":[{"href":"https:\/\/www.swiss-streethockey.ch\/fr\/wp-json\/wp\/v2\/pages\/1404","targetHints":{"allow":["GET"]}}],"collection":[{"href":"https:\/\/www.swiss-streethockey.ch\/fr\/wp-json\/wp\/v2\/pages"}],"about":[{"href":"https:\/\/www.swiss-streethockey.ch\/fr\/wp-json\/wp\/v2\/types\/page"}],"author":[{"embeddable":true,"href":"https:\/\/www.swiss-streethockey.ch\/fr\/wp-json\/wp\/v2\/users\/1"}],"replies":[{"embeddable":true,"href":"https:\/\/www.swiss-streethockey.ch\/fr\/wp-json\/wp\/v2\/comments?post=1404"}],"version-history":[{"count":5,"href":"https:\/\/www.swiss-streethockey.ch\/fr\/wp-json\/wp\/v2\/pages\/1404\/revisions"}],"predecessor-version":[{"id":1827,"href":"https:\/\/www.swiss-streethockey.ch\/fr\/wp-json\/wp\/v2\/pages\/1404\/revisions\/1827"}],"up":[{"embeddable":true,"href":"https:\/\/www.swiss-streethockey.ch\/fr\/wp-json\/wp\/v2\/pages\/1403"}],"wp:attachment":[{"href":"https:\/\/www.swiss-streethockey.ch\/fr\/wp-json\/wp\/v2\/media?parent=1404"}],"curies":[{"name":"wp","href":"https:\/\/api.w.org\/{rel}","templated":true}]}}