{"id":1387,"date":"2025-05-04T14:05:32","date_gmt":"2025-05-04T12:05:32","guid":{"rendered":"https:\/\/www.swiss-streethockey.ch\/news\/nationalmannschaften\/"},"modified":"2025-07-10T15:13:52","modified_gmt":"2025-07-10T13:13:52","slug":"nationalmannschaften","status":"publish","type":"page","link":"https:\/\/www.swiss-streethockey.ch\/fr\/news\/nationalmannschaften\/","title":{"rendered":"\u00c9quipes nationales"},"content":{"rendered":"<div class=\"wpb-content-wrapper\"><p>[vc_row][vc_column]\n                    <section class=\"streethockey-header header-news\">\n                        <div class=\"container\">\n                            <div class=\"row\">\n                                <div class=\"col-md-5 newsheader-textwrapper mb-5 mb-md-0\">\n                                    <div class=\"news-header\">\n                                        <div class=\"news-header-claim mb-3\">Neueste News<\/div>\n                                        <div class=\"news-header-headline\">La composition d\u00e9finitive des \u00e9quipes nationales masculines<\/div>\n                                    <\/div>\n                                    <div class=\"news-header-subheadline\">\n                                        <div class=\"news-header-subheadline-category\">\u00c9quipes nationales<\/div>\n                                        <div class=\"news-header-subheadline-date\">09.04.2026<\/div>\n                                    <\/div>\n                                <\/div>\n                                <div class=\"col-md-7 news-header-imagewrapper\">\n                                    <a href=\"https:\/\/www.swiss-streethockey.ch\/fr\/la-composition-definitive-des-equipes-nationales-masculines\/\">\n                                        <div class=\"position-relative\"><div class=\"news-header-image\"><img decoding=\"async\" src=\"https:\/\/www.swiss-streethockey.ch\/wp-content\/uploads\/Herren_Nationalteam_LineUp-1.png\" alt=\"La composition d\u00e9finitive des \u00e9quipes nationales masculines\" class=\"img-fluid\" \/><\/div>\n                                            <div class=\"news-header-image-overlay position-absolute\">\n                                                <div href=\"https:\/\/www.swiss-streethockey.ch\/fr\/la-composition-definitive-des-equipes-nationales-masculines\/\">\n                                                    <svg width=\"12\" height=\"18\" viewBox=\"0 0 12 18\" fill=\"none\" xmlns=\"http:\/\/www.w3.org\/2000\/svg\">\n                                                        <path d=\"M1.98511 18L11.5 9.00344L1.98511 0L0.5 1.40528L8.52978 9.00344L0.5 16.6016L1.98511 18Z\" fill=\"white\"\/>\n                                                    <\/svg>\n                                                <\/div>\n                                            <\/div>\n                                        <\/div>\n                                    <\/a>\n                                <\/div>\n                            <\/div>\n                        <\/div>\n                    <\/section>\n\n            \n            <section class=\"news-navigation\">\n                <div class=\"container\">\n                    <div class=\"row\">\n                        <div class=\"col-md-12 news-navigation-items\">\n                            <div class=\"news-header-navigation__title\">Autres nouvelles<\/div>\n                            <div class=\"news-header-navigation__categories\">\n                                <div class=\"nav-category \"><a href=\"https:\/\/www.swiss-streethockey.ch\/news\/\">Tout<\/a><\/div><div class=\"nav-category \"><a href=\"https:\/\/www.swiss-streethockey.ch\/news\/equipes-nationales\">\u00c9quipes nationales<\/a><\/div><div class=\"nav-category \"><a href=\"https:\/\/www.swiss-streethockey.ch\/news\/evenement\">\u00c9v\u00e9nement<\/a><\/div><div class=\"nav-category \"><a href=\"https:\/\/www.swiss-streethockey.ch\/news\/association\">Association<\/a><\/div><div class=\"nav-category \"><a href=\"https:\/\/www.swiss-streethockey.ch\/news\/communiques-de-presse\">Communiqu\u00e9s de presse<\/a><\/div><div class=\"nav-category \"><a href=\"https:\/\/www.swiss-streethockey.ch\/news\/non-categorise\">Non cat\u00e9goris\u00e9<\/a><\/div><div class=\"nav-category \"><a href=\"https:\/\/www.swiss-streethockey.ch\/news\/operations-de-jeu\">Op\u00e9rations de jeu<\/a><\/div>\n                            <\/div>\n                        <\/div>\n                    <\/div>\n                <\/div>\n            <\/section>\n            \n            <div class=\"container\">\n                <div class=\"row d-flex\">\n            \n                    <div class=\"col-md-4 d-flex newsteaserbox\">\n                      <a href=\"https:\/\/www.swiss-streethockey.ch\/fr\/sponsors-de-la-campagne-des-equipes-nationales-pour-les-championnats-du-monde-2026-swiss-streethockey-vous-remercie\/\">\n                        <div class=\" flex-fill\">\n                            <div class=\"teaserbox__image\">\n                                <img decoding=\"async\" src=\"https:\/\/www.swiss-streethockey.ch\/wp-content\/uploads\/nobite_brodard-gastro.png\" alt=\"Sponsors de la campagne des \u00e9quipes nationales pour les Championnats du monde 2026 \u2013 Swiss Streethockey vous remercie\" class=\"img-fluid\" \/>\n                            <\/div>\n                            <div class=\"newsteaserbox__content\">\n                                <div class=\"newsteaserbox__content-date\">25.03.2026<\/div>\n                                <div class=\"newsteaserbox__content-headline\">Sponsors de la campagne des \u00e9quipes nationales pour les Championnats du monde 2026 \u2013 Swiss Streethockey vous remercie<\/div>\n                                <div class=\"newsteaserbox__content-subline\">\n                                        <div class=\"newsteaserbox__content-subline-category\">\u00c9quipes nationales<\/div>\n                                        <div class=\"newsteaserbox__content-subline-more\">\n                                            <svg width=\"12\" height=\"18\" viewBox=\"0 0 12 18\" fill=\"none\" xmlns=\"http:\/\/www.w3.org\/2000\/svg\">\n                                                <path d=\"M1.98511 18L11.5 9.00344L1.98511 0L0.5 1.40528L8.52978 9.00344L0.5 16.6016L1.98511 18Z\" fill=\"white\"\/>\n                                            <\/svg>\n                                        <\/div>\n                                    <\/div>\n                            <\/div>\n                        <\/div>\n                      <\/a>\n                    <\/div>\n                    <div class=\"col-md-4 d-flex newsteaserbox\">\n                      <a href=\"https:\/\/www.swiss-streethockey.ch\/fr\/la-composition-definitive-de-lequipe-nationale-feminine-suisse-de-street-hockey-pour-les-championnats-du-monde-a-ostrava-est-desormais-connue\/\">\n                        <div class=\" flex-fill\">\n                            <div class=\"teaserbox__image\">\n                                <img decoding=\"async\" src=\"https:\/\/www.swiss-streethockey.ch\/wp-content\/uploads\/Damen_Nationalteam_LineUp-1.png\" alt=\"La composition d\u00e9finitive de l&rsquo;\u00e9quipe nationale f\u00e9minine suisse de street hockey pour les Championnats du monde \u00e0 Ostrava est d\u00e9sormais connue\" class=\"img-fluid\" \/>\n                            <\/div>\n                            <div class=\"newsteaserbox__content\">\n                                <div class=\"newsteaserbox__content-date\">03.02.2026<\/div>\n                                <div class=\"newsteaserbox__content-headline\">La composition d\u00e9finitive de l&rsquo;\u00e9quipe nationale f\u00e9minine suisse de street hockey pour les Championnats du monde \u00e0 Ostrava est d\u00e9sormais connue<\/div>\n                                <div class=\"newsteaserbox__content-subline\">\n                                        <div class=\"newsteaserbox__content-subline-category\">\u00c9quipes nationales<\/div>\n                                        <div class=\"newsteaserbox__content-subline-more\">\n                                            <svg width=\"12\" height=\"18\" viewBox=\"0 0 12 18\" fill=\"none\" xmlns=\"http:\/\/www.w3.org\/2000\/svg\">\n                                                <path d=\"M1.98511 18L11.5 9.00344L1.98511 0L0.5 1.40528L8.52978 9.00344L0.5 16.6016L1.98511 18Z\" fill=\"white\"\/>\n                                            <\/svg>\n                                        <\/div>\n                                    <\/div>\n                            <\/div>\n                        <\/div>\n                      <\/a>\n                    <\/div>\n                    <div class=\"col-md-4 d-flex newsteaserbox\">\n                      <a href=\"https:\/\/www.swiss-streethockey.ch\/fr\/parrainage-des-maillots-dechauffement-soutien-a-nos-equipes-nationales-feminines-masculines-et-u18\/\">\n                        <div class=\" flex-fill\">\n                            <div class=\"teaserbox__image\">\n                                <img decoding=\"async\" src=\"https:\/\/www.swiss-streethockey.ch\/wp-content\/uploads\/SM_Women_1080x1080.png\" alt=\"Parrainage des maillots d&rsquo;\u00e9chauffement: soutien \u00e0 nos \u00e9quipes nationales f\u00e9minines, masculines et U18\" class=\"img-fluid\" \/>\n                            <\/div>\n                            <div class=\"newsteaserbox__content\">\n                                <div class=\"newsteaserbox__content-date\">20.10.2025<\/div>\n                                <div class=\"newsteaserbox__content-headline\">Parrainage des maillots d&rsquo;\u00e9chauffement: soutien \u00e0 nos \u00e9quipes nationales f\u00e9minines, masculines et U18<\/div>\n                                <div class=\"newsteaserbox__content-subline\">\n                                        <div class=\"newsteaserbox__content-subline-category\">\u00c9quipes nationales<\/div>\n                                        <div class=\"newsteaserbox__content-subline-more\">\n                                            <svg width=\"12\" height=\"18\" viewBox=\"0 0 12 18\" fill=\"none\" xmlns=\"http:\/\/www.w3.org\/2000\/svg\">\n                                                <path d=\"M1.98511 18L11.5 9.00344L1.98511 0L0.5 1.40528L8.52978 9.00344L0.5 16.6016L1.98511 18Z\" fill=\"white\"\/>\n                                            <\/svg>\n                                        <\/div>\n                                    <\/div>\n                            <\/div>\n                        <\/div>\n                      <\/a>\n                    <\/div>\n                        <\/div>\n                        <div class=\"row d-flex\">\n                    <div class=\"col-md-4 d-flex newsteaserbox\">\n                      <a href=\"https:\/\/www.swiss-streethockey.ch\/fr\/perrine-scilimati-bonzon-devient-le-nouveau-headcoach-de-lequipe-nationale-feminine-de-swiss-streethockey\/\">\n                        <div class=\" flex-fill\">\n                            <div class=\"teaserbox__image\">\n                                <img decoding=\"async\" src=\"https:\/\/www.swiss-streethockey.ch\/wp-content\/uploads\/image-2.png\" alt=\"Perrine Scilimati-Bonzon devient le nouveau headcoach de l&rsquo;\u00e9quipe nationale f\u00e9minine de Swiss Streethockey\" class=\"img-fluid\" \/>\n                            <\/div>\n                            <div class=\"newsteaserbox__content\">\n                                <div class=\"newsteaserbox__content-date\">19.02.2025<\/div>\n                                <div class=\"newsteaserbox__content-headline\">Perrine Scilimati-Bonzon devient le nouveau headcoach de l&rsquo;\u00e9quipe nationale f\u00e9minine de Swiss Streethockey<\/div>\n                                <div class=\"newsteaserbox__content-subline\">\n                                        <div class=\"newsteaserbox__content-subline-category\">\u00c9quipes nationales<\/div>\n                                        <div class=\"newsteaserbox__content-subline-more\">\n                                            <svg width=\"12\" height=\"18\" viewBox=\"0 0 12 18\" fill=\"none\" xmlns=\"http:\/\/www.w3.org\/2000\/svg\">\n                                                <path d=\"M1.98511 18L11.5 9.00344L1.98511 0L0.5 1.40528L8.52978 9.00344L0.5 16.6016L1.98511 18Z\" fill=\"white\"\/>\n                                            <\/svg>\n                                        <\/div>\n                                    <\/div>\n                            <\/div>\n                        <\/div>\n                      <\/a>\n                    <\/div>\n                    <div class=\"col-md-4 d-flex newsteaserbox\">\n                      <a href=\"https:\/\/www.swiss-streethockey.ch\/fr\/lequipe-nationale-suisse-des-moins-de-16-ans-aux-isbhf-world-junior-championships-2025-en-republique-tcheque\/\">\n                        <div class=\" flex-fill\">\n                            <div class=\"teaserbox__image\">\n                                <img decoding=\"async\" src=\"https:\/\/www.swiss-streethockey.ch\/wp-content\/uploads\/SwissstreethockeyU16nationalteampatriciadeluca.png\" alt=\"L&rsquo;\u00e9quipe nationale suisse des moins de 16 ans aux ISBHF World Junior Championships 2025 en R\u00e9publique tch\u00e8que\" class=\"img-fluid\" \/>\n                            <\/div>\n                            <div class=\"newsteaserbox__content\">\n                                <div class=\"newsteaserbox__content-date\">17.02.2025<\/div>\n                                <div class=\"newsteaserbox__content-headline\">L&rsquo;\u00e9quipe nationale suisse des moins de 16 ans aux ISBHF World Junior Championships 2025 en R\u00e9publique tch\u00e8que<\/div>\n                                <div class=\"newsteaserbox__content-subline\">\n                                        <div class=\"newsteaserbox__content-subline-category\">\u00c9quipes nationales<\/div>\n                                        <div class=\"newsteaserbox__content-subline-more\">\n                                            <svg width=\"12\" height=\"18\" viewBox=\"0 0 12 18\" fill=\"none\" xmlns=\"http:\/\/www.w3.org\/2000\/svg\">\n                                                <path d=\"M1.98511 18L11.5 9.00344L1.98511 0L0.5 1.40528L8.52978 9.00344L0.5 16.6016L1.98511 18Z\" fill=\"white\"\/>\n                                            <\/svg>\n                                        <\/div>\n                                    <\/div>\n                            <\/div>\n                        <\/div>\n                      <\/a>\n                    <\/div>\n                    <div class=\"col-md-4 d-flex newsteaserbox\">\n                      <a href=\"https:\/\/www.swiss-streethockey.ch\/fr\/lequipe-nationale-suisse-des-moins-de-20-ans-lors-des-isbhf-mens-world-junior-championships-2025-en-slovaquie-poprad\/\">\n                        <div class=\" flex-fill\">\n                            <div class=\"teaserbox__image\">\n                                <img decoding=\"async\" src=\"https:\/\/www.swiss-streethockey.ch\/wp-content\/uploads\/SwissstreethockeyU20nationalteampropradpatriciadeluca_1.png\" alt=\"L&rsquo;\u00e9quipe nationale suisse des moins de 20 ans lors des ISBHF Men&rsquo;s World Junior Championships 2025 en Slovaquie (Poprad)\" class=\"img-fluid\" \/>\n                            <\/div>\n                            <div class=\"newsteaserbox__content\">\n                                <div class=\"newsteaserbox__content-date\">21.01.2025<\/div>\n                                <div class=\"newsteaserbox__content-headline\">L&rsquo;\u00e9quipe nationale suisse des moins de 20 ans lors des ISBHF Men&rsquo;s World Junior Championships 2025 en Slovaquie (Poprad)<\/div>\n                                <div class=\"newsteaserbox__content-subline\">\n                                        <div class=\"newsteaserbox__content-subline-category\">\u00c9quipes nationales<\/div>\n                                        <div class=\"newsteaserbox__content-subline-more\">\n                                            <svg width=\"12\" height=\"18\" viewBox=\"0 0 12 18\" fill=\"none\" xmlns=\"http:\/\/www.w3.org\/2000\/svg\">\n                                                <path d=\"M1.98511 18L11.5 9.00344L1.98511 0L0.5 1.40528L8.52978 9.00344L0.5 16.6016L1.98511 18Z\" fill=\"white\"\/>\n                                            <\/svg>\n                                        <\/div>\n                                    <\/div>\n                            <\/div>\n                        <\/div>\n                      <\/a>\n                    <\/div>\n                        <\/div>\n                        <div class=\"row d-flex\">\n                    <div class=\"col-md-4 d-flex newsteaserbox\">\n                      <a href=\"https:\/\/www.swiss-streethockey.ch\/fr\/tibor-kapanek-reste-lentraineur-principal-de-lequipe-nationale-masculine\/\">\n                        <div class=\" flex-fill\">\n                            <div class=\"teaserbox__image\">\n                                <img decoding=\"async\" src=\"https:\/\/www.swiss-streethockey.ch\/wp-content\/uploads\/dummy-news-1.jpg\" alt=\"Tibor Kapanek reste l&rsquo;entra\u00eeneur principal de l&rsquo;\u00e9quipe nationale masculine\" class=\"img-fluid\" \/>\n                            <\/div>\n                            <div class=\"newsteaserbox__content\">\n                                <div class=\"newsteaserbox__content-date\">12.12.2024<\/div>\n                                <div class=\"newsteaserbox__content-headline\">Tibor Kapanek reste l&rsquo;entra\u00eeneur principal de l&rsquo;\u00e9quipe nationale masculine<\/div>\n                                <div class=\"newsteaserbox__content-subline\">\n                                        <div class=\"newsteaserbox__content-subline-category\">\u00c9quipes nationales<\/div>\n                                        <div class=\"newsteaserbox__content-subline-more\">\n                                            <svg width=\"12\" height=\"18\" viewBox=\"0 0 12 18\" fill=\"none\" xmlns=\"http:\/\/www.w3.org\/2000\/svg\">\n                                                <path d=\"M1.98511 18L11.5 9.00344L1.98511 0L0.5 1.40528L8.52978 9.00344L0.5 16.6016L1.98511 18Z\" fill=\"white\"\/>\n                                            <\/svg>\n                                        <\/div>\n                                    <\/div>\n                            <\/div>\n                        <\/div>\n                      <\/a>\n                    <\/div>\n                    <div class=\"col-md-4 d-flex newsteaserbox\">\n                      <a href=\"https:\/\/www.swiss-streethockey.ch\/fr\/championnats-du-monde-de-street-hockey-un-grand-succes\/\">\n                        <div class=\" flex-fill\">\n                            <div class=\"teaserbox__image\">\n                                <img decoding=\"async\" src=\"https:\/\/www.swiss-streethockey.ch\/wp-content\/uploads\/streethockeywm.jpg\" alt=\"Championnats du monde de street hockey : un grand succ\u00e8s\" class=\"img-fluid\" \/>\n                            <\/div>\n                            <div class=\"newsteaserbox__content\">\n                                <div class=\"newsteaserbox__content-date\">30.06.2024<\/div>\n                                <div class=\"newsteaserbox__content-headline\">Championnats du monde de street hockey : un grand succ\u00e8s<\/div>\n                                <div class=\"newsteaserbox__content-subline\">\n                                        <div class=\"newsteaserbox__content-subline-category\">\u00c9quipes nationales<\/div>\n                                        <div class=\"newsteaserbox__content-subline-more\">\n                                            <svg width=\"12\" height=\"18\" viewBox=\"0 0 12 18\" fill=\"none\" xmlns=\"http:\/\/www.w3.org\/2000\/svg\">\n                                                <path d=\"M1.98511 18L11.5 9.00344L1.98511 0L0.5 1.40528L8.52978 9.00344L0.5 16.6016L1.98511 18Z\" fill=\"white\"\/>\n                                            <\/svg>\n                                        <\/div>\n                                    <\/div>\n                            <\/div>\n                        <\/div>\n                      <\/a>\n                    <\/div>\n                    <div class=\"col-md-4 d-flex newsteaserbox\">\n                      <a href=\"https:\/\/www.swiss-streethockey.ch\/fr\/la-suisse-echappe-a-la-medaille-de-bronze\/\">\n                        <div class=\" flex-fill\">\n                            <div class=\"teaserbox__image\">\n                                <img decoding=\"async\" src=\"https:\/\/www.swiss-streethockey.ch\/wp-content\/uploads\/dd1.jpg\" alt=\"La Suisse \u00e9chappe \u00e0 la m\u00e9daille de bronze\" class=\"img-fluid\" \/>\n                            <\/div>\n                            <div class=\"newsteaserbox__content\">\n                                <div class=\"newsteaserbox__content-date\">30.06.2024<\/div>\n                                <div class=\"newsteaserbox__content-headline\">La Suisse \u00e9chappe \u00e0 la m\u00e9daille de bronze<\/div>\n                                <div class=\"newsteaserbox__content-subline\">\n                                        <div class=\"newsteaserbox__content-subline-category\">\u00c9quipes nationales<\/div>\n                                        <div class=\"newsteaserbox__content-subline-more\">\n                                            <svg width=\"12\" height=\"18\" viewBox=\"0 0 12 18\" fill=\"none\" xmlns=\"http:\/\/www.w3.org\/2000\/svg\">\n                                                <path d=\"M1.98511 18L11.5 9.00344L1.98511 0L0.5 1.40528L8.52978 9.00344L0.5 16.6016L1.98511 18Z\" fill=\"white\"\/>\n                                            <\/svg>\n                                        <\/div>\n                                    <\/div>\n                            <\/div>\n                        <\/div>\n                      <\/a>\n                    <\/div>\n                        <\/div>\n                        <div class=\"row d-flex\">\n            <\/div>\n            <div class=\"row\">\n                <div class=\"col-md-12\">\n                    <div class=\"paginavigation\"><ul>\n<li class=\"navchevron disabled\"><span><svg width=\"12\" height=\"18\" viewBox=\"0 0 12 18\" fill=\"none\" xmlns=\"http:\/\/www.w3.org\/2000\/svg\"><path d=\"M10.0149 0L0.5 8.99656L10.0149 18L11.5 16.5947L3.47022 8.99656L11.5 1.39844L10.0149 0Z\" fill=\"white\"\/><\/svg><\/span><\/li>\n<li><span>Seite 1<\/span><\/li>\n<li class=\"navchevron\"><a href=\"https:\/\/www.swiss-streethockey.ch\/fr\/wp-json\/wp\/v2\/pages\/1387\/page\/2\/\"><svg width=\"12\" height=\"18\" viewBox=\"0 0 12 18\" fill=\"none\" xmlns=\"http:\/\/www.w3.org\/2000\/svg\"><path d=\"M1.98511 18L11.5 9.00344L1.98511 0L0.5 1.40528L8.52978 9.00344L0.5 16.6016L1.98511 18Z\" fill=\"white\"\/><\/svg><\/a><\/li>\n<\/ul><\/div>\n\n                <\/div>\n            <\/div>\n        <\/div>\n        [\/vc_column][\/vc_row]<\/p>\n<\/div>","protected":false},"excerpt":{"rendered":"<p>[vc_row][vc_column][\/vc_column][\/vc_row]<\/p>\n","protected":false},"author":1,"featured_media":0,"parent":1374,"menu_order":30,"comment_status":"closed","ping_status":"closed","template":"page-news.php","meta":{"_acf_changed":false,"footnotes":""},"class_list":["post-1387","page","type-page","status-publish","hentry"],"acf":[],"_links":{"self":[{"href":"https:\/\/www.swiss-streethockey.ch\/fr\/wp-json\/wp\/v2\/pages\/1387","targetHints":{"allow":["GET"]}}],"collection":[{"href":"https:\/\/www.swiss-streethockey.ch\/fr\/wp-json\/wp\/v2\/pages"}],"about":[{"href":"https:\/\/www.swiss-streethockey.ch\/fr\/wp-json\/wp\/v2\/types\/page"}],"author":[{"embeddable":true,"href":"https:\/\/www.swiss-streethockey.ch\/fr\/wp-json\/wp\/v2\/users\/1"}],"replies":[{"embeddable":true,"href":"https:\/\/www.swiss-streethockey.ch\/fr\/wp-json\/wp\/v2\/comments?post=1387"}],"version-history":[{"count":1,"href":"https:\/\/www.swiss-streethockey.ch\/fr\/wp-json\/wp\/v2\/pages\/1387\/revisions"}],"predecessor-version":[{"id":1749,"href":"https:\/\/www.swiss-streethockey.ch\/fr\/wp-json\/wp\/v2\/pages\/1387\/revisions\/1749"}],"up":[{"embeddable":true,"href":"https:\/\/www.swiss-streethockey.ch\/fr\/wp-json\/wp\/v2\/pages\/1374"}],"wp:attachment":[{"href":"https:\/\/www.swiss-streethockey.ch\/fr\/wp-json\/wp\/v2\/media?parent=1387"}],"curies":[{"name":"wp","href":"https:\/\/api.w.org\/{rel}","templated":true}]}}