{"id":1380,"date":"2025-05-04T14:05:00","date_gmt":"2025-05-04T12:05:00","guid":{"rendered":"https:\/\/www.swiss-streethockey.ch\/?page_id=1380"},"modified":"2025-07-10T15:13:26","modified_gmt":"2025-07-10T13:13:26","slug":"events","status":"publish","type":"page","link":"https:\/\/www.swiss-streethockey.ch\/fr\/news\/events\/","title":{"rendered":"\u00c9v\u00e9nements"},"content":{"rendered":"<div class=\"wpb-content-wrapper\"><p>[vc_row][vc_column]\n                    <section class=\"streethockey-header header-news\">\n                        <div class=\"container\">\n                            <div class=\"row\">\n                                <div class=\"col-md-5 newsheader-textwrapper mb-5 mb-md-0\">\n                                    <div class=\"news-header\">\n                                        <div class=\"news-header-claim mb-3\">Neueste News<\/div>\n                                        <div class=\"news-header-headline\">ISBHF: Michal Laczko \u00e9lu arbitre de l&rsquo;ann\u00e9e 2025<\/div>\n                                    <\/div>\n                                    <div class=\"news-header-subheadline\">\n                                        <div class=\"news-header-subheadline-category\">\u00c9v\u00e9nement<\/div>\n                                        <div class=\"news-header-subheadline-date\">31.12.2025<\/div>\n                                    <\/div>\n                                <\/div>\n                                <div class=\"col-md-7 news-header-imagewrapper\">\n                                    <a href=\"https:\/\/www.swiss-streethockey.ch\/fr\/isbhf-michal-laczko-elu-arbitre-de-lannee-2025\/\">\n                                        <div class=\"position-relative\"><div class=\"news-header-image\"><img decoding=\"async\" src=\"https:\/\/www.swiss-streethockey.ch\/wp-content\/uploads\/Michal-Laczko-ISBHF-swiss-streethockey.jpg\" alt=\"ISBHF: Michal Laczko \u00e9lu arbitre de l&rsquo;ann\u00e9e 2025\" class=\"img-fluid\" \/><\/div>\n                                            <div class=\"news-header-image-overlay position-absolute\">\n                                                <div href=\"https:\/\/www.swiss-streethockey.ch\/fr\/isbhf-michal-laczko-elu-arbitre-de-lannee-2025\/\">\n                                                    <svg width=\"12\" height=\"18\" viewBox=\"0 0 12 18\" fill=\"none\" xmlns=\"http:\/\/www.w3.org\/2000\/svg\">\n                                                        <path d=\"M1.98511 18L11.5 9.00344L1.98511 0L0.5 1.40528L8.52978 9.00344L0.5 16.6016L1.98511 18Z\" fill=\"white\"\/>\n                                                    <\/svg>\n                                                <\/div>\n                                            <\/div>\n                                        <\/div>\n                                    <\/a>\n                                <\/div>\n                            <\/div>\n                        <\/div>\n                    <\/section>\n\n            \n            <section class=\"news-navigation\">\n                <div class=\"container\">\n                    <div class=\"row\">\n                        <div class=\"col-md-12 news-navigation-items\">\n                            <div class=\"news-header-navigation__title\">Autres nouvelles<\/div>\n                            <div class=\"news-header-navigation__categories\">\n                                <div class=\"nav-category \"><a href=\"https:\/\/www.swiss-streethockey.ch\/news\/\">Tout<\/a><\/div><div class=\"nav-category \"><a href=\"https:\/\/www.swiss-streethockey.ch\/news\/equipes-nationales\">\u00c9quipes nationales<\/a><\/div><div class=\"nav-category \"><a href=\"https:\/\/www.swiss-streethockey.ch\/news\/evenement\">\u00c9v\u00e9nement<\/a><\/div><div class=\"nav-category \"><a href=\"https:\/\/www.swiss-streethockey.ch\/news\/association\">Association<\/a><\/div><div class=\"nav-category \"><a href=\"https:\/\/www.swiss-streethockey.ch\/news\/communiques-de-presse\">Communiqu\u00e9s de presse<\/a><\/div><div class=\"nav-category \"><a href=\"https:\/\/www.swiss-streethockey.ch\/news\/non-categorise\">Non cat\u00e9goris\u00e9<\/a><\/div><div class=\"nav-category \"><a href=\"https:\/\/www.swiss-streethockey.ch\/news\/operations-de-jeu\">Op\u00e9rations de jeu<\/a><\/div>\n                            <\/div>\n                        <\/div>\n                    <\/div>\n                <\/div>\n            <\/section>\n            \n            <div class=\"container\">\n                <div class=\"row d-flex\">\n            \n                    <div class=\"col-md-4 d-flex newsteaserbox\">\n                      <a href=\"https:\/\/www.swiss-streethockey.ch\/fr\/trois-arbitres-suisses-nommes-pour-les-isbhf-world-junior-championships-2025\/\">\n                        <div class=\" flex-fill\">\n                            <div class=\"teaserbox__image\">\n                                <img decoding=\"async\" src=\"https:\/\/www.swiss-streethockey.ch\/wp-content\/uploads\/swissstreethockeyreferees-1.jpeg\" alt=\"Trois arbitres suisses nomm\u00e9s pour les ISBHF World Junior Championships 2025\" class=\"img-fluid\" \/>\n                            <\/div>\n                            <div class=\"newsteaserbox__content\">\n                                <div class=\"newsteaserbox__content-date\">29.04.2025<\/div>\n                                <div class=\"newsteaserbox__content-headline\">Trois arbitres suisses nomm\u00e9s pour les ISBHF World Junior Championships 2025<\/div>\n                                <div class=\"newsteaserbox__content-subline\">\n                                        <div class=\"newsteaserbox__content-subline-category\">\u00c9v\u00e9nement<\/div>\n                                        <div class=\"newsteaserbox__content-subline-more\">\n                                            <svg width=\"12\" height=\"18\" viewBox=\"0 0 12 18\" fill=\"none\" xmlns=\"http:\/\/www.w3.org\/2000\/svg\">\n                                                <path d=\"M1.98511 18L11.5 9.00344L1.98511 0L0.5 1.40528L8.52978 9.00344L0.5 16.6016L1.98511 18Z\" fill=\"white\"\/>\n                                            <\/svg>\n                                        <\/div>\n                                    <\/div>\n                            <\/div>\n                        <\/div>\n                      <\/a>\n                    <\/div>\n                    <div class=\"col-md-4 d-flex newsteaserbox\">\n                      <a href=\"https:\/\/www.swiss-streethockey.ch\/fr\/lequipe-nationale-suisse-des-moins-de-16-ans-aux-isbhf-world-junior-championships-2025-en-republique-tcheque\/\">\n                        <div class=\" flex-fill\">\n                            <div class=\"teaserbox__image\">\n                                <img decoding=\"async\" src=\"https:\/\/www.swiss-streethockey.ch\/wp-content\/uploads\/SwissstreethockeyU16nationalteampatriciadeluca.png\" alt=\"L&rsquo;\u00e9quipe nationale suisse des moins de 16 ans aux ISBHF World Junior Championships 2025 en R\u00e9publique tch\u00e8que\" class=\"img-fluid\" \/>\n                            <\/div>\n                            <div class=\"newsteaserbox__content\">\n                                <div class=\"newsteaserbox__content-date\">17.02.2025<\/div>\n                                <div class=\"newsteaserbox__content-headline\">L&rsquo;\u00e9quipe nationale suisse des moins de 16 ans aux ISBHF World Junior Championships 2025 en R\u00e9publique tch\u00e8que<\/div>\n                                <div class=\"newsteaserbox__content-subline\">\n                                        <div class=\"newsteaserbox__content-subline-category\">\u00c9quipes nationales<\/div>\n                                        <div class=\"newsteaserbox__content-subline-more\">\n                                            <svg width=\"12\" height=\"18\" viewBox=\"0 0 12 18\" fill=\"none\" xmlns=\"http:\/\/www.w3.org\/2000\/svg\">\n                                                <path d=\"M1.98511 18L11.5 9.00344L1.98511 0L0.5 1.40528L8.52978 9.00344L0.5 16.6016L1.98511 18Z\" fill=\"white\"\/>\n                                            <\/svg>\n                                        <\/div>\n                                    <\/div>\n                            <\/div>\n                        <\/div>\n                      <\/a>\n                    <\/div>\n                    <div class=\"col-md-4 d-flex newsteaserbox\">\n                      <a href=\"https:\/\/www.swiss-streethockey.ch\/fr\/lequipe-nationale-suisse-des-moins-de-20-ans-lors-des-isbhf-mens-world-junior-championships-2025-en-slovaquie-poprad\/\">\n                        <div class=\" flex-fill\">\n                            <div class=\"teaserbox__image\">\n                                <img decoding=\"async\" src=\"https:\/\/www.swiss-streethockey.ch\/wp-content\/uploads\/SwissstreethockeyU20nationalteampropradpatriciadeluca_1.png\" alt=\"L&rsquo;\u00e9quipe nationale suisse des moins de 20 ans lors des ISBHF Men&rsquo;s World Junior Championships 2025 en Slovaquie (Poprad)\" class=\"img-fluid\" \/>\n                            <\/div>\n                            <div class=\"newsteaserbox__content\">\n                                <div class=\"newsteaserbox__content-date\">21.01.2025<\/div>\n                                <div class=\"newsteaserbox__content-headline\">L&rsquo;\u00e9quipe nationale suisse des moins de 20 ans lors des ISBHF Men&rsquo;s World Junior Championships 2025 en Slovaquie (Poprad)<\/div>\n                                <div class=\"newsteaserbox__content-subline\">\n                                        <div class=\"newsteaserbox__content-subline-category\">\u00c9quipes nationales<\/div>\n                                        <div class=\"newsteaserbox__content-subline-more\">\n                                            <svg width=\"12\" height=\"18\" viewBox=\"0 0 12 18\" fill=\"none\" xmlns=\"http:\/\/www.w3.org\/2000\/svg\">\n                                                <path d=\"M1.98511 18L11.5 9.00344L1.98511 0L0.5 1.40528L8.52978 9.00344L0.5 16.6016L1.98511 18Z\" fill=\"white\"\/>\n                                            <\/svg>\n                                        <\/div>\n                                    <\/div>\n                            <\/div>\n                        <\/div>\n                      <\/a>\n                    <\/div>\n                        <\/div>\n                        <div class=\"row d-flex\">\n                    <div class=\"col-md-4 d-flex newsteaserbox\">\n                      <a href=\"https:\/\/www.swiss-streethockey.ch\/fr\/championnats-du-monde-de-street-hockey-un-grand-succes\/\">\n                        <div class=\" flex-fill\">\n                            <div class=\"teaserbox__image\">\n                                <img decoding=\"async\" src=\"https:\/\/www.swiss-streethockey.ch\/wp-content\/uploads\/streethockeywm.jpg\" alt=\"Championnats du monde de street hockey : un grand succ\u00e8s\" class=\"img-fluid\" \/>\n                            <\/div>\n                            <div class=\"newsteaserbox__content\">\n                                <div class=\"newsteaserbox__content-date\">30.06.2024<\/div>\n                                <div class=\"newsteaserbox__content-headline\">Championnats du monde de street hockey : un grand succ\u00e8s<\/div>\n                                <div class=\"newsteaserbox__content-subline\">\n                                        <div class=\"newsteaserbox__content-subline-category\">\u00c9quipes nationales<\/div>\n                                        <div class=\"newsteaserbox__content-subline-more\">\n                                            <svg width=\"12\" height=\"18\" viewBox=\"0 0 12 18\" fill=\"none\" xmlns=\"http:\/\/www.w3.org\/2000\/svg\">\n                                                <path d=\"M1.98511 18L11.5 9.00344L1.98511 0L0.5 1.40528L8.52978 9.00344L0.5 16.6016L1.98511 18Z\" fill=\"white\"\/>\n                                            <\/svg>\n                                        <\/div>\n                                    <\/div>\n                            <\/div>\n                        <\/div>\n                      <\/a>\n                    <\/div>\n                    <div class=\"col-md-4 d-flex newsteaserbox\">\n                      <a href=\"https:\/\/www.swiss-streethockey.ch\/fr\/la-suisse-echappe-a-la-medaille-de-bronze\/\">\n                        <div class=\" flex-fill\">\n                            <div class=\"teaserbox__image\">\n                                <img decoding=\"async\" src=\"https:\/\/www.swiss-streethockey.ch\/wp-content\/uploads\/dd1.jpg\" alt=\"La Suisse \u00e9chappe \u00e0 la m\u00e9daille de bronze\" class=\"img-fluid\" \/>\n                            <\/div>\n                            <div class=\"newsteaserbox__content\">\n                                <div class=\"newsteaserbox__content-date\">30.06.2024<\/div>\n                                <div class=\"newsteaserbox__content-headline\">La Suisse \u00e9chappe \u00e0 la m\u00e9daille de bronze<\/div>\n                                <div class=\"newsteaserbox__content-subline\">\n                                        <div class=\"newsteaserbox__content-subline-category\">\u00c9quipes nationales<\/div>\n                                        <div class=\"newsteaserbox__content-subline-more\">\n                                            <svg width=\"12\" height=\"18\" viewBox=\"0 0 12 18\" fill=\"none\" xmlns=\"http:\/\/www.w3.org\/2000\/svg\">\n                                                <path d=\"M1.98511 18L11.5 9.00344L1.98511 0L0.5 1.40528L8.52978 9.00344L0.5 16.6016L1.98511 18Z\" fill=\"white\"\/>\n                                            <\/svg>\n                                        <\/div>\n                                    <\/div>\n                            <\/div>\n                        <\/div>\n                      <\/a>\n                    <\/div>\n                    <div class=\"col-md-4 d-flex newsteaserbox\">\n                      <a href=\"https:\/\/www.swiss-streethockey.ch\/fr\/les-messieurs-suisses-ont-vendu-cherement-leur-peau\/\">\n                        <div class=\" flex-fill\">\n                            <div class=\"teaserbox__image\">\n                                <img decoding=\"async\" src=\"https:\/\/www.swiss-streethockey.ch\/wp-content\/uploads\/nationalteamstreethockey-min-scaled.jpeg\" alt=\"Les messieurs suisses ont vendu ch\u00e8rement leur peau !\" class=\"img-fluid\" \/>\n                            <\/div>\n                            <div class=\"newsteaserbox__content\">\n                                <div class=\"newsteaserbox__content-date\">28.06.2024<\/div>\n                                <div class=\"newsteaserbox__content-headline\">Les messieurs suisses ont vendu ch\u00e8rement leur peau !<\/div>\n                                <div class=\"newsteaserbox__content-subline\">\n                                        <div class=\"newsteaserbox__content-subline-category\">\u00c9quipes nationales<\/div>\n                                        <div class=\"newsteaserbox__content-subline-more\">\n                                            <svg width=\"12\" height=\"18\" viewBox=\"0 0 12 18\" fill=\"none\" xmlns=\"http:\/\/www.w3.org\/2000\/svg\">\n                                                <path d=\"M1.98511 18L11.5 9.00344L1.98511 0L0.5 1.40528L8.52978 9.00344L0.5 16.6016L1.98511 18Z\" fill=\"white\"\/>\n                                            <\/svg>\n                                        <\/div>\n                                    <\/div>\n                            <\/div>\n                        <\/div>\n                      <\/a>\n                    <\/div>\n                        <\/div>\n                        <div class=\"row d-flex\">\n                    <div class=\"col-md-4 d-flex newsteaserbox\">\n                      <a href=\"https:\/\/www.swiss-streethockey.ch\/fr\/la-suisse-sensationnelle-en-demi-finale-messieurs-les-usa-et-la-republique-tcheque-en-finale-dames\/\">\n                        <div class=\" flex-fill\">\n                            <div class=\"teaserbox__image\">\n                                <img decoding=\"async\" src=\"https:\/\/www.swiss-streethockey.ch\/wp-content\/uploads\/schweiznationalteam-scaled.jpg\" alt=\"La Suisse sensationnelle en demi-finale messieurs &#8211; les USA et la R\u00e9publique tch\u00e8que en finale dames\" class=\"img-fluid\" \/>\n                            <\/div>\n                            <div class=\"newsteaserbox__content\">\n                                <div class=\"newsteaserbox__content-date\">27.06.2024<\/div>\n                                <div class=\"newsteaserbox__content-headline\">La Suisse sensationnelle en demi-finale messieurs &#8211; les USA et la R\u00e9publique tch\u00e8que en finale dames<\/div>\n                                <div class=\"newsteaserbox__content-subline\">\n                                        <div class=\"newsteaserbox__content-subline-category\">\u00c9quipes nationales<\/div>\n                                        <div class=\"newsteaserbox__content-subline-more\">\n                                            <svg width=\"12\" height=\"18\" viewBox=\"0 0 12 18\" fill=\"none\" xmlns=\"http:\/\/www.w3.org\/2000\/svg\">\n                                                <path d=\"M1.98511 18L11.5 9.00344L1.98511 0L0.5 1.40528L8.52978 9.00344L0.5 16.6016L1.98511 18Z\" fill=\"white\"\/>\n                                            <\/svg>\n                                        <\/div>\n                                    <\/div>\n                            <\/div>\n                        <\/div>\n                      <\/a>\n                    <\/div>\n                    <div class=\"col-md-4 d-flex newsteaserbox\">\n                      <a href=\"https:\/\/www.swiss-streethockey.ch\/fr\/lequipe-suisse-masculine-a-une-chance-historique-de-se-qualifier-pour-les-demi-finales-les-suissesses-aussi-ont-des-ambitions\/\">\n                        <div class=\" flex-fill\">\n                            <div class=\"teaserbox__image\">\n                                <img decoding=\"async\" src=\"https:\/\/www.swiss-streethockey.ch\/wp-content\/uploads\/nationalteamswissstreethockey-scaled.jpg\" alt=\"L&rsquo;\u00e9quipe suisse masculine a une chance historique de se qualifier pour les demi-finales &#8211; Les Suissesses aussi ont des ambitions\" class=\"img-fluid\" \/>\n                            <\/div>\n                            <div class=\"newsteaserbox__content\">\n                                <div class=\"newsteaserbox__content-date\">26.06.2024<\/div>\n                                <div class=\"newsteaserbox__content-headline\">L&rsquo;\u00e9quipe suisse masculine a une chance historique de se qualifier pour les demi-finales &#8211; Les Suissesses aussi ont des ambitions<\/div>\n                                <div class=\"newsteaserbox__content-subline\">\n                                        <div class=\"newsteaserbox__content-subline-category\">\u00c9quipes nationales<\/div>\n                                        <div class=\"newsteaserbox__content-subline-more\">\n                                            <svg width=\"12\" height=\"18\" viewBox=\"0 0 12 18\" fill=\"none\" xmlns=\"http:\/\/www.w3.org\/2000\/svg\">\n                                                <path d=\"M1.98511 18L11.5 9.00344L1.98511 0L0.5 1.40528L8.52978 9.00344L0.5 16.6016L1.98511 18Z\" fill=\"white\"\/>\n                                            <\/svg>\n                                        <\/div>\n                                    <\/div>\n                            <\/div>\n                        <\/div>\n                      <\/a>\n                    <\/div>\n                    <div class=\"col-md-4 d-flex newsteaserbox\">\n                      <a href=\"https:\/\/www.swiss-streethockey.ch\/fr\/la-suisse-en-quart-de-finale-grace-a-une-performance-mature-contre-litalie\/\">\n                        <div class=\" flex-fill\">\n                            <div class=\"teaserbox__image\">\n                                <img decoding=\"async\" src=\"https:\/\/www.swiss-streethockey.ch\/wp-content\/uploads\/streethockeyherren-scaled.jpeg\" alt=\"La Suisse en quart de finale gr\u00e2ce \u00e0 une performance mature contre l&rsquo;Italie\" class=\"img-fluid\" \/>\n                            <\/div>\n                            <div class=\"newsteaserbox__content\">\n                                <div class=\"newsteaserbox__content-date\">25.06.2024<\/div>\n                                <div class=\"newsteaserbox__content-headline\">La Suisse en quart de finale gr\u00e2ce \u00e0 une performance mature contre l&rsquo;Italie<\/div>\n                                <div class=\"newsteaserbox__content-subline\">\n                                        <div class=\"newsteaserbox__content-subline-category\">\u00c9quipes nationales<\/div>\n                                        <div class=\"newsteaserbox__content-subline-more\">\n                                            <svg width=\"12\" height=\"18\" viewBox=\"0 0 12 18\" fill=\"none\" xmlns=\"http:\/\/www.w3.org\/2000\/svg\">\n                                                <path d=\"M1.98511 18L11.5 9.00344L1.98511 0L0.5 1.40528L8.52978 9.00344L0.5 16.6016L1.98511 18Z\" fill=\"white\"\/>\n                                            <\/svg>\n                                        <\/div>\n                                    <\/div>\n                            <\/div>\n                        <\/div>\n                      <\/a>\n                    <\/div>\n                        <\/div>\n                        <div class=\"row d-flex\">\n            <\/div>\n            <div class=\"row\">\n                <div class=\"col-md-12\">\n                    <div class=\"paginavigation\"><ul>\n<li class=\"navchevron disabled\"><span><svg width=\"12\" height=\"18\" viewBox=\"0 0 12 18\" fill=\"none\" xmlns=\"http:\/\/www.w3.org\/2000\/svg\"><path d=\"M10.0149 0L0.5 8.99656L10.0149 18L11.5 16.5947L3.47022 8.99656L11.5 1.39844L10.0149 0Z\" fill=\"white\"\/><\/svg><\/span><\/li>\n<li><span>Seite 1<\/span><\/li>\n<li class=\"navchevron\"><a href=\"https:\/\/www.swiss-streethockey.ch\/fr\/wp-json\/wp\/v2\/pages\/1380\/page\/2\/\"><svg width=\"12\" height=\"18\" viewBox=\"0 0 12 18\" fill=\"none\" xmlns=\"http:\/\/www.w3.org\/2000\/svg\"><path d=\"M1.98511 18L11.5 9.00344L1.98511 0L0.5 1.40528L8.52978 9.00344L0.5 16.6016L1.98511 18Z\" fill=\"white\"\/><\/svg><\/a><\/li>\n<\/ul><\/div>\n\n                <\/div>\n            <\/div>\n        <\/div>\n        [\/vc_column][\/vc_row]<\/p>\n<\/div>","protected":false},"excerpt":{"rendered":"<p>[vc_row][vc_column][\/vc_column][\/vc_row]<\/p>\n","protected":false},"author":1,"featured_media":0,"parent":1374,"menu_order":20,"comment_status":"closed","ping_status":"closed","template":"page-news.php","meta":{"_acf_changed":false,"footnotes":""},"class_list":["post-1380","page","type-page","status-publish","hentry"],"acf":[],"_links":{"self":[{"href":"https:\/\/www.swiss-streethockey.ch\/fr\/wp-json\/wp\/v2\/pages\/1380","targetHints":{"allow":["GET"]}}],"collection":[{"href":"https:\/\/www.swiss-streethockey.ch\/fr\/wp-json\/wp\/v2\/pages"}],"about":[{"href":"https:\/\/www.swiss-streethockey.ch\/fr\/wp-json\/wp\/v2\/types\/page"}],"author":[{"embeddable":true,"href":"https:\/\/www.swiss-streethockey.ch\/fr\/wp-json\/wp\/v2\/users\/1"}],"replies":[{"embeddable":true,"href":"https:\/\/www.swiss-streethockey.ch\/fr\/wp-json\/wp\/v2\/comments?post=1380"}],"version-history":[{"count":2,"href":"https:\/\/www.swiss-streethockey.ch\/fr\/wp-json\/wp\/v2\/pages\/1380\/revisions"}],"predecessor-version":[{"id":1748,"href":"https:\/\/www.swiss-streethockey.ch\/fr\/wp-json\/wp\/v2\/pages\/1380\/revisions\/1748"}],"up":[{"embeddable":true,"href":"https:\/\/www.swiss-streethockey.ch\/fr\/wp-json\/wp\/v2\/pages\/1374"}],"wp:attachment":[{"href":"https:\/\/www.swiss-streethockey.ch\/fr\/wp-json\/wp\/v2\/media?parent=1380"}],"curies":[{"name":"wp","href":"https:\/\/api.w.org\/{rel}","templated":true}]}}