{"id":1379,"date":"2025-05-04T14:04:32","date_gmt":"2025-05-04T12:04:32","guid":{"rendered":"https:\/\/www.swiss-streethockey.ch\/news\/medienmitteilungen\/"},"modified":"2025-07-10T15:12:48","modified_gmt":"2025-07-10T13:12:48","slug":"medienmitteilungen","status":"publish","type":"page","link":"https:\/\/www.swiss-streethockey.ch\/fr\/news\/medienmitteilungen\/","title":{"rendered":"Communiqu\u00e9s de presse"},"content":{"rendered":"<div class=\"wpb-content-wrapper\"><p>[vc_row][vc_column]\n                    <section class=\"streethockey-header header-news\">\n                        <div class=\"container\">\n                            <div class=\"row\">\n                                <div class=\"col-md-5 newsheader-textwrapper mb-5 mb-md-0\">\n                                    <div class=\"news-header\">\n                                        <div class=\"news-header-claim mb-3\">Neueste News<\/div>\n                                        <div class=\"news-header-headline\">La composition d\u00e9finitive des \u00e9quipes nationales masculines<\/div>\n                                    <\/div>\n                                    <div class=\"news-header-subheadline\">\n                                        <div class=\"news-header-subheadline-category\">\u00c9quipes nationales<\/div>\n                                        <div class=\"news-header-subheadline-date\">09.04.2026<\/div>\n                                    <\/div>\n                                <\/div>\n                                <div class=\"col-md-7 news-header-imagewrapper\">\n                                    <a href=\"https:\/\/www.swiss-streethockey.ch\/fr\/la-composition-definitive-des-equipes-nationales-masculines\/\">\n                                        <div class=\"position-relative\"><div class=\"news-header-image\"><img decoding=\"async\" src=\"https:\/\/www.swiss-streethockey.ch\/wp-content\/uploads\/Herren_Nationalteam_LineUp-1.png\" alt=\"La composition d\u00e9finitive des \u00e9quipes nationales masculines\" class=\"img-fluid\" \/><\/div>\n                                            <div class=\"news-header-image-overlay position-absolute\">\n                                                <div href=\"https:\/\/www.swiss-streethockey.ch\/fr\/la-composition-definitive-des-equipes-nationales-masculines\/\">\n                                                    <svg width=\"12\" height=\"18\" viewBox=\"0 0 12 18\" fill=\"none\" xmlns=\"http:\/\/www.w3.org\/2000\/svg\">\n                                                        <path d=\"M1.98511 18L11.5 9.00344L1.98511 0L0.5 1.40528L8.52978 9.00344L0.5 16.6016L1.98511 18Z\" fill=\"white\"\/>\n                                                    <\/svg>\n                                                <\/div>\n                                            <\/div>\n                                        <\/div>\n                                    <\/a>\n                                <\/div>\n                            <\/div>\n                        <\/div>\n                    <\/section>\n\n            \n            <section class=\"news-navigation\">\n                <div class=\"container\">\n                    <div class=\"row\">\n                        <div class=\"col-md-12 news-navigation-items\">\n                            <div class=\"news-header-navigation__title\">Autres nouvelles<\/div>\n                            <div class=\"news-header-navigation__categories\">\n                                <div class=\"nav-category \"><a href=\"https:\/\/www.swiss-streethockey.ch\/news\/\">Tout<\/a><\/div><div class=\"nav-category \"><a href=\"https:\/\/www.swiss-streethockey.ch\/news\/equipes-nationales\">\u00c9quipes nationales<\/a><\/div><div class=\"nav-category \"><a href=\"https:\/\/www.swiss-streethockey.ch\/news\/evenement\">\u00c9v\u00e9nement<\/a><\/div><div class=\"nav-category \"><a href=\"https:\/\/www.swiss-streethockey.ch\/news\/association\">Association<\/a><\/div><div class=\"nav-category nav-category-active\"><a href=\"https:\/\/www.swiss-streethockey.ch\/news\/communiques-de-presse\">Communiqu\u00e9s de presse<\/a><\/div><div class=\"nav-category \"><a href=\"https:\/\/www.swiss-streethockey.ch\/news\/non-categorise\">Non cat\u00e9goris\u00e9<\/a><\/div><div class=\"nav-category \"><a href=\"https:\/\/www.swiss-streethockey.ch\/news\/operations-de-jeu\">Op\u00e9rations de jeu<\/a><\/div>\n                            <\/div>\n                        <\/div>\n                    <\/div>\n                <\/div>\n            <\/section>\n            \n            <div class=\"container\">\n                <div class=\"row d-flex\">\n            \n                    <div class=\"col-md-4 d-flex newsteaserbox\">\n                      <a href=\"https:\/\/www.swiss-streethockey.ch\/fr\/mvp-hockey-devient-le-nouveau-sponsor-principal\/\">\n                        <div class=\" flex-fill\">\n                            <div class=\"teaserbox__image\">\n                                <img decoding=\"async\" src=\"https:\/\/www.swiss-streethockey.ch\/wp-content\/uploads\/MVP-Hockey.png\" alt=\"MVP Hockey devient le nouveau sponsor principal\" class=\"img-fluid\" \/>\n                            <\/div>\n                            <div class=\"newsteaserbox__content\">\n                                <div class=\"newsteaserbox__content-date\">15.01.2026<\/div>\n                                <div class=\"newsteaserbox__content-headline\">MVP Hockey devient le nouveau sponsor principal<\/div>\n                                <div class=\"newsteaserbox__content-subline\">\n                                        <div class=\"newsteaserbox__content-subline-category\">Association<\/div>\n                                        <div class=\"newsteaserbox__content-subline-more\">\n                                            <svg width=\"12\" height=\"18\" viewBox=\"0 0 12 18\" fill=\"none\" xmlns=\"http:\/\/www.w3.org\/2000\/svg\">\n                                                <path d=\"M1.98511 18L11.5 9.00344L1.98511 0L0.5 1.40528L8.52978 9.00344L0.5 16.6016L1.98511 18Z\" fill=\"white\"\/>\n                                            <\/svg>\n                                        <\/div>\n                                    <\/div>\n                            <\/div>\n                        <\/div>\n                      <\/a>\n                    <\/div>\n                    <div class=\"col-md-4 d-flex newsteaserbox\">\n                      <a href=\"https:\/\/www.swiss-streethockey.ch\/fr\/isbhf-michal-laczko-elu-arbitre-de-lannee-2025\/\">\n                        <div class=\" flex-fill\">\n                            <div class=\"teaserbox__image\">\n                                <img decoding=\"async\" src=\"https:\/\/www.swiss-streethockey.ch\/wp-content\/uploads\/Michal-Laczko-ISBHF-swiss-streethockey.jpg\" alt=\"ISBHF: Michal Laczko \u00e9lu arbitre de l&rsquo;ann\u00e9e 2025\" class=\"img-fluid\" \/>\n                            <\/div>\n                            <div class=\"newsteaserbox__content\">\n                                <div class=\"newsteaserbox__content-date\">31.12.2025<\/div>\n                                <div class=\"newsteaserbox__content-headline\">ISBHF: Michal Laczko \u00e9lu arbitre de l&rsquo;ann\u00e9e 2025<\/div>\n                                <div class=\"newsteaserbox__content-subline\">\n                                        <div class=\"newsteaserbox__content-subline-category\">\u00c9v\u00e9nement<\/div>\n                                        <div class=\"newsteaserbox__content-subline-more\">\n                                            <svg width=\"12\" height=\"18\" viewBox=\"0 0 12 18\" fill=\"none\" xmlns=\"http:\/\/www.w3.org\/2000\/svg\">\n                                                <path d=\"M1.98511 18L11.5 9.00344L1.98511 0L0.5 1.40528L8.52978 9.00344L0.5 16.6016L1.98511 18Z\" fill=\"white\"\/>\n                                            <\/svg>\n                                        <\/div>\n                                    <\/div>\n                            <\/div>\n                        <\/div>\n                      <\/a>\n                    <\/div>\n                    <div class=\"col-md-4 d-flex newsteaserbox\">\n                      <a href=\"https:\/\/www.swiss-streethockey.ch\/fr\/nouveau-mode-a-partir-de-la-saison-2025-26\/\">\n                        <div class=\" flex-fill\">\n                            <div class=\"teaserbox__image\">\n                                <img decoding=\"async\" src=\"https:\/\/www.swiss-streethockey.ch\/wp-content\/uploads\/A037ED2B-027C-4451-8ECD-09226A9A3A8C_1_105_c.jpeg\" alt=\"Nouveau mode \u00e0 partir de la saison 2025\/26\" class=\"img-fluid\" \/>\n                            <\/div>\n                            <div class=\"newsteaserbox__content\">\n                                <div class=\"newsteaserbox__content-date\">28.08.2025<\/div>\n                                <div class=\"newsteaserbox__content-headline\">Nouveau mode \u00e0 partir de la saison 2025\/26<\/div>\n                                <div class=\"newsteaserbox__content-subline\">\n                                        <div class=\"newsteaserbox__content-subline-category\">Association<\/div>\n                                        <div class=\"newsteaserbox__content-subline-more\">\n                                            <svg width=\"12\" height=\"18\" viewBox=\"0 0 12 18\" fill=\"none\" xmlns=\"http:\/\/www.w3.org\/2000\/svg\">\n                                                <path d=\"M1.98511 18L11.5 9.00344L1.98511 0L0.5 1.40528L8.52978 9.00344L0.5 16.6016L1.98511 18Z\" fill=\"white\"\/>\n                                            <\/svg>\n                                        <\/div>\n                                    <\/div>\n                            <\/div>\n                        <\/div>\n                      <\/a>\n                    <\/div>\n                        <\/div>\n                        <div class=\"row d-flex\">\n                    <div class=\"col-md-4 d-flex newsteaserbox\">\n                      <a href=\"https:\/\/www.swiss-streethockey.ch\/fr\/swiss-streethockey-presente-sa-nouvelle-image-de-marque\/\">\n                        <div class=\" flex-fill\">\n                            <div class=\"teaserbox__image\">\n                                <img decoding=\"async\" src=\"https:\/\/www.swiss-streethockey.ch\/wp-content\/uploads\/Rebrand_Visual_1.jpg\" alt=\"Swiss Streethockey pr\u00e9sente sa nouvelle image de marque\" class=\"img-fluid\" \/>\n                            <\/div>\n                            <div class=\"newsteaserbox__content\">\n                                <div class=\"newsteaserbox__content-date\">01.07.2025<\/div>\n                                <div class=\"newsteaserbox__content-headline\">Swiss Streethockey pr\u00e9sente sa nouvelle image de marque<\/div>\n                                <div class=\"newsteaserbox__content-subline\">\n                                        <div class=\"newsteaserbox__content-subline-category\">Communiqu\u00e9s de presse<\/div>\n                                        <div class=\"newsteaserbox__content-subline-more\">\n                                            <svg width=\"12\" height=\"18\" viewBox=\"0 0 12 18\" fill=\"none\" xmlns=\"http:\/\/www.w3.org\/2000\/svg\">\n                                                <path d=\"M1.98511 18L11.5 9.00344L1.98511 0L0.5 1.40528L8.52978 9.00344L0.5 16.6016L1.98511 18Z\" fill=\"white\"\/>\n                                            <\/svg>\n                                        <\/div>\n                                    <\/div>\n                            <\/div>\n                        <\/div>\n                      <\/a>\n                    <\/div>\n                    <div class=\"col-md-4 d-flex newsteaserbox\">\n                      <a href=\"https:\/\/www.swiss-streethockey.ch\/fr\/trois-arbitres-suisses-nommes-pour-les-isbhf-world-junior-championships-2025\/\">\n                        <div class=\" flex-fill\">\n                            <div class=\"teaserbox__image\">\n                                <img decoding=\"async\" src=\"https:\/\/www.swiss-streethockey.ch\/wp-content\/uploads\/swissstreethockeyreferees-1.jpeg\" alt=\"Trois arbitres suisses nomm\u00e9s pour les ISBHF World Junior Championships 2025\" class=\"img-fluid\" \/>\n                            <\/div>\n                            <div class=\"newsteaserbox__content\">\n                                <div class=\"newsteaserbox__content-date\">29.04.2025<\/div>\n                                <div class=\"newsteaserbox__content-headline\">Trois arbitres suisses nomm\u00e9s pour les ISBHF World Junior Championships 2025<\/div>\n                                <div class=\"newsteaserbox__content-subline\">\n                                        <div class=\"newsteaserbox__content-subline-category\">\u00c9v\u00e9nement<\/div>\n                                        <div class=\"newsteaserbox__content-subline-more\">\n                                            <svg width=\"12\" height=\"18\" viewBox=\"0 0 12 18\" fill=\"none\" xmlns=\"http:\/\/www.w3.org\/2000\/svg\">\n                                                <path d=\"M1.98511 18L11.5 9.00344L1.98511 0L0.5 1.40528L8.52978 9.00344L0.5 16.6016L1.98511 18Z\" fill=\"white\"\/>\n                                            <\/svg>\n                                        <\/div>\n                                    <\/div>\n                            <\/div>\n                        <\/div>\n                      <\/a>\n                    <\/div>\n                    <div class=\"col-md-4 d-flex newsteaserbox\">\n                      <a href=\"https:\/\/www.swiss-streethockey.ch\/fr\/faites-le-plein-et-soutenez-votre-association\/\">\n                        <div class=\" flex-fill\">\n                            <div class=\"teaserbox__image\">\n                                <img decoding=\"async\" src=\"https:\/\/www.swiss-streethockey.ch\/wp-content\/uploads\/avia-karte.png\" alt=\"Faites le plein et soutenez votre association !\" class=\"img-fluid\" \/>\n                            <\/div>\n                            <div class=\"newsteaserbox__content\">\n                                <div class=\"newsteaserbox__content-date\">19.03.2025<\/div>\n                                <div class=\"newsteaserbox__content-headline\">Faites le plein et soutenez votre association !<\/div>\n                                <div class=\"newsteaserbox__content-subline\">\n                                        <div class=\"newsteaserbox__content-subline-category\">Communiqu\u00e9s de presse<\/div>\n                                        <div class=\"newsteaserbox__content-subline-more\">\n                                            <svg width=\"12\" height=\"18\" viewBox=\"0 0 12 18\" fill=\"none\" xmlns=\"http:\/\/www.w3.org\/2000\/svg\">\n                                                <path d=\"M1.98511 18L11.5 9.00344L1.98511 0L0.5 1.40528L8.52978 9.00344L0.5 16.6016L1.98511 18Z\" fill=\"white\"\/>\n                                            <\/svg>\n                                        <\/div>\n                                    <\/div>\n                            <\/div>\n                        <\/div>\n                      <\/a>\n                    <\/div>\n                        <\/div>\n                        <div class=\"row d-flex\">\n                    <div class=\"col-md-4 d-flex newsteaserbox\">\n                      <a href=\"https:\/\/www.swiss-streethockey.ch\/fr\/nomination-arbitre-cm-dames-hommes-viege-raron\/\">\n                        <div class=\" flex-fill\">\n                            <div class=\"teaserbox__image\">\n                                <img decoding=\"async\" src=\"https:\/\/www.swiss-streethockey.ch\/wp-content\/uploads\/WMSchiedsrichter2024.png\" alt=\"Nomination : Arbitre CM Dames-Hommes Vi\u00e8ge-Raron\" class=\"img-fluid\" \/>\n                            <\/div>\n                            <div class=\"newsteaserbox__content\">\n                                <div class=\"newsteaserbox__content-date\">07.05.2024<\/div>\n                                <div class=\"newsteaserbox__content-headline\">Nomination : Arbitre CM Dames-Hommes Vi\u00e8ge-Raron<\/div>\n                                <div class=\"newsteaserbox__content-subline\">\n                                        <div class=\"newsteaserbox__content-subline-category\">\u00c9v\u00e9nement<\/div>\n                                        <div class=\"newsteaserbox__content-subline-more\">\n                                            <svg width=\"12\" height=\"18\" viewBox=\"0 0 12 18\" fill=\"none\" xmlns=\"http:\/\/www.w3.org\/2000\/svg\">\n                                                <path d=\"M1.98511 18L11.5 9.00344L1.98511 0L0.5 1.40528L8.52978 9.00344L0.5 16.6016L1.98511 18Z\" fill=\"white\"\/>\n                                            <\/svg>\n                                        <\/div>\n                                    <\/div>\n                            <\/div>\n                        <\/div>\n                      <\/a>\n                    <\/div>\n                    <div class=\"col-md-4 d-flex newsteaserbox\">\n                      <a href=\"https:\/\/www.swiss-streethockey.ch\/fr\/equipe-nationale-feminine-lequipe-est-connue\/\">\n                        <div class=\" flex-fill\">\n                            <div class=\"teaserbox__image\">\n                                <img decoding=\"async\" src=\"https:\/\/www.swiss-streethockey.ch\/wp-content\/uploads\/Damennationalteam.png\" alt=\"\u00c9quipe nationale f\u00e9minine : l&rsquo;\u00e9quipe est connue !\" class=\"img-fluid\" \/>\n                            <\/div>\n                            <div class=\"newsteaserbox__content\">\n                                <div class=\"newsteaserbox__content-date\">04.03.2024<\/div>\n                                <div class=\"newsteaserbox__content-headline\">\u00c9quipe nationale f\u00e9minine : l&rsquo;\u00e9quipe est connue !<\/div>\n                                <div class=\"newsteaserbox__content-subline\">\n                                        <div class=\"newsteaserbox__content-subline-category\">\u00c9quipes nationales<\/div>\n                                        <div class=\"newsteaserbox__content-subline-more\">\n                                            <svg width=\"12\" height=\"18\" viewBox=\"0 0 12 18\" fill=\"none\" xmlns=\"http:\/\/www.w3.org\/2000\/svg\">\n                                                <path d=\"M1.98511 18L11.5 9.00344L1.98511 0L0.5 1.40528L8.52978 9.00344L0.5 16.6016L1.98511 18Z\" fill=\"white\"\/>\n                                            <\/svg>\n                                        <\/div>\n                                    <\/div>\n                            <\/div>\n                        <\/div>\n                      <\/a>\n                    <\/div>\n                    <div class=\"col-md-4 d-flex newsteaserbox\">\n                      <a href=\"https:\/\/www.swiss-streethockey.ch\/fr\/mode-lna-lnb-promotion-et-relegation-saison-2023-24\/\">\n                        <div class=\" flex-fill\">\n                            <div class=\"teaserbox__image\">\n                                <img decoding=\"async\" src=\"https:\/\/www.swiss-streethockey.ch\/wp-content\/uploads\/modus.jpg\" alt=\"Mode LNA \/ LNB : promotion et rel\u00e9gation saison 2023\/24\" class=\"img-fluid\" \/>\n                            <\/div>\n                            <div class=\"newsteaserbox__content\">\n                                <div class=\"newsteaserbox__content-date\">20.12.2023<\/div>\n                                <div class=\"newsteaserbox__content-headline\">Mode LNA \/ LNB : promotion et rel\u00e9gation saison 2023\/24<\/div>\n                                <div class=\"newsteaserbox__content-subline\">\n                                        <div class=\"newsteaserbox__content-subline-category\">Communiqu\u00e9s de presse<\/div>\n                                        <div class=\"newsteaserbox__content-subline-more\">\n                                            <svg width=\"12\" height=\"18\" viewBox=\"0 0 12 18\" fill=\"none\" xmlns=\"http:\/\/www.w3.org\/2000\/svg\">\n                                                <path d=\"M1.98511 18L11.5 9.00344L1.98511 0L0.5 1.40528L8.52978 9.00344L0.5 16.6016L1.98511 18Z\" fill=\"white\"\/>\n                                            <\/svg>\n                                        <\/div>\n                                    <\/div>\n                            <\/div>\n                        <\/div>\n                      <\/a>\n                    <\/div>\n                        <\/div>\n                        <div class=\"row d-flex\">\n            <\/div>\n            <div class=\"row\">\n                <div class=\"col-md-12\">\n                    \n                <\/div>\n            <\/div>\n        <\/div>\n        [\/vc_column][\/vc_row]<\/p>\n<\/div>","protected":false},"excerpt":{"rendered":"<p>[vc_row][vc_column][\/vc_column][\/vc_row]<\/p>\n","protected":false},"author":1,"featured_media":0,"parent":1374,"menu_order":10,"comment_status":"closed","ping_status":"closed","template":"page-news.php","meta":{"_acf_changed":false,"footnotes":""},"class_list":["post-1379","page","type-page","status-publish","hentry"],"acf":[],"_links":{"self":[{"href":"https:\/\/www.swiss-streethockey.ch\/fr\/wp-json\/wp\/v2\/pages\/1379","targetHints":{"allow":["GET"]}}],"collection":[{"href":"https:\/\/www.swiss-streethockey.ch\/fr\/wp-json\/wp\/v2\/pages"}],"about":[{"href":"https:\/\/www.swiss-streethockey.ch\/fr\/wp-json\/wp\/v2\/types\/page"}],"author":[{"embeddable":true,"href":"https:\/\/www.swiss-streethockey.ch\/fr\/wp-json\/wp\/v2\/users\/1"}],"replies":[{"embeddable":true,"href":"https:\/\/www.swiss-streethockey.ch\/fr\/wp-json\/wp\/v2\/comments?post=1379"}],"version-history":[{"count":2,"href":"https:\/\/www.swiss-streethockey.ch\/fr\/wp-json\/wp\/v2\/pages\/1379\/revisions"}],"predecessor-version":[{"id":1747,"href":"https:\/\/www.swiss-streethockey.ch\/fr\/wp-json\/wp\/v2\/pages\/1379\/revisions\/1747"}],"up":[{"embeddable":true,"href":"https:\/\/www.swiss-streethockey.ch\/fr\/wp-json\/wp\/v2\/pages\/1374"}],"wp:attachment":[{"href":"https:\/\/www.swiss-streethockey.ch\/fr\/wp-json\/wp\/v2\/media?parent=1379"}],"curies":[{"name":"wp","href":"https:\/\/api.w.org\/{rel}","templated":true}]}}