{"id":1374,"date":"2025-05-02T13:30:28","date_gmt":"2025-05-02T11:30:28","guid":{"rendered":"https:\/\/www.swiss-streethockey.ch\/news\/"},"modified":"2025-07-10T15:12:12","modified_gmt":"2025-07-10T13:12:12","slug":"news","status":"publish","type":"page","link":"https:\/\/www.swiss-streethockey.ch\/fr\/news\/","title":{"rendered":"Actualit\u00e9s"},"content":{"rendered":"<div class=\"wpb-content-wrapper\"><p>[vc_row][vc_column]\n                    <section class=\"streethockey-header header-news\">\n                        <div class=\"container\">\n                            <div class=\"row\">\n                                <div class=\"col-md-5 newsheader-textwrapper mb-5 mb-md-0\">\n                                    <div class=\"news-header\">\n                                        <div class=\"news-header-claim mb-3\">Neueste News<\/div>\n                                        <div class=\"news-header-headline\">La composition d\u00e9finitive des \u00e9quipes nationales masculines<\/div>\n                                    <\/div>\n                                    <div class=\"news-header-subheadline\">\n                                        <div class=\"news-header-subheadline-category\">\u00c9quipes nationales<\/div>\n                                        <div class=\"news-header-subheadline-date\">09.04.2026<\/div>\n                                    <\/div>\n                                <\/div>\n                                <div class=\"col-md-7 news-header-imagewrapper\">\n                                    <a href=\"https:\/\/www.swiss-streethockey.ch\/fr\/la-composition-definitive-des-equipes-nationales-masculines\/\">\n                                        <div class=\"position-relative\"><div class=\"news-header-image\"><img decoding=\"async\" src=\"https:\/\/www.swiss-streethockey.ch\/wp-content\/uploads\/Herren_Nationalteam_LineUp-1.png\" alt=\"La composition d\u00e9finitive des \u00e9quipes nationales masculines\" class=\"img-fluid\" \/><\/div>\n                                            <div class=\"news-header-image-overlay position-absolute\">\n                                                <div href=\"https:\/\/www.swiss-streethockey.ch\/fr\/la-composition-definitive-des-equipes-nationales-masculines\/\">\n                                                    <svg width=\"12\" height=\"18\" viewBox=\"0 0 12 18\" fill=\"none\" xmlns=\"http:\/\/www.w3.org\/2000\/svg\">\n                                                        <path d=\"M1.98511 18L11.5 9.00344L1.98511 0L0.5 1.40528L8.52978 9.00344L0.5 16.6016L1.98511 18Z\" fill=\"white\"\/>\n                                                    <\/svg>\n                                                <\/div>\n                                            <\/div>\n                                        <\/div>\n                                    <\/a>\n                                <\/div>\n                            <\/div>\n                        <\/div>\n                    <\/section>\n\n            \n            <section class=\"news-navigation\">\n                <div class=\"container\">\n                    <div class=\"row\">\n                        <div class=\"col-md-12 news-navigation-items\">\n                            <div class=\"news-header-navigation__title\">Autres nouvelles<\/div>\n                            <div class=\"news-header-navigation__categories\">\n                                <div class=\"nav-category nav-category-active\"><a href=\"https:\/\/www.swiss-streethockey.ch\/news\/\">Tout<\/a><\/div><div class=\"nav-category \"><a href=\"https:\/\/www.swiss-streethockey.ch\/news\/equipes-nationales\">\u00c9quipes nationales<\/a><\/div><div class=\"nav-category \"><a href=\"https:\/\/www.swiss-streethockey.ch\/news\/evenement\">\u00c9v\u00e9nement<\/a><\/div><div class=\"nav-category \"><a href=\"https:\/\/www.swiss-streethockey.ch\/news\/association\">Association<\/a><\/div><div class=\"nav-category \"><a href=\"https:\/\/www.swiss-streethockey.ch\/news\/communiques-de-presse\">Communiqu\u00e9s de presse<\/a><\/div><div class=\"nav-category \"><a href=\"https:\/\/www.swiss-streethockey.ch\/news\/non-categorise\">Non cat\u00e9goris\u00e9<\/a><\/div><div class=\"nav-category \"><a href=\"https:\/\/www.swiss-streethockey.ch\/news\/operations-de-jeu\">Op\u00e9rations de jeu<\/a><\/div>\n                            <\/div>\n                        <\/div>\n                    <\/div>\n                <\/div>\n            <\/section>\n            \n            <div class=\"container\">\n                <div class=\"row d-flex\">\n            \n                    <div class=\"col-md-4 d-flex newsteaserbox\">\n                      <a href=\"https:\/\/www.swiss-streethockey.ch\/fr\/sponsors-de-la-campagne-des-equipes-nationales-pour-les-championnats-du-monde-2026-swiss-streethockey-vous-remercie\/\">\n                        <div class=\" flex-fill\">\n                            <div class=\"teaserbox__image\">\n                                <img decoding=\"async\" src=\"https:\/\/www.swiss-streethockey.ch\/wp-content\/uploads\/nobite_brodard-gastro.png\" alt=\"Sponsors de la campagne des \u00e9quipes nationales pour les Championnats du monde 2026 \u2013 Swiss Streethockey vous remercie\" class=\"img-fluid\" \/>\n                            <\/div>\n                            <div class=\"newsteaserbox__content\">\n                                <div class=\"newsteaserbox__content-date\">25.03.2026<\/div>\n                                <div class=\"newsteaserbox__content-headline\">Sponsors de la campagne des \u00e9quipes nationales pour les Championnats du monde 2026 \u2013 Swiss Streethockey vous remercie<\/div>\n                                <div class=\"newsteaserbox__content-subline\">\n                                        <div class=\"newsteaserbox__content-subline-category\">\u00c9quipes nationales<\/div>\n                                        <div class=\"newsteaserbox__content-subline-more\">\n                                            <svg width=\"12\" height=\"18\" viewBox=\"0 0 12 18\" fill=\"none\" xmlns=\"http:\/\/www.w3.org\/2000\/svg\">\n                                                <path d=\"M1.98511 18L11.5 9.00344L1.98511 0L0.5 1.40528L8.52978 9.00344L0.5 16.6016L1.98511 18Z\" fill=\"white\"\/>\n                                            <\/svg>\n                                        <\/div>\n                                    <\/div>\n                            <\/div>\n                        <\/div>\n                      <\/a>\n                    <\/div>\n                    <div class=\"col-md-4 d-flex newsteaserbox\">\n                      <a href=\"https:\/\/www.swiss-streethockey.ch\/fr\/la-composition-definitive-de-lequipe-nationale-feminine-suisse-de-street-hockey-pour-les-championnats-du-monde-a-ostrava-est-desormais-connue\/\">\n                        <div class=\" flex-fill\">\n                            <div class=\"teaserbox__image\">\n                                <img decoding=\"async\" src=\"https:\/\/www.swiss-streethockey.ch\/wp-content\/uploads\/Damen_Nationalteam_LineUp-1.png\" alt=\"La composition d\u00e9finitive de l&rsquo;\u00e9quipe nationale f\u00e9minine suisse de street hockey pour les Championnats du monde \u00e0 Ostrava est d\u00e9sormais connue\" class=\"img-fluid\" \/>\n                            <\/div>\n                            <div class=\"newsteaserbox__content\">\n                                <div class=\"newsteaserbox__content-date\">03.02.2026<\/div>\n                                <div class=\"newsteaserbox__content-headline\">La composition d\u00e9finitive de l&rsquo;\u00e9quipe nationale f\u00e9minine suisse de street hockey pour les Championnats du monde \u00e0 Ostrava est d\u00e9sormais connue<\/div>\n                                <div class=\"newsteaserbox__content-subline\">\n                                        <div class=\"newsteaserbox__content-subline-category\">\u00c9quipes nationales<\/div>\n                                        <div class=\"newsteaserbox__content-subline-more\">\n                                            <svg width=\"12\" height=\"18\" viewBox=\"0 0 12 18\" fill=\"none\" xmlns=\"http:\/\/www.w3.org\/2000\/svg\">\n                                                <path d=\"M1.98511 18L11.5 9.00344L1.98511 0L0.5 1.40528L8.52978 9.00344L0.5 16.6016L1.98511 18Z\" fill=\"white\"\/>\n                                            <\/svg>\n                                        <\/div>\n                                    <\/div>\n                            <\/div>\n                        <\/div>\n                      <\/a>\n                    <\/div>\n                    <div class=\"col-md-4 d-flex newsteaserbox\">\n                      <a href=\"https:\/\/www.swiss-streethockey.ch\/fr\/mvp-hockey-devient-le-nouveau-sponsor-principal\/\">\n                        <div class=\" flex-fill\">\n                            <div class=\"teaserbox__image\">\n                                <img decoding=\"async\" src=\"https:\/\/www.swiss-streethockey.ch\/wp-content\/uploads\/MVP-Hockey.png\" alt=\"MVP Hockey devient le nouveau sponsor principal\" class=\"img-fluid\" \/>\n                            <\/div>\n                            <div class=\"newsteaserbox__content\">\n                                <div class=\"newsteaserbox__content-date\">15.01.2026<\/div>\n                                <div class=\"newsteaserbox__content-headline\">MVP Hockey devient le nouveau sponsor principal<\/div>\n                                <div class=\"newsteaserbox__content-subline\">\n                                        <div class=\"newsteaserbox__content-subline-category\">Association<\/div>\n                                        <div class=\"newsteaserbox__content-subline-more\">\n                                            <svg width=\"12\" height=\"18\" viewBox=\"0 0 12 18\" fill=\"none\" xmlns=\"http:\/\/www.w3.org\/2000\/svg\">\n                                                <path d=\"M1.98511 18L11.5 9.00344L1.98511 0L0.5 1.40528L8.52978 9.00344L0.5 16.6016L1.98511 18Z\" fill=\"white\"\/>\n                                            <\/svg>\n                                        <\/div>\n                                    <\/div>\n                            <\/div>\n                        <\/div>\n                      <\/a>\n                    <\/div>\n                        <\/div>\n                        <div class=\"row d-flex\">\n                    <div class=\"col-md-4 d-flex newsteaserbox\">\n                      <a href=\"https:\/\/www.swiss-streethockey.ch\/fr\/isbhf-michal-laczko-elu-arbitre-de-lannee-2025\/\">\n                        <div class=\" flex-fill\">\n                            <div class=\"teaserbox__image\">\n                                <img decoding=\"async\" src=\"https:\/\/www.swiss-streethockey.ch\/wp-content\/uploads\/Michal-Laczko-ISBHF-swiss-streethockey.jpg\" alt=\"ISBHF: Michal Laczko \u00e9lu arbitre de l&rsquo;ann\u00e9e 2025\" class=\"img-fluid\" \/>\n                            <\/div>\n                            <div class=\"newsteaserbox__content\">\n                                <div class=\"newsteaserbox__content-date\">31.12.2025<\/div>\n                                <div class=\"newsteaserbox__content-headline\">ISBHF: Michal Laczko \u00e9lu arbitre de l&rsquo;ann\u00e9e 2025<\/div>\n                                <div class=\"newsteaserbox__content-subline\">\n                                        <div class=\"newsteaserbox__content-subline-category\">\u00c9v\u00e9nement<\/div>\n                                        <div class=\"newsteaserbox__content-subline-more\">\n                                            <svg width=\"12\" height=\"18\" viewBox=\"0 0 12 18\" fill=\"none\" xmlns=\"http:\/\/www.w3.org\/2000\/svg\">\n                                                <path d=\"M1.98511 18L11.5 9.00344L1.98511 0L0.5 1.40528L8.52978 9.00344L0.5 16.6016L1.98511 18Z\" fill=\"white\"\/>\n                                            <\/svg>\n                                        <\/div>\n                                    <\/div>\n                            <\/div>\n                        <\/div>\n                      <\/a>\n                    <\/div>\n                    <div class=\"col-md-4 d-flex newsteaserbox\">\n                      <a href=\"https:\/\/www.swiss-streethockey.ch\/fr\/parrainage-des-maillots-dechauffement-soutien-a-nos-equipes-nationales-feminines-masculines-et-u18\/\">\n                        <div class=\" flex-fill\">\n                            <div class=\"teaserbox__image\">\n                                <img decoding=\"async\" src=\"https:\/\/www.swiss-streethockey.ch\/wp-content\/uploads\/SM_Women_1080x1080.png\" alt=\"Parrainage des maillots d&rsquo;\u00e9chauffement: soutien \u00e0 nos \u00e9quipes nationales f\u00e9minines, masculines et U18\" class=\"img-fluid\" \/>\n                            <\/div>\n                            <div class=\"newsteaserbox__content\">\n                                <div class=\"newsteaserbox__content-date\">20.10.2025<\/div>\n                                <div class=\"newsteaserbox__content-headline\">Parrainage des maillots d&rsquo;\u00e9chauffement: soutien \u00e0 nos \u00e9quipes nationales f\u00e9minines, masculines et U18<\/div>\n                                <div class=\"newsteaserbox__content-subline\">\n                                        <div class=\"newsteaserbox__content-subline-category\">\u00c9quipes nationales<\/div>\n                                        <div class=\"newsteaserbox__content-subline-more\">\n                                            <svg width=\"12\" height=\"18\" viewBox=\"0 0 12 18\" fill=\"none\" xmlns=\"http:\/\/www.w3.org\/2000\/svg\">\n                                                <path d=\"M1.98511 18L11.5 9.00344L1.98511 0L0.5 1.40528L8.52978 9.00344L0.5 16.6016L1.98511 18Z\" fill=\"white\"\/>\n                                            <\/svg>\n                                        <\/div>\n                                    <\/div>\n                            <\/div>\n                        <\/div>\n                      <\/a>\n                    <\/div>\n                    <div class=\"col-md-4 d-flex newsteaserbox\">\n                      <a href=\"https:\/\/www.swiss-streethockey.ch\/fr\/transfers-saison-2025-26\/\">\n                        <div class=\" flex-fill\">\n                            <div class=\"teaserbox__image\">\n                                <img decoding=\"async\" src=\"https:\/\/www.swiss-streethockey.ch\/wp-content\/uploads\/swiss-streethockey_foto-patricia-de-luca-scaled.jpeg\" alt=\"Transfers Saison 2025\/26\" class=\"img-fluid\" \/>\n                            <\/div>\n                            <div class=\"newsteaserbox__content\">\n                                <div class=\"newsteaserbox__content-date\">18.09.2025<\/div>\n                                <div class=\"newsteaserbox__content-headline\">Transfers Saison 2025\/26<\/div>\n                                <div class=\"newsteaserbox__content-subline\">\n                                        <div class=\"newsteaserbox__content-subline-category\">Op\u00e9rations de jeu<\/div>\n                                        <div class=\"newsteaserbox__content-subline-more\">\n                                            <svg width=\"12\" height=\"18\" viewBox=\"0 0 12 18\" fill=\"none\" xmlns=\"http:\/\/www.w3.org\/2000\/svg\">\n                                                <path d=\"M1.98511 18L11.5 9.00344L1.98511 0L0.5 1.40528L8.52978 9.00344L0.5 16.6016L1.98511 18Z\" fill=\"white\"\/>\n                                            <\/svg>\n                                        <\/div>\n                                    <\/div>\n                            <\/div>\n                        <\/div>\n                      <\/a>\n                    <\/div>\n                        <\/div>\n                        <div class=\"row d-flex\">\n                    <div class=\"col-md-4 d-flex newsteaserbox\">\n                      <a href=\"https:\/\/www.swiss-streethockey.ch\/fr\/nouveau-mode-a-partir-de-la-saison-2025-26\/\">\n                        <div class=\" flex-fill\">\n                            <div class=\"teaserbox__image\">\n                                <img decoding=\"async\" src=\"https:\/\/www.swiss-streethockey.ch\/wp-content\/uploads\/A037ED2B-027C-4451-8ECD-09226A9A3A8C_1_105_c.jpeg\" alt=\"Nouveau mode \u00e0 partir de la saison 2025\/26\" class=\"img-fluid\" \/>\n                            <\/div>\n                            <div class=\"newsteaserbox__content\">\n                                <div class=\"newsteaserbox__content-date\">28.08.2025<\/div>\n                                <div class=\"newsteaserbox__content-headline\">Nouveau mode \u00e0 partir de la saison 2025\/26<\/div>\n                                <div class=\"newsteaserbox__content-subline\">\n                                        <div class=\"newsteaserbox__content-subline-category\">Association<\/div>\n                                        <div class=\"newsteaserbox__content-subline-more\">\n                                            <svg width=\"12\" height=\"18\" viewBox=\"0 0 12 18\" fill=\"none\" xmlns=\"http:\/\/www.w3.org\/2000\/svg\">\n                                                <path d=\"M1.98511 18L11.5 9.00344L1.98511 0L0.5 1.40528L8.52978 9.00344L0.5 16.6016L1.98511 18Z\" fill=\"white\"\/>\n                                            <\/svg>\n                                        <\/div>\n                                    <\/div>\n                            <\/div>\n                        <\/div>\n                      <\/a>\n                    <\/div>\n                    <div class=\"col-md-4 d-flex newsteaserbox\">\n                      <a href=\"https:\/\/www.swiss-streethockey.ch\/fr\/perrine-bonzon-elue-au-socc-et-a-la-representation-des-entraineurs-au-parlement-du-sport-de-swiss-olypmic\/\">\n                        <div class=\" flex-fill\">\n                            <div class=\"teaserbox__image\">\n                                <img decoding=\"async\" src=\"https:\/\/www.swiss-streethockey.ch\/wp-content\/uploads\/swiss-olympic.jpg\" alt=\"Perrine Bonzon \u00e9lue au SOCC et \u00e0 la repr\u00e9sentation des entra\u00eeneurs au Parlement du sport de Swiss Olypmic\" class=\"img-fluid\" \/>\n                            <\/div>\n                            <div class=\"newsteaserbox__content\">\n                                <div class=\"newsteaserbox__content-date\">03.07.2025<\/div>\n                                <div class=\"newsteaserbox__content-headline\">Perrine Bonzon \u00e9lue au SOCC et \u00e0 la repr\u00e9sentation des entra\u00eeneurs au Parlement du sport de Swiss Olypmic<\/div>\n                                <div class=\"newsteaserbox__content-subline\">\n                                        <div class=\"newsteaserbox__content-subline-category\">Association<\/div>\n                                        <div class=\"newsteaserbox__content-subline-more\">\n                                            <svg width=\"12\" height=\"18\" viewBox=\"0 0 12 18\" fill=\"none\" xmlns=\"http:\/\/www.w3.org\/2000\/svg\">\n                                                <path d=\"M1.98511 18L11.5 9.00344L1.98511 0L0.5 1.40528L8.52978 9.00344L0.5 16.6016L1.98511 18Z\" fill=\"white\"\/>\n                                            <\/svg>\n                                        <\/div>\n                                    <\/div>\n                            <\/div>\n                        <\/div>\n                      <\/a>\n                    <\/div>\n                    <div class=\"col-md-4 d-flex newsteaserbox\">\n                      <a href=\"https:\/\/www.swiss-streethockey.ch\/fr\/swiss-streethockey-presente-sa-nouvelle-image-de-marque\/\">\n                        <div class=\" flex-fill\">\n                            <div class=\"teaserbox__image\">\n                                <img decoding=\"async\" src=\"https:\/\/www.swiss-streethockey.ch\/wp-content\/uploads\/Rebrand_Visual_1.jpg\" alt=\"Swiss Streethockey pr\u00e9sente sa nouvelle image de marque\" class=\"img-fluid\" \/>\n                            <\/div>\n                            <div class=\"newsteaserbox__content\">\n                                <div class=\"newsteaserbox__content-date\">01.07.2025<\/div>\n                                <div class=\"newsteaserbox__content-headline\">Swiss Streethockey pr\u00e9sente sa nouvelle image de marque<\/div>\n                                <div class=\"newsteaserbox__content-subline\">\n                                        <div class=\"newsteaserbox__content-subline-category\">Communiqu\u00e9s de presse<\/div>\n                                        <div class=\"newsteaserbox__content-subline-more\">\n                                            <svg width=\"12\" height=\"18\" viewBox=\"0 0 12 18\" fill=\"none\" xmlns=\"http:\/\/www.w3.org\/2000\/svg\">\n                                                <path d=\"M1.98511 18L11.5 9.00344L1.98511 0L0.5 1.40528L8.52978 9.00344L0.5 16.6016L1.98511 18Z\" fill=\"white\"\/>\n                                            <\/svg>\n                                        <\/div>\n                                    <\/div>\n                            <\/div>\n                        <\/div>\n                      <\/a>\n                    <\/div>\n                        <\/div>\n                        <div class=\"row d-flex\">\n            <\/div>\n            <div class=\"row\">\n                <div class=\"col-md-12\">\n                    <div class=\"paginavigation\"><ul>\n<li class=\"navchevron disabled\"><span><svg width=\"12\" height=\"18\" viewBox=\"0 0 12 18\" fill=\"none\" xmlns=\"http:\/\/www.w3.org\/2000\/svg\"><path d=\"M10.0149 0L0.5 8.99656L10.0149 18L11.5 16.5947L3.47022 8.99656L11.5 1.39844L10.0149 0Z\" fill=\"white\"\/><\/svg><\/span><\/li>\n<li><span>Seite 1<\/span><\/li>\n<li class=\"navchevron\"><a href=\"https:\/\/www.swiss-streethockey.ch\/fr\/wp-json\/wp\/v2\/pages\/1374\/page\/2\/\"><svg width=\"12\" height=\"18\" viewBox=\"0 0 12 18\" fill=\"none\" xmlns=\"http:\/\/www.w3.org\/2000\/svg\"><path d=\"M1.98511 18L11.5 9.00344L1.98511 0L0.5 1.40528L8.52978 9.00344L0.5 16.6016L1.98511 18Z\" fill=\"white\"\/><\/svg><\/a><\/li>\n<\/ul><\/div>\n\n                <\/div>\n            <\/div>\n        <\/div>\n        [\/vc_column][\/vc_row]<\/p>\n<\/div>","protected":false},"excerpt":{"rendered":"<p>[vc_row][vc_column][\/vc_column][\/vc_row]<\/p>\n","protected":false},"author":1,"featured_media":0,"parent":0,"menu_order":50,"comment_status":"closed","ping_status":"closed","template":"page-news.php","meta":{"_acf_changed":false,"footnotes":""},"class_list":["post-1374","page","type-page","status-publish","hentry"],"acf":[],"_links":{"self":[{"href":"https:\/\/www.swiss-streethockey.ch\/fr\/wp-json\/wp\/v2\/pages\/1374","targetHints":{"allow":["GET"]}}],"collection":[{"href":"https:\/\/www.swiss-streethockey.ch\/fr\/wp-json\/wp\/v2\/pages"}],"about":[{"href":"https:\/\/www.swiss-streethockey.ch\/fr\/wp-json\/wp\/v2\/types\/page"}],"author":[{"embeddable":true,"href":"https:\/\/www.swiss-streethockey.ch\/fr\/wp-json\/wp\/v2\/users\/1"}],"replies":[{"embeddable":true,"href":"https:\/\/www.swiss-streethockey.ch\/fr\/wp-json\/wp\/v2\/comments?post=1374"}],"version-history":[{"count":2,"href":"https:\/\/www.swiss-streethockey.ch\/fr\/wp-json\/wp\/v2\/pages\/1374\/revisions"}],"predecessor-version":[{"id":1746,"href":"https:\/\/www.swiss-streethockey.ch\/fr\/wp-json\/wp\/v2\/pages\/1374\/revisions\/1746"}],"wp:attachment":[{"href":"https:\/\/www.swiss-streethockey.ch\/fr\/wp-json\/wp\/v2\/media?parent=1374"}],"curies":[{"name":"wp","href":"https:\/\/api.w.org\/{rel}","templated":true}]}}